{"id":4246,"date":"2024-07-26T13:50:18","date_gmt":"2024-07-26T11:50:18","guid":{"rendered":"https:\/\/sklep.thepartners.pl\/p\/plyta-magnum-100x50x67cm\/"},"modified":"2024-11-06T08:40:42","modified_gmt":"2024-11-06T07:40:42","slug":"plyta-magnum-100x50x67cm","status":"publish","type":"product","link":"https:\/\/sklep.thepartners.pl\/cs\/produkt\/plyta-magnum-100x50x67cm\/","title":{"rendered":"Terasov\u00e1 Dla\u017eba Magnum 100x50x6,7cm"},"content":{"rendered":"<p>Magnum je modern\u00ed terasov\u00e1 dla\u017eba o zv\u011bt\u0161en\u00fdch rozm\u011brech, kter\u00e1 se dokonale hod\u00ed k trendu velkoform\u00e1tov\u00fdch povrchov\u00fdch produkt\u016f. Tento obd\u00e9ln\u00edkov\u00fd, opakovateln\u00fd prvek je ide\u00e1ln\u00ed pro vytv\u00e1\u0159en\u00ed povrch\u016f teras a p\u0159\u00edjezdov\u00fdch cest v modern\u00edm stylu, a\u0165 u\u017e minimalistick\u00fdch nebo efektivn\u00edch.<\/p>\n<p><strong>Vlastnosti dla\u017eby Magnum:<\/strong><\/p>\n<ul>\n<li><strong>Velkoform\u00e1tov\u00fd design:<\/strong> Modern\u00ed estetika, kter\u00e1 zd\u016fraz\u0148uje eleganci ka\u017ed\u00e9ho prostoru.<\/li>\n<li><strong>Univerz\u00e1ln\u00ed pou\u017eit\u00ed:<\/strong> Ide\u00e1ln\u00ed pro terasy a p\u0159\u00edjezdov\u00e9 cesty, kter\u00e9 mohou b\u00fdt zat\u00ed\u017eeny automobilov\u00fdm provozem do 3,5 tuny (za p\u0159edpokladu proveden\u00ed podkladu podle pokyn\u016f v\u00fdrobce).<\/li>\n<\/ul>\n<p>Magnum je ide\u00e1ln\u00edm \u0159e\u0161en\u00edm pro ty, kte\u0159\u00ed cht\u011bj\u00ed modern\u00ed, stylov\u00fd a funk\u010dn\u00ed vzhled sv\u00fdch venkovn\u00edch prostor.<\/p>\n","protected":false},"excerpt":{"rendered":"<blockquote><p><strong>Rozm\u011br desky: 100&#215;50<\/strong><\/p>\n<p><strong>Po\u010det kus\u016f na palet\u011b: 20 = 10m2<\/strong><\/p>\n<p><strong>Zat\u00ed\u017een\u00ed: p\u011b\u0161\u00ed provoz, provoz vozidel do 3,5 tuny<\/strong><\/p><\/blockquote>\n","protected":false},"featured_media":5627,"comment_status":"open","ping_status":"closed","template":"","meta":{"_acf_changed":false},"product_brand":[],"product_cat":[151,152],"product_tag":[854],"class_list":{"0":"post-4246","1":"product","2":"type-product","3":"status-publish","4":"has-post-thumbnail","6":"product_cat-dlazebni-kostky","7":"product_cat-betonova-dlazba","8":"product_tag-magnum-cs","9":"product_shipping_class-transport-the-partners-cs","10":"pa_kolor-gray-cs","11":"pa_kolor-galaxy-white-cs","12":"pa_kolor-galaxy-carbon-cs","13":"pa_kolor-white-cs","14":"pa_kolor-carbon-cs","15":"pa_kolor-steel-cs","16":"pa_kolor-multikolor-diamond-cs","17":"pa_kolor-multikolor-gothic-cs","18":"pa_kolor-multikolor-light-cs","19":"pa_kolor-multikolor-york-cs","20":"pa_producent-bruk-cs","22":"first","23":"onbackorder","24":"taxable","25":"shipping-taxable","26":"purchasable","27":"product-type-variable"},"acf":[],"_links":{"self":[{"href":"https:\/\/sklep.thepartners.pl\/cs\/wp-json\/wp\/v2\/product\/4246","targetHints":{"allow":["GET"]}}],"collection":[{"href":"https:\/\/sklep.thepartners.pl\/cs\/wp-json\/wp\/v2\/product"}],"about":[{"href":"https:\/\/sklep.thepartners.pl\/cs\/wp-json\/wp\/v2\/types\/product"}],"replies":[{"embeddable":true,"href":"https:\/\/sklep.thepartners.pl\/cs\/wp-json\/wp\/v2\/comments?post=4246"}],"wp:featuredmedia":[{"embeddable":true,"href":"https:\/\/sklep.thepartners.pl\/cs\/wp-json\/wp\/v2\/media\/5627"}],"wp:attachment":[{"href":"https:\/\/sklep.thepartners.pl\/cs\/wp-json\/wp\/v2\/media?parent=4246"}],"wp:term":[{"taxonomy":"product_brand","embeddable":true,"href":"https:\/\/sklep.thepartners.pl\/cs\/wp-json\/wp\/v2\/product_brand?post=4246"},{"taxonomy":"product_cat","embeddable":true,"href":"https:\/\/sklep.thepartners.pl\/cs\/wp-json\/wp\/v2\/product_cat?post=4246"},{"taxonomy":"product_tag","embeddable":true,"href":"https:\/\/sklep.thepartners.pl\/cs\/wp-json\/wp\/v2\/product_tag?post=4246"}],"curies":[{"name":"wp","href":"https:\/\/api.w.org\/{rel}","templated":true}]}}