{"id":4311,"date":"2024-07-29T09:26:22","date_gmt":"2024-07-29T07:26:22","guid":{"rendered":"https:\/\/sklep.thepartners.pl\/p\/plyta-tarasowa-simple-40x40x5\/"},"modified":"2024-11-06T08:40:28","modified_gmt":"2024-11-06T07:40:28","slug":"plyta-tarasowa-simple-40x40x5","status":"publish","type":"product","link":"https:\/\/sklep.thepartners.pl\/cs\/produkt\/plyta-tarasowa-simple-40x40x5\/","title":{"rendered":"Terasov\u00e1 Dla\u017eba Simple 40x40x5"},"content":{"rendered":"<div class=\"flex flex-grow flex-col max-w-full\">\n<div class=\"min-h-[20px] text-message flex w-full flex-col items-end gap-2 whitespace-pre-wrap break-words [.text-message+&amp;]:mt-5 overflow-x-auto\" dir=\"auto\" data-message-author-role=\"assistant\" data-message-id=\"73703ea9-d8c8-4c24-b0d6-76654487721a\">\n<div class=\"flex w-full flex-col gap-1 empty:hidden first:pt-[3px]\">\n<div class=\"markdown prose w-full break-words dark:prose-invert light\">\n<p>Terasa deska Simple je \u010dtvercov\u00fd prvek s opakuj\u00edc\u00edm se vzorem, kter\u00fd vynik\u00e1 hladk\u00fdm povrchem a jemn\u011b zaoblenou hranou. D\u00edky sv\u00e9 jednoduchosti a elegantn\u00edmu designu se perfektn\u011b hod\u00ed do jak\u00e9hokoli aran\u017em\u00e1. Terasa deska Simple je ide\u00e1ln\u00ed pro dokon\u010den\u00ed terasy, prostoru kolem baz\u00e9nu nebo chodn\u00edk\u016f u domu, co\u017e nab\u00edz\u00ed nejen estetiku, ale tak\u00e9 funk\u010dnost a trvanlivost.<\/p>\n<\/div>\n<\/div>\n<\/div>\n<\/div>\n","protected":false},"excerpt":{"rendered":"<blockquote><p><strong>Rozm\u011bry desky: 40&#215;40<\/strong><\/p>\n<p><strong>Po\u010det kus\u016f na palet\u011b: 60 = 9,6m2<\/strong><\/p>\n<p><strong>Zat\u00ed\u017een\u00ed: pouze p\u011b\u0161\u00ed provoz<\/strong><\/p><\/blockquote>\n","protected":false},"featured_media":5652,"comment_status":"open","ping_status":"closed","template":"","meta":{"_acf_changed":false},"product_brand":[],"product_cat":[151,152],"product_tag":[856],"class_list":{"0":"post-4311","1":"product","2":"type-product","3":"status-publish","4":"has-post-thumbnail","6":"product_cat-dlazebni-kostky","7":"product_cat-betonova-dlazba","8":"product_tag-simple-cs","9":"product_shipping_class-transport-the-partners-cs","10":"pa_kolor-bianco-cs","11":"pa_kolor-nero-cs","12":"pa_kolor-gray-cs","13":"pa_kolor-galaxy-white-cs","14":"pa_kolor-galaxy-carbon-cs","15":"pa_kolor-white-cs","16":"pa_kolor-carbon-cs","17":"pa_kolor-steel-cs","18":"pa_kolor-grafit","19":"pa_kolor-seda","20":"pa_producent-bruk-cs","22":"first","23":"onbackorder","24":"taxable","25":"shipping-taxable","26":"purchasable","27":"product-type-variable"},"acf":[],"_links":{"self":[{"href":"https:\/\/sklep.thepartners.pl\/cs\/wp-json\/wp\/v2\/product\/4311","targetHints":{"allow":["GET"]}}],"collection":[{"href":"https:\/\/sklep.thepartners.pl\/cs\/wp-json\/wp\/v2\/product"}],"about":[{"href":"https:\/\/sklep.thepartners.pl\/cs\/wp-json\/wp\/v2\/types\/product"}],"replies":[{"embeddable":true,"href":"https:\/\/sklep.thepartners.pl\/cs\/wp-json\/wp\/v2\/comments?post=4311"}],"wp:featuredmedia":[{"embeddable":true,"href":"https:\/\/sklep.thepartners.pl\/cs\/wp-json\/wp\/v2\/media\/5652"}],"wp:attachment":[{"href":"https:\/\/sklep.thepartners.pl\/cs\/wp-json\/wp\/v2\/media?parent=4311"}],"wp:term":[{"taxonomy":"product_brand","embeddable":true,"href":"https:\/\/sklep.thepartners.pl\/cs\/wp-json\/wp\/v2\/product_brand?post=4311"},{"taxonomy":"product_cat","embeddable":true,"href":"https:\/\/sklep.thepartners.pl\/cs\/wp-json\/wp\/v2\/product_cat?post=4311"},{"taxonomy":"product_tag","embeddable":true,"href":"https:\/\/sklep.thepartners.pl\/cs\/wp-json\/wp\/v2\/product_tag?post=4311"}],"curies":[{"name":"wp","href":"https:\/\/api.w.org\/{rel}","templated":true}]}}