{"id":4375,"date":"2024-07-29T13:23:59","date_gmt":"2024-07-29T11:23:59","guid":{"rendered":"https:\/\/sklep.thepartners.pl\/p\/stopien-splitowany-120x35x15\/"},"modified":"2024-11-06T08:39:53","modified_gmt":"2024-11-06T07:39:53","slug":"stopien-splitowany-120x35x15","status":"publish","type":"product","link":"https:\/\/sklep.thepartners.pl\/cs\/produkt\/stopien-splitowany-120x35x15\/","title":{"rendered":"\u0160t\u00edp\u00e1ny schod 120x35x15"},"content":{"rendered":"<p>\u0160t\u00edpan\u00fd schodov\u00fd stupe\u0148 je elegantn\u00ed a odoln\u00fd prvek pro stavbu schod\u016f, ide\u00e1ln\u00ed pro r\u016fzn\u00e9 interi\u00e9rov\u00e9 i venkovn\u00ed \u00fapravy. Vyzna\u010duje se hladk\u00fdmi u\u017eitn\u00fdmi plochami a jednou nepravidelnou (\u0161t\u00edpanou) \u010deln\u00ed stranou, kter\u00e1 dod\u00e1v\u00e1 stupni jedine\u010dn\u00fd vzhled. Dostupn\u00fd v \u0161esti atraktivn\u00edch barv\u00e1ch, umo\u017e\u0148uje jeho p\u0159izp\u016fsoben\u00ed r\u016fzn\u00fdm styl\u016fm, od klasick\u00fdch po modern\u00ed. Mo\u017enost kombinace s palis\u00e1dou splitovanou nab\u00edz\u00ed mo\u017enost vytvo\u0159en\u00ed jednotn\u00fdch a stylov\u00fdch architektonick\u00fdch \u0159e\u0161en\u00ed, kter\u00e1 zd\u016frazn\u00ed jedine\u010dn\u00fd charakter ka\u017ed\u00e9ho prostoru.<\/p>\n<p>&nbsp;<\/p>\n<h4><\/h4>\n","protected":false},"excerpt":{"rendered":"<blockquote><p>Pou\u017eit\u00ed: schodi\u0161t\u011b, r\u00e1mov\u00e1n\u00ed terasy<\/p>\n<p>Jedna plocha rozd\u011blen\u00e1<\/p><\/blockquote>\n","protected":false},"featured_media":5670,"comment_status":"open","ping_status":"closed","template":"","meta":{"_acf_changed":false},"product_brand":[],"product_cat":[151,153],"product_tag":[870],"class_list":{"0":"post-4375","1":"product","2":"type-product","3":"status-publish","4":"has-post-thumbnail","6":"product_cat-dlazebni-kostky","7":"product_cat-betonove-vyrobky","8":"product_tag-stopien-splitowany-cs","9":"product_shipping_class-transport-the-partners-cs","10":"pa_kolor-popielaty-2-cs","11":"pa_kolor-piaskowy-cs","12":"pa_kolor-antracit","13":"pa_kolor-antracitovy-melanz","14":"pa_kolor-york-melanz-cs","15":"pa_kolor-pisecny-melanz","16":"pa_kolor-bialy-cs","17":"pa_producent-bruk-cs","19":"first","20":"onbackorder","21":"taxable","22":"shipping-taxable","23":"purchasable","24":"product-type-variable"},"acf":[],"_links":{"self":[{"href":"https:\/\/sklep.thepartners.pl\/cs\/wp-json\/wp\/v2\/product\/4375","targetHints":{"allow":["GET"]}}],"collection":[{"href":"https:\/\/sklep.thepartners.pl\/cs\/wp-json\/wp\/v2\/product"}],"about":[{"href":"https:\/\/sklep.thepartners.pl\/cs\/wp-json\/wp\/v2\/types\/product"}],"replies":[{"embeddable":true,"href":"https:\/\/sklep.thepartners.pl\/cs\/wp-json\/wp\/v2\/comments?post=4375"}],"wp:featuredmedia":[{"embeddable":true,"href":"https:\/\/sklep.thepartners.pl\/cs\/wp-json\/wp\/v2\/media\/5670"}],"wp:attachment":[{"href":"https:\/\/sklep.thepartners.pl\/cs\/wp-json\/wp\/v2\/media?parent=4375"}],"wp:term":[{"taxonomy":"product_brand","embeddable":true,"href":"https:\/\/sklep.thepartners.pl\/cs\/wp-json\/wp\/v2\/product_brand?post=4375"},{"taxonomy":"product_cat","embeddable":true,"href":"https:\/\/sklep.thepartners.pl\/cs\/wp-json\/wp\/v2\/product_cat?post=4375"},{"taxonomy":"product_tag","embeddable":true,"href":"https:\/\/sklep.thepartners.pl\/cs\/wp-json\/wp\/v2\/product_tag?post=4375"}],"curies":[{"name":"wp","href":"https:\/\/api.w.org\/{rel}","templated":true}]}}