{"id":4447,"date":"2024-07-30T09:41:03","date_gmt":"2024-07-30T07:41:03","guid":{"rendered":"https:\/\/sklep.thepartners.pl\/?post_type=product&#038;p=4447"},"modified":"2024-11-06T08:38:01","modified_gmt":"2024-11-06T07:38:01","slug":"stipana-palisada-40x15x10-kopia","status":"publish","type":"product","link":"https:\/\/sklep.thepartners.pl\/cs\/produkt\/stipana-palisada-40x15x10-kopia\/","title":{"rendered":"\u0160t\u00edpana palis\u00e1da 60x15x10"},"content":{"rendered":"<h4>Palis\u00e1da Splitovan\u00e1 &#8211; Ide\u00e1ln\u00ed Dokon\u010den\u00ed Va\u0161\u00ed Zahrady<\/h4>\n<p>Palis\u00e1da splitovan\u00e1 je jedine\u010dn\u00fd \u0161t\u00edpan\u00fd prvek, kter\u00fd se vyzna\u010duje hladk\u00fdmi stranami a t\u0159emi plochami s nepravideln\u00fdm, p\u0159irozen\u00fdm povrchem. Skv\u011bl\u00e1 jako dokon\u010dovac\u00ed a dekorativn\u00ed prvek do zahrad, soukrom\u00fdch i ve\u0159ejn\u00fdch prostor. K dispozici ve t\u0159ech r\u016fzn\u00fdch v\u00fd\u0161k\u00e1ch a \u0161esti barv\u00e1ch, co\u017e umo\u017e\u0148uje dokonal\u00e9 p\u0159izp\u016fsoben\u00ed ka\u017ed\u00e9mu zahradn\u00edmu uspo\u0159\u00e1d\u00e1n\u00ed.<\/p>\n<h5>Pou\u017eit\u00ed:<\/h5>\n<ul>\n<li><strong>Ploty<\/strong>: Vytv\u00e1\u0159ejte kr\u00e1sn\u00e9, p\u0159irozen\u011b vypadaj\u00edc\u00ed ploty.<\/li>\n<li><strong>Chodn\u00edky a aleje<\/strong>: P\u0159idejte charakter zahradn\u00edm chodn\u00edk\u016fm.<\/li>\n<li><strong>Dekorace<\/strong>: Vytvo\u0159te jedine\u010dn\u00e9 dekorativn\u00ed prvky ve ve\u0159ejn\u00fdch prostor\u00e1ch.<\/li>\n<\/ul>\n","protected":false},"excerpt":{"rendered":"<blockquote><p><strong>Trvanlivost a estetika: Hladk\u00e9 strany a p\u0159irozen\u00fd, nepravideln\u00fd povrch.<\/strong><\/p>\n<p><strong>Univerz\u00e1lnost: Ide\u00e1ln\u00ed do zahrad, soukrom\u00fdch i ve\u0159ejn\u00fdch prostor.<\/strong><\/p>\n<p><strong>V\u00fdb\u011br: 3 v\u00fd\u0161ky a 7 barev pro maxim\u00e1ln\u00ed flexibilitu v uspo\u0159\u00e1d\u00e1n\u00ed.<\/strong><\/p><\/blockquote>\n","protected":false},"featured_media":5710,"comment_status":"open","ping_status":"closed","template":"","meta":{"_acf_changed":false},"product_brand":[],"product_cat":[151,153],"product_tag":[875],"class_list":{"0":"post-4447","1":"product","2":"type-product","3":"status-publish","4":"has-post-thumbnail","6":"product_cat-dlazebni-kostky","7":"product_cat-betonove-vyrobky","8":"product_tag-palisada-cs","9":"product_shipping_class-transport-the-partners-cs","10":"pa_kolor-antracyt-cs","11":"pa_kolor-popielaty-2-cs","12":"pa_kolor-antracitovy-melanz","13":"pa_kolor-york-melanz-cs","14":"pa_kolor-pisecny-melanz","15":"pa_kolor-pisecny","16":"pa_kolor-bialy-cs","17":"pa_producent-bruk-cs","19":"first","20":"onbackorder","21":"taxable","22":"shipping-taxable","23":"purchasable","24":"product-type-variable"},"acf":[],"_links":{"self":[{"href":"https:\/\/sklep.thepartners.pl\/cs\/wp-json\/wp\/v2\/product\/4447","targetHints":{"allow":["GET"]}}],"collection":[{"href":"https:\/\/sklep.thepartners.pl\/cs\/wp-json\/wp\/v2\/product"}],"about":[{"href":"https:\/\/sklep.thepartners.pl\/cs\/wp-json\/wp\/v2\/types\/product"}],"replies":[{"embeddable":true,"href":"https:\/\/sklep.thepartners.pl\/cs\/wp-json\/wp\/v2\/comments?post=4447"}],"wp:featuredmedia":[{"embeddable":true,"href":"https:\/\/sklep.thepartners.pl\/cs\/wp-json\/wp\/v2\/media\/5710"}],"wp:attachment":[{"href":"https:\/\/sklep.thepartners.pl\/cs\/wp-json\/wp\/v2\/media?parent=4447"}],"wp:term":[{"taxonomy":"product_brand","embeddable":true,"href":"https:\/\/sklep.thepartners.pl\/cs\/wp-json\/wp\/v2\/product_brand?post=4447"},{"taxonomy":"product_cat","embeddable":true,"href":"https:\/\/sklep.thepartners.pl\/cs\/wp-json\/wp\/v2\/product_cat?post=4447"},{"taxonomy":"product_tag","embeddable":true,"href":"https:\/\/sklep.thepartners.pl\/cs\/wp-json\/wp\/v2\/product_tag?post=4447"}],"curies":[{"name":"wp","href":"https:\/\/api.w.org\/{rel}","templated":true}]}}