{"id":4502,"date":"2024-07-31T07:26:46","date_gmt":"2024-07-31T05:26:46","guid":{"rendered":"https:\/\/sklep.thepartners.pl\/p\/plyta-chodnikowa-50x50cm\/"},"modified":"2024-11-06T08:37:02","modified_gmt":"2024-11-06T07:37:02","slug":"plyta-chodnikowa-50x50cm","status":"publish","type":"product","link":"https:\/\/sklep.thepartners.pl\/cs\/produkt\/plyta-chodnikowa-50x50cm\/","title":{"rendered":"Chodnikov\u00e1 dla\u017edice 50x50x7cm"},"content":{"rendered":"<p>Chodn\u00edkov\u00e1 deska o rozm\u011brech 50&#215;50 cm je skv\u011bl\u00fdm \u0159e\u0161en\u00edm pro r\u016fzn\u00e9 povrchy. Hod\u00ed se jak na velk\u00e9, tak men\u0161\u00ed plochy, kde je d\u016fle\u017eit\u00fd komfort a pohodl\u00ed. Ide\u00e1ln\u00ed pro chodn\u00edky, p\u0159\u00edjezdov\u00e9 cesty, parkovi\u0161t\u011b, cyklostezky a p\u0159edev\u0161\u00edm pro dom\u00e1c\u00ed prostory. Vhodn\u00e1 k uspo\u0159\u00e1d\u00e1n\u00ed terasy, balkonu, zahrady a okol\u00ed baz\u00e9nu. Vyberte si chodn\u00edkov\u00e9 desky, kter\u00e9 zajist\u00ed estetiku a funk\u010dnost va\u0161eho prost\u0159ed\u00ed.<\/p>\n","protected":false},"excerpt":{"rendered":"<blockquote><p><strong>Vzhled: rovn\u00fd povrch, rovn\u00e9 hrany<\/strong><\/p>\n<p><strong>Tlou\u0161\u0165ka v cm: 7<\/strong><\/p>\n<p><strong>\u00da\u010del pou\u017eit\u00ed: p\u0159\u00edjezdov\u00e1 cesta\/parkovi\u0161t\u011b, chodn\u00edk, terasa, zahrada\/cesty\/uli\u010dky<\/strong><\/p>\n<p><strong>Zat\u00ed\u017een\u00ed: p\u011b\u0161\u00ed provoz, provoz vozidel do 3,5 tuny<\/strong><\/p><\/blockquote>\n","protected":false},"featured_media":5728,"comment_status":"open","ping_status":"closed","template":"","meta":{"_acf_changed":false},"product_brand":[],"product_cat":[151,152],"product_tag":[878],"class_list":{"0":"post-4502","1":"product","2":"type-product","3":"status-publish","4":"has-post-thumbnail","6":"product_cat-dlazebni-kostky","7":"product_cat-betonova-dlazba","8":"product_tag-plyta-chodnikowa-cs","9":"product_shipping_class-transport-the-partners-cs","10":"pa_kolor-seda","11":"pa_producent-bruk-cs","13":"first","14":"instock","15":"taxable","16":"shipping-taxable","17":"purchasable","18":"product-type-simple"},"acf":[],"_links":{"self":[{"href":"https:\/\/sklep.thepartners.pl\/cs\/wp-json\/wp\/v2\/product\/4502","targetHints":{"allow":["GET"]}}],"collection":[{"href":"https:\/\/sklep.thepartners.pl\/cs\/wp-json\/wp\/v2\/product"}],"about":[{"href":"https:\/\/sklep.thepartners.pl\/cs\/wp-json\/wp\/v2\/types\/product"}],"replies":[{"embeddable":true,"href":"https:\/\/sklep.thepartners.pl\/cs\/wp-json\/wp\/v2\/comments?post=4502"}],"wp:featuredmedia":[{"embeddable":true,"href":"https:\/\/sklep.thepartners.pl\/cs\/wp-json\/wp\/v2\/media\/5728"}],"wp:attachment":[{"href":"https:\/\/sklep.thepartners.pl\/cs\/wp-json\/wp\/v2\/media?parent=4502"}],"wp:term":[{"taxonomy":"product_brand","embeddable":true,"href":"https:\/\/sklep.thepartners.pl\/cs\/wp-json\/wp\/v2\/product_brand?post=4502"},{"taxonomy":"product_cat","embeddable":true,"href":"https:\/\/sklep.thepartners.pl\/cs\/wp-json\/wp\/v2\/product_cat?post=4502"},{"taxonomy":"product_tag","embeddable":true,"href":"https:\/\/sklep.thepartners.pl\/cs\/wp-json\/wp\/v2\/product_tag?post=4502"}],"curies":[{"name":"wp","href":"https:\/\/api.w.org\/{rel}","templated":true}]}}