{"id":4529,"date":"2024-07-31T08:48:09","date_gmt":"2024-07-31T06:48:09","guid":{"rendered":"https:\/\/sklep.thepartners.pl\/p\/obrzeze-palisadowe\/"},"modified":"2024-11-06T08:36:56","modified_gmt":"2024-11-06T07:36:56","slug":"obrzeze-palisadowe","status":"publish","type":"product","link":"https:\/\/sklep.thepartners.pl\/cs\/produkt\/obrzeze-palisadowe\/","title":{"rendered":"Obrubn\u00edk zahradn\u00ed palis\u00e1dov\u00fd"},"content":{"rendered":"<p>Paliskov\u00fd obrubn\u00edk je estetick\u00fd a praktick\u00fd dokon\u010dovac\u00ed prvek, ide\u00e1ln\u00ed pro \u00fapravu r\u016fzn\u00fdch povrch\u016f. Skv\u011ble se hod\u00ed k formov\u00e1n\u00ed povrch\u016f a vyty\u010dov\u00e1n\u00ed hranic zelen\u011b. Charakteristick\u00fd tvar p\u0159ipom\u00ednaj\u00edc\u00ed \u0159adu vedle sebe uspo\u0159\u00e1dan\u00fdch \u010dtvercov\u00fdch palis\u00e1d zaji\u0161\u0165uje, \u017ee je nejen funk\u010dn\u00ed, ale tak\u00e9 dekorativn\u00ed. Paliskov\u00fd obrubn\u00edk se hod\u00ed jak do soukrom\u00fdch, tak ve\u0159ejn\u00fdch prostor, dod\u00e1vaj\u00edc\u00ed eleganci a po\u0159\u00e1dek ka\u017ed\u00e9mu prost\u0159ed\u00ed.<\/p>\n","protected":false},"excerpt":{"rendered":"<blockquote><p><strong>Vzhled: pr\u016f\u0159ez p\u0159ipom\u00ednaj\u00edc\u00ed 6 \u010dtvercov\u00fdch palis\u00e1d uspo\u0159\u00e1dan\u00fdch vedle sebe<\/strong><\/p>\n<p><strong>\u00da\u010del dopl\u0148k\u016f: obruba chodn\u00edku, obruba terasy, zahrada: obruba cest, uli\u010dek, schod\u016f<\/strong><\/p><\/blockquote>\n","protected":false},"featured_media":5740,"comment_status":"open","ping_status":"closed","template":"","meta":{"_acf_changed":false},"product_brand":[],"product_cat":[151,153],"product_tag":[880],"class_list":{"0":"post-4529","1":"product","2":"type-product","3":"status-publish","4":"has-post-thumbnail","6":"product_cat-dlazebni-kostky","7":"product_cat-betonove-vyrobky","8":"product_tag-obrzeze-palisadowe-cs","9":"product_shipping_class-transport-the-partners-cs","10":"pa_kolor-grafit","11":"pa_kolor-hnedy","12":"pa_kolor-seda","13":"pa_producent-bruk-cs","15":"first","16":"instock","17":"taxable","18":"shipping-taxable","19":"purchasable","20":"product-type-variable"},"acf":[],"_links":{"self":[{"href":"https:\/\/sklep.thepartners.pl\/cs\/wp-json\/wp\/v2\/product\/4529","targetHints":{"allow":["GET"]}}],"collection":[{"href":"https:\/\/sklep.thepartners.pl\/cs\/wp-json\/wp\/v2\/product"}],"about":[{"href":"https:\/\/sklep.thepartners.pl\/cs\/wp-json\/wp\/v2\/types\/product"}],"replies":[{"embeddable":true,"href":"https:\/\/sklep.thepartners.pl\/cs\/wp-json\/wp\/v2\/comments?post=4529"}],"wp:featuredmedia":[{"embeddable":true,"href":"https:\/\/sklep.thepartners.pl\/cs\/wp-json\/wp\/v2\/media\/5740"}],"wp:attachment":[{"href":"https:\/\/sklep.thepartners.pl\/cs\/wp-json\/wp\/v2\/media?parent=4529"}],"wp:term":[{"taxonomy":"product_brand","embeddable":true,"href":"https:\/\/sklep.thepartners.pl\/cs\/wp-json\/wp\/v2\/product_brand?post=4529"},{"taxonomy":"product_cat","embeddable":true,"href":"https:\/\/sklep.thepartners.pl\/cs\/wp-json\/wp\/v2\/product_cat?post=4529"},{"taxonomy":"product_tag","embeddable":true,"href":"https:\/\/sklep.thepartners.pl\/cs\/wp-json\/wp\/v2\/product_tag?post=4529"}],"curies":[{"name":"wp","href":"https:\/\/api.w.org\/{rel}","templated":true}]}}