{"id":4564,"date":"2024-07-31T09:12:35","date_gmt":"2024-07-31T07:12:35","guid":{"rendered":"https:\/\/sklep.thepartners.pl\/p\/obrzeze-palisadowe-xl\/"},"modified":"2024-11-06T08:36:59","modified_gmt":"2024-11-06T07:36:59","slug":"obrzeze-palisadowe-xl","status":"publish","type":"product","link":"https:\/\/sklep.thepartners.pl\/cs\/produkt\/obrzeze-palisadowe-xl\/","title":{"rendered":"Obrubn\u00edk zahradn\u00ed palis\u00e1dov\u00fd XL"},"content":{"rendered":"<p>Paliskov\u00fd obrubn\u00edk XL je modern\u00ed prvek zahradn\u00ed galanterie, kter\u00fd se vyzna\u010duje tvarem p\u0159ipom\u00ednaj\u00edc\u00edm t\u0159i vedle sebe um\u00edst\u011bn\u00e9 palis\u00e1dy. Je ide\u00e1ln\u00ed pro ohrani\u010den\u00ed stezek, alej\u00ed a prvk\u016f zelen\u00e9 architektury. Skv\u011ble se tak\u00e9 hod\u00ed jako dokon\u010dovac\u00ed prvek teras a schodi\u0161\u0165ov\u00fdch stup\u0148\u016f. D\u00edky zd\u00e1nliv\u00e9 sp\u00e1\u0159e a mikrofaset\u011b m\u00e1 inovativn\u00ed, minimalistick\u00fd design, kter\u00fd se skv\u011ble hod\u00ed do modern\u00edho okol\u00ed domu. V\u00fdborn\u011b dopl\u0148uje aran\u017eaci, pokud je pou\u017e\u00edv\u00e1n spolu s dal\u0161\u00edmi produkty Bruk s povrchem Royal, jako jsou zahradn\u00ed bloky nebo schodi\u0161\u0165ov\u00e9 stupn\u011b.<\/p>\n","protected":false},"excerpt":{"rendered":"<blockquote><p><strong>Vzhled: kv\u00e1drov\u00fd tvar, pr\u016f\u0159ez p\u0159ipom\u00ednaj\u00edc\u00ed t\u0159i palis\u00e1dy um\u00edst\u011bn\u00e9 vedle sebe<\/strong><\/p>\n<p><strong>\u00da\u010del dopl\u0148k\u016f: obruba chodn\u00edku, obruba terasy, zahrada: obruba cest, uli\u010dek, schod\u016f<\/strong><\/p><\/blockquote>\n","protected":false},"featured_media":5748,"comment_status":"open","ping_status":"closed","template":"","meta":{"_acf_changed":false},"product_brand":[],"product_cat":[151,153],"product_tag":[880],"class_list":{"0":"post-4564","1":"product","2":"type-product","3":"status-publish","4":"has-post-thumbnail","6":"product_cat-dlazebni-kostky","7":"product_cat-betonove-vyrobky","8":"product_tag-obrzeze-palisadowe-cs","9":"product_shipping_class-transport-the-partners-cs","10":"pa_kolor-seda-cs","11":"pa_kolor-antracit","12":"pa_kolor-hnedy","13":"pa_producent-bruk-cs","15":"first","16":"instock","17":"taxable","18":"shipping-taxable","19":"purchasable","20":"product-type-variable"},"acf":[],"_links":{"self":[{"href":"https:\/\/sklep.thepartners.pl\/cs\/wp-json\/wp\/v2\/product\/4564","targetHints":{"allow":["GET"]}}],"collection":[{"href":"https:\/\/sklep.thepartners.pl\/cs\/wp-json\/wp\/v2\/product"}],"about":[{"href":"https:\/\/sklep.thepartners.pl\/cs\/wp-json\/wp\/v2\/types\/product"}],"replies":[{"embeddable":true,"href":"https:\/\/sklep.thepartners.pl\/cs\/wp-json\/wp\/v2\/comments?post=4564"}],"wp:featuredmedia":[{"embeddable":true,"href":"https:\/\/sklep.thepartners.pl\/cs\/wp-json\/wp\/v2\/media\/5748"}],"wp:attachment":[{"href":"https:\/\/sklep.thepartners.pl\/cs\/wp-json\/wp\/v2\/media?parent=4564"}],"wp:term":[{"taxonomy":"product_brand","embeddable":true,"href":"https:\/\/sklep.thepartners.pl\/cs\/wp-json\/wp\/v2\/product_brand?post=4564"},{"taxonomy":"product_cat","embeddable":true,"href":"https:\/\/sklep.thepartners.pl\/cs\/wp-json\/wp\/v2\/product_cat?post=4564"},{"taxonomy":"product_tag","embeddable":true,"href":"https:\/\/sklep.thepartners.pl\/cs\/wp-json\/wp\/v2\/product_tag?post=4564"}],"curies":[{"name":"wp","href":"https:\/\/api.w.org\/{rel}","templated":true}]}}