{"id":4593,"date":"2024-08-02T08:51:01","date_gmt":"2024-08-02T06:51:01","guid":{"rendered":"https:\/\/sklep.thepartners.pl\/p\/obrzeze-6x20x100\/"},"modified":"2024-11-06T08:36:47","modified_gmt":"2024-11-06T07:36:47","slug":"obrzeze-6x20x100","status":"publish","type":"product","link":"https:\/\/sklep.thepartners.pl\/cs\/produkt\/obrzeze-6x20x100\/","title":{"rendered":"Zahradn\u00ed Obrubn\u00edk 6x20x100 cm"},"content":{"rendered":"<p>Obrubn\u00edk o rozm\u011brech 6x20x100 cm je ide\u00e1ln\u00edm \u0159e\u0161en\u00edm pro dokon\u010den\u00ed teras, parkov\u00fdch alej\u00ed, zahradn\u00edch stezek, chodn\u00edk\u016f, n\u00e1dvo\u0159\u00ed a pr\u016fchod\u016f. Jeho univerz\u00e1ln\u00ed vzor skl\u00e1daj\u00edc\u00ed se z jednoho opakuj\u00edc\u00edho se prvku zaji\u0161\u0165uje elegantn\u00ed a estetick\u00e9 zakon\u010den\u00ed ka\u017ed\u00e9ho projektu. D\u00edky trvanliv\u00fdm materi\u00e1l\u016fm a pevn\u00e9 konstrukci obrubn\u00edk nab\u00edz\u00ed dlouhou \u017eivotnost a estetick\u00fd vzhled po mnoho let. Ide\u00e1ln\u00ed pro ty, kte\u0159\u00ed hledaj\u00ed funk\u010dn\u00ed a stylov\u00e1 \u0159e\u0161en\u00ed pro \u00fapravu venkovn\u00edch prostor.<\/p>\n","protected":false},"excerpt":{"rendered":"<p>Vzhled: tvar kv\u00e1dru<br \/>\nBetonov\u00e9 v\u00fdrobky &#8211; pou\u017eit\u00ed : lemov\u00e1n\u00ed zahradn\u00edch p\u011b\u0161in, lemov\u00e1n\u00ed chodn\u00edk\u016f, lemov\u00e1n\u00ed teras<\/p>\n","protected":false},"featured_media":5780,"comment_status":"open","ping_status":"closed","template":"","meta":{"_acf_changed":false},"product_brand":[],"product_cat":[151,153],"product_tag":[894],"class_list":{"0":"post-4593","1":"product","2":"type-product","3":"status-publish","4":"has-post-thumbnail","6":"product_cat-dlazebni-kostky","7":"product_cat-betonove-vyrobky","8":"product_tag-obrzeze-cs","9":"product_shipping_class-transport-the-partners-cs","10":"pa_kolor-grafit","11":"pa_kolor-seda","12":"pa_producent-bruk-cs","14":"first","15":"instock","16":"taxable","17":"shipping-taxable","18":"purchasable","19":"product-type-variable"},"acf":[],"_links":{"self":[{"href":"https:\/\/sklep.thepartners.pl\/cs\/wp-json\/wp\/v2\/product\/4593","targetHints":{"allow":["GET"]}}],"collection":[{"href":"https:\/\/sklep.thepartners.pl\/cs\/wp-json\/wp\/v2\/product"}],"about":[{"href":"https:\/\/sklep.thepartners.pl\/cs\/wp-json\/wp\/v2\/types\/product"}],"replies":[{"embeddable":true,"href":"https:\/\/sklep.thepartners.pl\/cs\/wp-json\/wp\/v2\/comments?post=4593"}],"wp:featuredmedia":[{"embeddable":true,"href":"https:\/\/sklep.thepartners.pl\/cs\/wp-json\/wp\/v2\/media\/5780"}],"wp:attachment":[{"href":"https:\/\/sklep.thepartners.pl\/cs\/wp-json\/wp\/v2\/media?parent=4593"}],"wp:term":[{"taxonomy":"product_brand","embeddable":true,"href":"https:\/\/sklep.thepartners.pl\/cs\/wp-json\/wp\/v2\/product_brand?post=4593"},{"taxonomy":"product_cat","embeddable":true,"href":"https:\/\/sklep.thepartners.pl\/cs\/wp-json\/wp\/v2\/product_cat?post=4593"},{"taxonomy":"product_tag","embeddable":true,"href":"https:\/\/sklep.thepartners.pl\/cs\/wp-json\/wp\/v2\/product_tag?post=4593"}],"curies":[{"name":"wp","href":"https:\/\/api.w.org\/{rel}","templated":true}]}}