{"id":4609,"date":"2024-08-02T10:52:28","date_gmt":"2024-08-02T08:52:28","guid":{"rendered":"https:\/\/sklep.thepartners.pl\/p\/obrzeze-8x25x100\/"},"modified":"2024-11-06T08:36:58","modified_gmt":"2024-11-06T07:36:58","slug":"obrzeze-8x25x100","status":"publish","type":"product","link":"https:\/\/sklep.thepartners.pl\/cs\/produkt\/obrzeze-8x25x100\/","title":{"rendered":"Zahradn\u00ed obrubn\u00edk 8x25x100cm"},"content":{"rendered":"<div class=\"flex flex-grow flex-col max-w-full\">\n<div class=\"min-h-[20px] text-message flex w-full flex-col items-end gap-2 whitespace-pre-wrap break-words [.text-message+&amp;]:mt-5 overflow-x-auto\" dir=\"auto\" data-message-author-role=\"assistant\" data-message-id=\"fa73906f-c7e3-4298-a2c9-7da681ae36ad\">\n<div class=\"flex w-full flex-col gap-1 empty:hidden first:pt-[3px]\">\n<div class=\"markdown prose w-full break-words dark:prose-invert light\">\n<p>Obrubn\u00edk o rozm\u011brech 8x25x100 cm je ide\u00e1ln\u00edm \u0159e\u0161en\u00edm pro dokon\u010den\u00ed teras, parkov\u00fdch alej\u00ed, zahradn\u00edch stezek, chodn\u00edk\u016f a p\u011b\u0161\u00edch tras. Skv\u011ble se hod\u00ed jako estetick\u00e9 a praktick\u00e9 zakon\u010den\u00ed plochy pokryt\u00e9 dla\u017eebn\u00edmi kostkami. Jeho vzor, skl\u00e1daj\u00edc\u00ed se z jednoho opakuj\u00edc\u00edho se prvku, zaji\u0161\u0165uje konzistentn\u00ed a elegantn\u00ed vzhled. Vyroben\u00fd z odoln\u00fdch materi\u00e1l\u016f, obrubn\u00edk nab\u00edz\u00ed dlouhou \u017eivotnost a estetiku po mnoho let. Skv\u011bl\u00e1 volba pro ty, kte\u0159\u00ed ocen\u00ed jak funk\u010dnost, tak styl v \u00faprav\u011b venkovn\u00edch prostor.<\/p>\n<\/div>\n<\/div>\n<\/div>\n<\/div>\n<div class=\"mt-1 flex gap-3 empty:hidden -ml-2\">\n<div class=\"items-center justify-start rounded-xl p-1 flex\">\n<div class=\"flex items-center\">\n<div class=\"flex\"><\/div>\n<div class=\"flex items-center pb-0\">\n<div class=\"[&amp;_svg]:h-full [&amp;_svg]:w-full icon-md h-4 w-4\"><\/div>\n<\/div>\n<\/div>\n<\/div>\n<\/div>\n","protected":false},"excerpt":{"rendered":"<blockquote><p><strong>Vzhled: kv\u00e1drov\u00fd tvar<\/strong><\/p>\n<p><strong>\u00da\u010del dopl\u0148k\u016f: obruba chodn\u00edku, obruba terasy, zahrada: obruba cest, alej\u00ed<\/strong><\/p><\/blockquote>\n","protected":false},"featured_media":5766,"comment_status":"open","ping_status":"closed","template":"","meta":{"_acf_changed":false},"product_brand":[],"product_cat":[151,153],"product_tag":[894],"class_list":{"0":"post-4609","1":"product","2":"type-product","3":"status-publish","4":"has-post-thumbnail","6":"product_cat-dlazebni-kostky","7":"product_cat-betonove-vyrobky","8":"product_tag-obrzeze-cs","9":"product_shipping_class-transport-the-partners-cs","10":"pa_kolor-grafit","11":"pa_kolor-seda","12":"pa_producent-bruk-cs","14":"first","15":"onbackorder","16":"taxable","17":"shipping-taxable","18":"purchasable","19":"product-type-variable"},"acf":[],"_links":{"self":[{"href":"https:\/\/sklep.thepartners.pl\/cs\/wp-json\/wp\/v2\/product\/4609","targetHints":{"allow":["GET"]}}],"collection":[{"href":"https:\/\/sklep.thepartners.pl\/cs\/wp-json\/wp\/v2\/product"}],"about":[{"href":"https:\/\/sklep.thepartners.pl\/cs\/wp-json\/wp\/v2\/types\/product"}],"replies":[{"embeddable":true,"href":"https:\/\/sklep.thepartners.pl\/cs\/wp-json\/wp\/v2\/comments?post=4609"}],"wp:featuredmedia":[{"embeddable":true,"href":"https:\/\/sklep.thepartners.pl\/cs\/wp-json\/wp\/v2\/media\/5766"}],"wp:attachment":[{"href":"https:\/\/sklep.thepartners.pl\/cs\/wp-json\/wp\/v2\/media?parent=4609"}],"wp:term":[{"taxonomy":"product_brand","embeddable":true,"href":"https:\/\/sklep.thepartners.pl\/cs\/wp-json\/wp\/v2\/product_brand?post=4609"},{"taxonomy":"product_cat","embeddable":true,"href":"https:\/\/sklep.thepartners.pl\/cs\/wp-json\/wp\/v2\/product_cat?post=4609"},{"taxonomy":"product_tag","embeddable":true,"href":"https:\/\/sklep.thepartners.pl\/cs\/wp-json\/wp\/v2\/product_tag?post=4609"}],"curies":[{"name":"wp","href":"https:\/\/api.w.org\/{rel}","templated":true}]}}