{"id":4633,"date":"2024-08-05T10:47:06","date_gmt":"2024-08-05T08:47:06","guid":{"rendered":"https:\/\/sklep.thepartners.pl\/?post_type=product&#038;p=4633"},"modified":"2024-11-06T08:36:52","modified_gmt":"2024-11-06T07:36:52","slug":"zahradni-obrubnik-6x20x100-cm-kopia","status":"publish","type":"product","link":"https:\/\/sklep.thepartners.pl\/cs\/produkt\/zahradni-obrubnik-6x20x100-cm-kopia\/","title":{"rendered":"Zahradn\u00ed Obrubn\u00edk 8x30x100 cm"},"content":{"rendered":"<p>Obrubn\u00edk o rozm\u011brech 8x30x100 cm je ide\u00e1ln\u00edm \u0159e\u0161en\u00edm pro dokon\u010den\u00ed povrch\u016f z betonov\u00fdch kostek a desek. Skv\u011ble se hod\u00ed na terasy, parkov\u00e9 aleje, zahradn\u00ed cesti\u010dky, chodn\u00edky a p\u011b\u0161\u00ed z\u00f3ny. Je to funk\u010dn\u00ed, estetick\u00e9 a praktick\u00e9 dopln\u011bn\u00ed prostoru s betonov\u00fdm povrchem v pozad\u00ed. Vzor obrubn\u00edku se skl\u00e1d\u00e1 z jednoho opakuj\u00edc\u00edho se prvku, co\u017e zaji\u0161\u0165uje jednotn\u00fd a \u010dist\u00fd vzhled.<\/p>\n<p>&nbsp;<\/p>\n","protected":false},"excerpt":{"rendered":"<p>Vzhled: tvar kv\u00e1dru<br \/>\nBetonov\u00e9 v\u00fdrobky &#8211; pou\u017eit\u00ed : lemov\u00e1n\u00ed zahradn\u00edch p\u011b\u0161in, lemov\u00e1n\u00ed chodn\u00edk\u016f, lemov\u00e1n\u00ed teras<\/p>\n","protected":false},"featured_media":5774,"comment_status":"open","ping_status":"closed","template":"","meta":{"_acf_changed":false},"product_brand":[],"product_cat":[151,153],"product_tag":[894],"class_list":{"0":"post-4633","1":"product","2":"type-product","3":"status-publish","4":"has-post-thumbnail","6":"product_cat-dlazebni-kostky","7":"product_cat-betonove-vyrobky","8":"product_tag-obrzeze-cs","9":"product_shipping_class-transport-the-partners-cs","10":"pa_kolor-grafit","11":"pa_kolor-seda","12":"pa_producent-bruk-cs","14":"first","15":"instock","16":"taxable","17":"shipping-taxable","18":"purchasable","19":"product-type-variable"},"acf":[],"_links":{"self":[{"href":"https:\/\/sklep.thepartners.pl\/cs\/wp-json\/wp\/v2\/product\/4633","targetHints":{"allow":["GET"]}}],"collection":[{"href":"https:\/\/sklep.thepartners.pl\/cs\/wp-json\/wp\/v2\/product"}],"about":[{"href":"https:\/\/sklep.thepartners.pl\/cs\/wp-json\/wp\/v2\/types\/product"}],"replies":[{"embeddable":true,"href":"https:\/\/sklep.thepartners.pl\/cs\/wp-json\/wp\/v2\/comments?post=4633"}],"wp:featuredmedia":[{"embeddable":true,"href":"https:\/\/sklep.thepartners.pl\/cs\/wp-json\/wp\/v2\/media\/5774"}],"wp:attachment":[{"href":"https:\/\/sklep.thepartners.pl\/cs\/wp-json\/wp\/v2\/media?parent=4633"}],"wp:term":[{"taxonomy":"product_brand","embeddable":true,"href":"https:\/\/sklep.thepartners.pl\/cs\/wp-json\/wp\/v2\/product_brand?post=4633"},{"taxonomy":"product_cat","embeddable":true,"href":"https:\/\/sklep.thepartners.pl\/cs\/wp-json\/wp\/v2\/product_cat?post=4633"},{"taxonomy":"product_tag","embeddable":true,"href":"https:\/\/sklep.thepartners.pl\/cs\/wp-json\/wp\/v2\/product_tag?post=4633"}],"curies":[{"name":"wp","href":"https:\/\/api.w.org\/{rel}","templated":true}]}}