{"id":4684,"date":"2024-08-06T09:33:41","date_gmt":"2024-08-06T07:33:41","guid":{"rendered":"https:\/\/sklep.thepartners.pl\/p\/kraweznik-drogowy-15x30x100-szary\/"},"modified":"2024-11-06T08:35:53","modified_gmt":"2024-11-06T07:35:53","slug":"kraweznik-drogowy-15x30x100-szary","status":"publish","type":"product","link":"https:\/\/sklep.thepartners.pl\/cs\/produkt\/kraweznik-drogowy-15x30x100-szary\/","title":{"rendered":"Obrubn\u00edk 15x30x100"},"content":{"rendered":"<p>Obrubn\u00edky jsou nezbytn\u00e9 pro \u00fapravu a zabezpe\u010den\u00ed asfaltov\u00fdch povrch\u016f, chodn\u00edk\u016f z dla\u017eebn\u00edch kostek a parkovac\u00edch ploch v obytn\u00fdch z\u00f3n\u00e1ch. Jsou z\u00e1kladn\u00edm prvkem dokon\u010den\u00ed projekt\u016f povrch\u016f, poskytuj\u00edc\u00ed esteti\u010dnost a funk\u010dnost. Obrubn\u00edky od firmy BRUK se ji\u017e l\u00e9ta dokonale integruj\u00ed do ve\u0159ejn\u00e9ho prostoru, zaji\u0161\u0165uj\u00edc\u00ed trvanlivost a elegantn\u00ed vzhled. Na\u0161e obrubn\u00edky jsou ide\u00e1ln\u00ed volbou pro ka\u017ed\u00fd infrastruktur\u00e1ln\u00ed projekt, spojuj\u00edc\u00ed vysokou kvalitu s atraktivn\u00edm designem.<\/p>\n<p>&nbsp;<\/p>\n","protected":false},"excerpt":{"rendered":"<blockquote><p><strong>Silni\u010dn\u00ed obrubn\u00edk \u2013 pro lemov\u00e1n\u00ed p\u0159\u00edjezdov\u00fdch cest, parkovi\u0161\u0165, silnic a silnic<\/strong><br \/>\n<strong>odd\u011blen\u00ed komunikac\u00ed od chodn\u00edk\u016f<\/strong><\/p><\/blockquote>\n","protected":false},"featured_media":5788,"comment_status":"open","ping_status":"closed","template":"","meta":{"_acf_changed":false},"product_brand":[],"product_cat":[151,153],"product_tag":[905,894],"class_list":{"0":"post-4684","1":"product","2":"type-product","3":"status-publish","4":"has-post-thumbnail","6":"product_cat-dlazebni-kostky","7":"product_cat-betonove-vyrobky","8":"product_tag-kraweznik-cs","9":"product_tag-obrzeze-cs","10":"product_shipping_class-transport-the-partners-cs","11":"pa_producent-bruk-cs","13":"first","14":"instock","15":"taxable","16":"shipping-taxable","17":"purchasable","18":"product-type-simple"},"acf":[],"_links":{"self":[{"href":"https:\/\/sklep.thepartners.pl\/cs\/wp-json\/wp\/v2\/product\/4684","targetHints":{"allow":["GET"]}}],"collection":[{"href":"https:\/\/sklep.thepartners.pl\/cs\/wp-json\/wp\/v2\/product"}],"about":[{"href":"https:\/\/sklep.thepartners.pl\/cs\/wp-json\/wp\/v2\/types\/product"}],"replies":[{"embeddable":true,"href":"https:\/\/sklep.thepartners.pl\/cs\/wp-json\/wp\/v2\/comments?post=4684"}],"wp:featuredmedia":[{"embeddable":true,"href":"https:\/\/sklep.thepartners.pl\/cs\/wp-json\/wp\/v2\/media\/5788"}],"wp:attachment":[{"href":"https:\/\/sklep.thepartners.pl\/cs\/wp-json\/wp\/v2\/media?parent=4684"}],"wp:term":[{"taxonomy":"product_brand","embeddable":true,"href":"https:\/\/sklep.thepartners.pl\/cs\/wp-json\/wp\/v2\/product_brand?post=4684"},{"taxonomy":"product_cat","embeddable":true,"href":"https:\/\/sklep.thepartners.pl\/cs\/wp-json\/wp\/v2\/product_cat?post=4684"},{"taxonomy":"product_tag","embeddable":true,"href":"https:\/\/sklep.thepartners.pl\/cs\/wp-json\/wp\/v2\/product_tag?post=4684"}],"curies":[{"name":"wp","href":"https:\/\/api.w.org\/{rel}","templated":true}]}}