{"id":4851,"date":"2024-08-09T09:10:48","date_gmt":"2024-08-09T07:10:48","guid":{"rendered":"https:\/\/sklep.thepartners.pl\/?post_type=product&#038;p=4851"},"modified":"2024-11-06T08:39:44","modified_gmt":"2024-11-06T07:39:44","slug":"daszek-plaski-splitowany-structur-bruk-43x43cm","status":"publish","type":"product","link":"https:\/\/sklep.thepartners.pl\/cs\/produkt\/daszek-plaski-splitowany-structur-bruk-43x43cm\/","title":{"rendered":"Ploch\u00fd d\u011blen\u00fd zorn\u00edk  STRUCTUR BRUK 43x43cm"},"content":{"rendered":"<p>Ploch\u00e1 d\u011blen\u00e1 st\u0159echa je nenahraditeln\u00fdm dokon\u010dovac\u00edm prvkem st\u011bn, z\u00e1klad\u016f a plotov\u00fdch sloupk\u016f. Hraje dvoj\u00ed roli: dekorativn\u00ed i ochrannou, \u00fa\u010dinn\u011b chr\u00e1n\u00ed konstrukce p\u0159ed nep\u0159\u00edzniv\u00fdmi pov\u011btrnostn\u00edmi vlivy, jako je sn\u00edh, d\u00e9\u0161\u0165 nebo mr\u00e1z.<\/p>\n<p><strong>D\u011blen\u00fd povrch p\u0159ipom\u00ednaj\u00edc\u00ed p\u0159\u00edrodn\u00ed k\u00e1men | 4rozm\u011brn\u00e9 verze | oboustrann\u011b d\u011blen\u00e9 (st\u011bna) a \u010dty\u0159strann\u00e9 (sloupek)<\/strong><\/p>\n<p>&nbsp;<\/p>\n<div>\u00da\u010del: <strong>dokon\u010den\u00ed a ochrana zd\u00ed a plotov\u00fdch sloupk\u016f<\/strong><br \/>\nMateri\u00e1l: <strong>vibrolisovan\u00fd beton: \u0161t\u00edpa\u010dka<\/strong><\/div>\n<div>\n<div><\/div>\n<\/div>\n<p><strong>Hmotnost palety [kg]<\/strong><\/p>\n<p>43&#215;43 cm d\u011blen\u00e1 na \u010dty\u0159ech stran\u00e1ch:<strong> 260<\/strong><\/p>\n<p>27&#215;43 cm d\u011blen\u00e1 na \u010dty\u0159ech stran\u00e1ch: <strong>330<\/strong><\/p>\n<p>27&#215;50 cm oboustrann\u011b d\u011blen\u00e9: <strong>350<\/strong><\/p>\n<p>43&#215;50 cm oboustrann\u011b d\u011blen\u00e9: <strong>300<\/strong><\/p>\n<p>&nbsp;<\/p>\n<div class=\"sectionProductSingleLogisticDownloadItem\">\n<div class=\"sectionProductSingleLogistic\">\n<div class=\"moreBoxMobile\">\n<div class=\"moreBoxMobileContent\">\n<div class=\"sectionProductSingleLogisticBox\">\n<p>Po\u010det ks\/sada na palet\u011b 43&#215;43 cm, 43&#215;50 cm: <strong>10 ks.<\/strong><\/p>\n<p><strong>27&#215;43 cm, 27&#215;50 cm: 20 ks.<\/strong><\/p>\n<p>Po\u010det vrstev na palet\u011b:<strong> 5<\/strong><\/p>\n<\/div>\n<\/div>\n<\/div>\n<\/div>\n<\/div>\n","protected":false},"excerpt":{"rendered":"<p><strong>Ploch\u00e1 d\u011blen\u00e1 st\u0159echa je ide\u00e1ln\u00ed volbou pro dokon\u010den\u00ed st\u011bn, z\u00e1klad\u016f a plotov\u00fdch sloupk\u016f. Jeho hladk\u00fd povrch zaji\u0161\u0165uje efektivn\u00ed odvod vody a jeho d\u011blen\u00e9 hrany dokonale lad\u00ed s d\u011blen\u00fdmi bloky. Dostupn\u00e9 ve velikostech: 43&#215;43 cm, 27&#215;50 cm, 27&#215;43 cm a 43&#215;50 cm, barevn\u011b slad\u011bno s prvky st\u011bny.<\/strong><\/p>\n","protected":false},"featured_media":5802,"comment_status":"open","ping_status":"closed","template":"","meta":{"_acf_changed":false},"product_brand":[],"product_cat":[171,174],"product_tag":[974],"class_list":{"0":"post-4851","1":"product","2":"type-product","3":"status-publish","4":"has-post-thumbnail","6":"product_cat-ploty","7":"product_cat-plotove-sloupky-a-zdi","8":"product_tag-daszek-cs","9":"product_shipping_class-transport-the-partners-cs","10":"pa_kolor-antracyt-cs","11":"pa_kolor-seda-cs","12":"pa_kolor-piaskowy-cs","13":"pa_kolor-bialy-cs","14":"pa_producent-bruk-cs","16":"first","17":"onbackorder","18":"taxable","19":"shipping-taxable","20":"purchasable","21":"product-type-variable"},"acf":[],"_links":{"self":[{"href":"https:\/\/sklep.thepartners.pl\/cs\/wp-json\/wp\/v2\/product\/4851","targetHints":{"allow":["GET"]}}],"collection":[{"href":"https:\/\/sklep.thepartners.pl\/cs\/wp-json\/wp\/v2\/product"}],"about":[{"href":"https:\/\/sklep.thepartners.pl\/cs\/wp-json\/wp\/v2\/types\/product"}],"replies":[{"embeddable":true,"href":"https:\/\/sklep.thepartners.pl\/cs\/wp-json\/wp\/v2\/comments?post=4851"}],"wp:featuredmedia":[{"embeddable":true,"href":"https:\/\/sklep.thepartners.pl\/cs\/wp-json\/wp\/v2\/media\/5802"}],"wp:attachment":[{"href":"https:\/\/sklep.thepartners.pl\/cs\/wp-json\/wp\/v2\/media?parent=4851"}],"wp:term":[{"taxonomy":"product_brand","embeddable":true,"href":"https:\/\/sklep.thepartners.pl\/cs\/wp-json\/wp\/v2\/product_brand?post=4851"},{"taxonomy":"product_cat","embeddable":true,"href":"https:\/\/sklep.thepartners.pl\/cs\/wp-json\/wp\/v2\/product_cat?post=4851"},{"taxonomy":"product_tag","embeddable":true,"href":"https:\/\/sklep.thepartners.pl\/cs\/wp-json\/wp\/v2\/product_tag?post=4851"}],"curies":[{"name":"wp","href":"https:\/\/api.w.org\/{rel}","templated":true}]}}