{"id":4975,"date":"2024-08-12T14:20:10","date_gmt":"2024-08-12T12:20:10","guid":{"rendered":"https:\/\/sklep.thepartners.pl\/p\/soffitto-antyrefleksyjna-farba-do-sufitow-sempre-10l\/"},"modified":"2025-09-18T11:18:26","modified_gmt":"2025-09-18T09:18:26","slug":"soffitto-antyrefleksyjna-farba-do-sufitow-sempre-10l","status":"publish","type":"product","link":"https:\/\/sklep.thepartners.pl\/cs\/produkt\/soffitto-antyrefleksyjna-farba-do-sufitow-sempre-10l\/","title":{"rendered":"B\u00edl\u00e1 antireflexn\u00ed stropn\u00ed barva Soffitto Sempre 10L"},"content":{"rendered":"<p data-start=\"928\" data-end=\"1308\"><strong data-start=\"928\" data-end=\"983\">B\u00edl\u00e1 antireflexn\u00ed stropn\u00ed barva Soffitto Sempre 10L<\/strong> \u2013 speci\u00e1ln\u00ed latexov\u00e1 barva vyvinut\u00e1 pro malov\u00e1n\u00ed strop\u016f. D\u00edky antireflexn\u00edmu slo\u017een\u00ed eliminuje ne\u017e\u00e1douc\u00ed odlesky sv\u011btla a zaji\u0161\u0165uje dokonale hladk\u00fd a jednotn\u00fd povrch bez \u0161mouh. Vynik\u00e1 v\u00fdbornou kryvost\u00ed, snadnou aplikac\u00ed a rychl\u00fdm schnut\u00edm. Ide\u00e1ln\u00ed pro ob\u00fdvac\u00ed pokoje, lo\u017enice, kancel\u00e1\u0159e i dal\u0161\u00ed obytn\u00e9 a u\u017eitkov\u00e9 prostory.<\/p>\n<h4 data-start=\"1310\" data-end=\"1332\">V\u00fdhody produktu<\/h4>\n<ul data-start=\"1333\" data-end=\"1604\">\n<li data-start=\"1333\" data-end=\"1379\">\n<p data-start=\"1335\" data-end=\"1379\">Antireflexn\u00ed slo\u017een\u00ed \u2013 bez odlesk\u016f a \u0161mouh<\/p>\n<\/li>\n<li data-start=\"1380\" data-end=\"1431\">\n<p data-start=\"1382\" data-end=\"1431\">Supermatn\u00fd povrch \u2013 elegantn\u00ed a jednotn\u00fd vzhled<\/p>\n<\/li>\n<li data-start=\"1432\" data-end=\"1478\">\n<p data-start=\"1434\" data-end=\"1478\">V\u00fdborn\u00e1 kryc\u00ed schopnost u\u017e po prvn\u00ed vrstv\u011b<\/p>\n<\/li>\n<li data-start=\"1479\" data-end=\"1515\">\n<p data-start=\"1481\" data-end=\"1515\">Rychleschnouc\u00ed a snadn\u00e1 aplikace<\/p>\n<\/li>\n<li data-start=\"1516\" data-end=\"1573\">\n<p data-start=\"1518\" data-end=\"1573\">\u00dasporn\u00e9 balen\u00ed 10L \u2013 vysok\u00e1 vydatnost na velk\u00e9 plochy<\/p>\n<\/li>\n<li data-start=\"1574\" data-end=\"1604\">\n<p data-start=\"1576\" data-end=\"1604\">Dlouhodob\u00fd estetick\u00fd efekt<\/p>\n<\/li>\n<\/ul>\n","protected":false},"excerpt":{"rendered":"<blockquote><p><strong>Hlubok\u00fd matn\u00fd povrch<\/strong><\/p>\n<p><strong>Antireflexn\u00ed vlastnosti &#8211; \u017e\u00e1dn\u00e9 \u0161mouhy nebo mezery<\/strong><\/p>\n<p><strong>Vysok\u00e1 p\u0159ilnavost a v\u00fdkon<\/strong><\/p>\n<p><strong>Snadn\u00e1 aplikace a trval\u00fd efekt<\/strong><\/p><\/blockquote>\n","protected":false},"featured_media":6183,"comment_status":"open","ping_status":"closed","template":"","meta":{"_acf_changed":false},"product_brand":[],"product_cat":[1248,168,733,713,928],"product_tag":[1012],"class_list":{"0":"post-4975","1":"product","2":"type-product","3":"status-publish","4":"has-post-thumbnail","6":"product_cat-do-sufitow-cs","7":"product_cat-interierove-barvy","8":"product_cat-hotove-barvy","9":"product_cat-barvy-z-michaci-mistnosti","10":"product_cat-pro-steny-cs-2","11":"product_tag-farba-soffito-cs","12":"product_shipping_class-kurier-cs","13":"pa_pojemnosc-10l-cs","14":"pa_producent-sempre-cs","16":"first","17":"instock","18":"featured","19":"taxable","20":"shipping-taxable","21":"purchasable","22":"product-type-simple"},"acf":[],"_links":{"self":[{"href":"https:\/\/sklep.thepartners.pl\/cs\/wp-json\/wp\/v2\/product\/4975","targetHints":{"allow":["GET"]}}],"collection":[{"href":"https:\/\/sklep.thepartners.pl\/cs\/wp-json\/wp\/v2\/product"}],"about":[{"href":"https:\/\/sklep.thepartners.pl\/cs\/wp-json\/wp\/v2\/types\/product"}],"replies":[{"embeddable":true,"href":"https:\/\/sklep.thepartners.pl\/cs\/wp-json\/wp\/v2\/comments?post=4975"}],"wp:featuredmedia":[{"embeddable":true,"href":"https:\/\/sklep.thepartners.pl\/cs\/wp-json\/wp\/v2\/media\/6183"}],"wp:attachment":[{"href":"https:\/\/sklep.thepartners.pl\/cs\/wp-json\/wp\/v2\/media?parent=4975"}],"wp:term":[{"taxonomy":"product_brand","embeddable":true,"href":"https:\/\/sklep.thepartners.pl\/cs\/wp-json\/wp\/v2\/product_brand?post=4975"},{"taxonomy":"product_cat","embeddable":true,"href":"https:\/\/sklep.thepartners.pl\/cs\/wp-json\/wp\/v2\/product_cat?post=4975"},{"taxonomy":"product_tag","embeddable":true,"href":"https:\/\/sklep.thepartners.pl\/cs\/wp-json\/wp\/v2\/product_tag?post=4975"}],"curies":[{"name":"wp","href":"https:\/\/api.w.org\/{rel}","templated":true}]}}