{"id":5121,"date":"2024-09-09T12:28:51","date_gmt":"2024-09-09T10:28:51","guid":{"rendered":"https:\/\/sklep.thepartners.pl\/?post_type=product&#038;p=5121"},"modified":"2025-07-21T12:57:10","modified_gmt":"2025-07-21T10:57:10","slug":"drewnochron-impregnat-extra-powlokotworczy-dab","status":"publish","type":"product","link":"https:\/\/sklep.thepartners.pl\/cs\/produkt\/drewnochron-impregnat-extra-powlokotworczy-dab\/","title":{"rendered":"Drewnochron Impregnat Extra Pow\u0142okotw\u00f3rczy D\u0105b"},"content":{"rendered":"<p>to wysokiej jako\u015bci produkt do ochrony i dekoracji drewna, idealny do zastosowa\u0144 na zewn\u0105trz. Impregnat ten tworzy trwa\u0142\u0105 pow\u0142ok\u0119, kt\u00f3ra nie tylko zabezpiecza drewno przed niekorzystnymi warunkami atmosferycznymi, takimi jak deszcz, promieniowanie UV czy mr\u00f3z, ale tak\u017ce wzmacnia jego naturalne walory estetyczne.<\/p>\n","protected":false},"excerpt":{"rendered":"<ul>\n<li><strong>Skuteczna ochrona<\/strong><\/li>\n<li><strong>Trwa\u0142a pow\u0142oka<\/strong><\/li>\n<li><strong>Ochrona koloru<\/strong><\/li>\n<li><strong>\u0141atwa aplikacja<\/strong><\/li>\n<li><strong>Dost\u0119pne kolory<\/strong><\/li>\n<\/ul>\n","protected":false},"featured_media":5124,"comment_status":"open","ping_status":"closed","template":"","meta":{"_acf_changed":false},"product_brand":[],"product_cat":[60,57],"product_tag":[661],"class_list":{"0":"post-5121","1":"product","2":"type-product","3":"status-publish","4":"has-post-thumbnail","6":"product_cat-impregnaty-do-drewna","7":"product_cat-farby-do-drewna","8":"product_tag-impregnat","9":"product_shipping_class-kurier","10":"pa_pojemnosc-075l","11":"pa_pojemnosc-25l","12":"pa_producent-drewnochron","14":"first","15":"instock","16":"taxable","17":"shipping-taxable","18":"purchasable","19":"product-type-variable"},"acf":[],"_links":{"self":[{"href":"https:\/\/sklep.thepartners.pl\/cs\/wp-json\/wp\/v2\/product\/5121","targetHints":{"allow":["GET"]}}],"collection":[{"href":"https:\/\/sklep.thepartners.pl\/cs\/wp-json\/wp\/v2\/product"}],"about":[{"href":"https:\/\/sklep.thepartners.pl\/cs\/wp-json\/wp\/v2\/types\/product"}],"replies":[{"embeddable":true,"href":"https:\/\/sklep.thepartners.pl\/cs\/wp-json\/wp\/v2\/comments?post=5121"}],"wp:featuredmedia":[{"embeddable":true,"href":"https:\/\/sklep.thepartners.pl\/cs\/wp-json\/wp\/v2\/media\/5124"}],"wp:attachment":[{"href":"https:\/\/sklep.thepartners.pl\/cs\/wp-json\/wp\/v2\/media?parent=5121"}],"wp:term":[{"taxonomy":"product_brand","embeddable":true,"href":"https:\/\/sklep.thepartners.pl\/cs\/wp-json\/wp\/v2\/product_brand?post=5121"},{"taxonomy":"product_cat","embeddable":true,"href":"https:\/\/sklep.thepartners.pl\/cs\/wp-json\/wp\/v2\/product_cat?post=5121"},{"taxonomy":"product_tag","embeddable":true,"href":"https:\/\/sklep.thepartners.pl\/cs\/wp-json\/wp\/v2\/product_tag?post=5121"}],"curies":[{"name":"wp","href":"https:\/\/api.w.org\/{rel}","templated":true}]}}