{"id":5126,"date":"2024-09-09T12:48:53","date_gmt":"2024-09-09T10:48:53","guid":{"rendered":"https:\/\/sklep.thepartners.pl\/?post_type=product&#038;p=5126"},"modified":"2025-07-16T13:19:47","modified_gmt":"2025-07-16T11:19:47","slug":"piana-poliuretanowa-do-styropianu-i-styroduru-xps-sempre-niskoprezna-12szt","status":"publish","type":"product","link":"https:\/\/sklep.thepartners.pl\/cs\/produkt\/piana-poliuretanowa-do-styropianu-i-styroduru-xps-sempre-niskoprezna-12szt\/","title":{"rendered":"Klej do styropianu XPS i EPS PUKLEBER-12szt 750ml"},"content":{"rendered":"<p>to profesjonalny produkt, przeznaczony do monta\u017cu i izolacji termoizolacyjnych p\u0142yt ze styropianu (EPS) oraz styroduru (XPS). Dzi\u0119ki swojej niskopr\u0119\u017cnej formule, idealnie nadaje si\u0119 do precyzyjnego klejenia i uszczelniania, bez ryzyka odkszta\u0142cania materia\u0142\u00f3w izolacyjnych.<\/p>\n","protected":false},"excerpt":{"rendered":"<ul>\n<li><strong>Niskopr\u0119\u017cna formu\u0142a<\/strong><\/li>\n<li><strong>Wysoka przyczepno\u015b\u0107<\/strong><\/li>\n<li><strong>Szybkie utwardzanie<\/strong><\/li>\n<li><strong>Odporno\u015b\u0107 na warunki atmosferyczne<\/strong><\/li>\n<li><strong>Ekonomiczne zu\u017cycie<\/strong><\/li>\n<\/ul>\n","protected":false},"featured_media":10512,"comment_status":"open","ping_status":"closed","template":"","meta":{"_acf_changed":false},"product_brand":[],"product_cat":[143,145],"product_tag":[],"class_list":{"0":"post-5126","1":"product","2":"type-product","3":"status-publish","4":"has-post-thumbnail","6":"product_cat-tepelne-izolace","7":"product_cat-lepidla-pro-tepelnou-izolaci","8":"product_shipping_class-kurier-cs","9":"pa_pojemnosc-750ml","10":"pa_producent-sempre-cs","12":"first","13":"instock","14":"taxable","15":"shipping-taxable","16":"purchasable","17":"product-type-simple"},"acf":[],"_links":{"self":[{"href":"https:\/\/sklep.thepartners.pl\/cs\/wp-json\/wp\/v2\/product\/5126","targetHints":{"allow":["GET"]}}],"collection":[{"href":"https:\/\/sklep.thepartners.pl\/cs\/wp-json\/wp\/v2\/product"}],"about":[{"href":"https:\/\/sklep.thepartners.pl\/cs\/wp-json\/wp\/v2\/types\/product"}],"replies":[{"embeddable":true,"href":"https:\/\/sklep.thepartners.pl\/cs\/wp-json\/wp\/v2\/comments?post=5126"}],"wp:featuredmedia":[{"embeddable":true,"href":"https:\/\/sklep.thepartners.pl\/cs\/wp-json\/wp\/v2\/media\/10512"}],"wp:attachment":[{"href":"https:\/\/sklep.thepartners.pl\/cs\/wp-json\/wp\/v2\/media?parent=5126"}],"wp:term":[{"taxonomy":"product_brand","embeddable":true,"href":"https:\/\/sklep.thepartners.pl\/cs\/wp-json\/wp\/v2\/product_brand?post=5126"},{"taxonomy":"product_cat","embeddable":true,"href":"https:\/\/sklep.thepartners.pl\/cs\/wp-json\/wp\/v2\/product_cat?post=5126"},{"taxonomy":"product_tag","embeddable":true,"href":"https:\/\/sklep.thepartners.pl\/cs\/wp-json\/wp\/v2\/product_tag?post=5126"}],"curies":[{"name":"wp","href":"https:\/\/api.w.org\/{rel}","templated":true}]}}