{"id":5307,"date":"2024-09-24T12:40:01","date_gmt":"2024-09-24T10:40:01","guid":{"rendered":"https:\/\/sklep.thepartners.pl\/?post_type=product&#038;p=5307"},"modified":"2024-09-25T15:13:06","modified_gmt":"2024-09-25T13:13:06","slug":"preklady-ytong-yn-zelezobetonove-tvarnice-pro-okenni-a-dverni-otvory-kopia","status":"publish","type":"product","link":"https:\/\/sklep.thepartners.pl\/cs\/produkt\/preklady-ytong-yn-zelezobetonove-tvarnice-pro-okenni-a-dverni-otvory-kopia\/","title":{"rendered":"P\u0159eklady Ytong YN &#8211; \u017delezobetonov\u00e9 Tv\u00e1rnice pro Okenn\u00ed a Dve\u0159n\u00ed Otvory (Kopia)"},"content":{"rendered":"<p>P\u0159eklady Ytong YN jsou ide\u00e1ln\u00edm \u0159e\u0161en\u00edm pro okenn\u00ed, dve\u0159n\u00ed otvory a p\u0159\u00ed\u010dky. Vyroben\u00e9 z \u017eelezobetonov\u00fdch tv\u00e1rnic, zaji\u0161\u0165uj\u00ed vynikaj\u00edc\u00ed tepelnou izolaci bez pot\u0159eby dodate\u010dn\u00e9ho zateplen\u00ed. Mont\u00e1\u017e p\u0159eklad\u016f Ytong YN je mimo\u0159\u00e1dn\u011b snadn\u00e1 a rychl\u00e1 &#8211; dv\u011b osoby mohou p\u0159elo\u017eit b\u011bhem n\u011bkolika minut. Je d\u016fle\u017eit\u00e9, aby byly p\u0159eklady spr\u00e1vn\u011b namontov\u00e1ny, symetricky nad p\u0159ekr\u00fdvan\u00fdm otvorem, na tenkovrstvou maltu. Minim\u00e1ln\u00ed d\u00e9lka ulo\u017een\u00ed je 20 cm nebo 25 cm na ka\u017ed\u00e9 stran\u011b. Vyberte p\u0159eklady Ytong YN pro jistotu a komfort ve va\u0161\u00ed budov\u011b.<\/p>\n<p>&nbsp;<\/p>\n","protected":false},"excerpt":{"rendered":"<blockquote><p><strong>V\u00fdborn\u00e1 Izolace: Zaji\u0161\u0165uj\u00ed vysokou tepelnou izolaci bez pot\u0159eby dodate\u010dn\u00e9ho zateplen\u00ed.<\/strong><\/p>\n<p><strong>Snadn\u00e1 Mont\u00e1\u017e: Mont\u00e1\u017e je rychl\u00e1 a jednoduch\u00e1 &#8211; dv\u011b osoby mohou p\u0159elo\u017eit b\u011bhem n\u011bkolika minut.<\/strong><\/p>\n<p><strong>Odolnost: \u017delezobetonov\u00e9 tv\u00e1rnice zaru\u010duj\u00ed trvanlivost a pevnost konstrukce.<\/strong><\/p>\n<p><strong>Symetri\u010dnost: P\u0159eklady mus\u00ed b\u00fdt namontov\u00e1ny symetricky nad p\u0159ekr\u00fdvan\u00fdm otvorem, na tenkovrstvou maltu.<\/strong><\/p>\n<p><strong>Minim\u00e1ln\u00ed Ulo\u017een\u00ed: Minim\u00e1ln\u00ed d\u00e9lka ulo\u017een\u00ed je 20 cm nebo 25 cm na ka\u017ed\u00e9 stran\u011b.<\/strong><\/p><\/blockquote>\n","protected":false},"featured_media":5831,"comment_status":"open","ping_status":"closed","template":"","meta":{"_acf_changed":false},"product_brand":[],"product_cat":[156,159],"product_tag":[],"class_list":{"0":"post-5307","1":"product","2":"type-product","3":"status-publish","4":"has-post-thumbnail","6":"product_cat-stavebni-materialy","7":"product_cat-nosne-preklady","8":"product_shipping_class-transport-the-partners-cs","9":"pa_producent-ytong-cs","11":"first","12":"instock","13":"taxable","14":"shipping-taxable","15":"purchasable","16":"product-type-variable"},"acf":[],"_links":{"self":[{"href":"https:\/\/sklep.thepartners.pl\/cs\/wp-json\/wp\/v2\/product\/5307","targetHints":{"allow":["GET"]}}],"collection":[{"href":"https:\/\/sklep.thepartners.pl\/cs\/wp-json\/wp\/v2\/product"}],"about":[{"href":"https:\/\/sklep.thepartners.pl\/cs\/wp-json\/wp\/v2\/types\/product"}],"replies":[{"embeddable":true,"href":"https:\/\/sklep.thepartners.pl\/cs\/wp-json\/wp\/v2\/comments?post=5307"}],"wp:featuredmedia":[{"embeddable":true,"href":"https:\/\/sklep.thepartners.pl\/cs\/wp-json\/wp\/v2\/media\/5831"}],"wp:attachment":[{"href":"https:\/\/sklep.thepartners.pl\/cs\/wp-json\/wp\/v2\/media?parent=5307"}],"wp:term":[{"taxonomy":"product_brand","embeddable":true,"href":"https:\/\/sklep.thepartners.pl\/cs\/wp-json\/wp\/v2\/product_brand?post=5307"},{"taxonomy":"product_cat","embeddable":true,"href":"https:\/\/sklep.thepartners.pl\/cs\/wp-json\/wp\/v2\/product_cat?post=5307"},{"taxonomy":"product_tag","embeddable":true,"href":"https:\/\/sklep.thepartners.pl\/cs\/wp-json\/wp\/v2\/product_tag?post=5307"}],"curies":[{"name":"wp","href":"https:\/\/api.w.org\/{rel}","templated":true}]}}