{"id":5329,"date":"2024-09-16T17:32:09","date_gmt":"2024-09-16T15:32:09","guid":{"rendered":"https:\/\/sklep.thepartners.pl\/produkt\/uszczelniacz-dekarski-sikaseal-121-roof-seal\/"},"modified":"2024-10-02T14:33:05","modified_gmt":"2024-10-02T12:33:05","slug":"uszczelniacz-dekarski-sikaseal-121-roof-seal","status":"publish","type":"product","link":"https:\/\/sklep.thepartners.pl\/cs\/produkt\/uszczelniacz-dekarski-sikaseal-121-roof-seal\/","title":{"rendered":"Sikaseal st\u0159e\u0161n\u00ed tmel 121 Roof Seal"},"content":{"rendered":"<p><strong>121 Roof Seal<\/strong> je vysoce kvalitn\u00ed, pru\u017en\u00fd t\u011bsn\u00edc\u00ed n\u00e1t\u011br ur\u010den\u00fd k ochran\u011b st\u0159ech proti zat\u00e9k\u00e1n\u00ed, vlhkosti a pov\u011btrnostn\u00edm vliv\u016fm. Ide\u00e1ln\u00ed pro opravy a \u00fadr\u017ebu ploch\u00fdch a \u0161ikm\u00fdch st\u0159ech. Tento produkt poskytuje dlouhotrvaj\u00edc\u00ed ochranu a snadno se aplikuje.<\/p>\n","protected":false},"excerpt":{"rendered":"<ul>\n<li><strong>Vodot\u011bsn\u00fd<\/strong><\/li>\n<li><strong>Flexibiln\u00ed<\/strong><\/li>\n<li><strong>Odoln\u00fd v\u016f\u010di pov\u011btrnostn\u00edm vliv\u016fm<\/strong><\/li>\n<li><strong>Snadno se nan\u00e1\u0161\u00ed<\/strong><br \/>\n<strong>Univerz\u00e1ln\u00ed<\/strong><\/li>\n<\/ul>\n","protected":false},"featured_media":6198,"comment_status":"open","ping_status":"closed","template":"","meta":{"_acf_changed":false},"product_brand":[],"product_cat":[141],"product_tag":[],"class_list":{"0":"post-5329","1":"product","2":"type-product","3":"status-publish","4":"has-post-thumbnail","6":"product_cat-silikony-a-tmely","7":"product_shipping_class-kurier-cs","8":"pa_pojemnosc-300ml-cs","9":"pa_producent-sika-cs","11":"first","12":"instock","13":"taxable","14":"shipping-taxable","15":"purchasable","16":"product-type-simple"},"acf":[],"_links":{"self":[{"href":"https:\/\/sklep.thepartners.pl\/cs\/wp-json\/wp\/v2\/product\/5329","targetHints":{"allow":["GET"]}}],"collection":[{"href":"https:\/\/sklep.thepartners.pl\/cs\/wp-json\/wp\/v2\/product"}],"about":[{"href":"https:\/\/sklep.thepartners.pl\/cs\/wp-json\/wp\/v2\/types\/product"}],"replies":[{"embeddable":true,"href":"https:\/\/sklep.thepartners.pl\/cs\/wp-json\/wp\/v2\/comments?post=5329"}],"wp:featuredmedia":[{"embeddable":true,"href":"https:\/\/sklep.thepartners.pl\/cs\/wp-json\/wp\/v2\/media\/6198"}],"wp:attachment":[{"href":"https:\/\/sklep.thepartners.pl\/cs\/wp-json\/wp\/v2\/media?parent=5329"}],"wp:term":[{"taxonomy":"product_brand","embeddable":true,"href":"https:\/\/sklep.thepartners.pl\/cs\/wp-json\/wp\/v2\/product_brand?post=5329"},{"taxonomy":"product_cat","embeddable":true,"href":"https:\/\/sklep.thepartners.pl\/cs\/wp-json\/wp\/v2\/product_cat?post=5329"},{"taxonomy":"product_tag","embeddable":true,"href":"https:\/\/sklep.thepartners.pl\/cs\/wp-json\/wp\/v2\/product_tag?post=5329"}],"curies":[{"name":"wp","href":"https:\/\/api.w.org\/{rel}","templated":true}]}}