{"id":5419,"date":"2024-09-18T11:58:42","date_gmt":"2024-09-18T09:58:42","guid":{"rendered":"https:\/\/sklep.thepartners.pl\/produkt\/sznur-dylatacyjny-sika-rundschnur-pe-8-mm-50mb\/"},"modified":"2024-10-02T14:34:19","modified_gmt":"2024-10-02T12:34:19","slug":"sznur-dylatacyjny-sika-rundschnur-pe-8-mm-50mb","status":"publish","type":"product","link":"https:\/\/sklep.thepartners.pl\/cs\/produkt\/sznur-dylatacyjny-sika-rundschnur-pe-8-mm-50mb\/","title":{"rendered":"Prodlu\u017eovac\u00ed \u0161\u0148\u016fra SIKA RUNDSCHNUR PE 8 mm, 50mb"},"content":{"rendered":"<p><b>Prodlu\u017eovac\u00ed \u0161\u0148\u016fra<\/b> je kvalitn\u00ed kruhov\u00e1 \u0161\u0148\u016fra z p\u011bnov\u00e9ho polyetylenu s uzav\u0159enou bun\u011b\u010dnou strukturou, ur\u010den\u00e1 k vypln\u011bn\u00ed dilata\u010dn\u00edch sp\u00e1r a \u0159\u00edzen\u00e9 spot\u0159eb\u011b t\u011bsn\u00edc\u00ed hmoty. D\u00edky sv\u00e9 pru\u017enosti a odolnosti je ide\u00e1ln\u00ed pro pou\u017eit\u00ed ve stavebnictv\u00ed, poskytuje \u00fa\u010dinn\u00e9 t\u011bsn\u011bn\u00ed a ochranu proti vlhkosti a konstruk\u010dn\u00edm pohyb\u016fm.<\/p>\n","protected":false},"excerpt":{"rendered":"<ul>\n<li><strong>V\u00fdpl\u0148 dilata\u010dn\u00edch sp\u00e1r<\/strong><\/li>\n<li><strong>T\u011bsn\u00edc\u00ed pr\u00e1ce<\/strong><\/li>\n<li><strong>Ochrana proti vlhkosti<\/strong><\/li>\n<li><strong>Dilata\u010dn\u00ed sp\u00e1ry v podlah\u00e1ch a st\u011bn\u00e1ch<\/strong><\/li>\n<\/ul>\n","protected":false},"featured_media":6206,"comment_status":"open","ping_status":"closed","template":"","meta":{"_acf_changed":false},"product_brand":[],"product_cat":[141],"product_tag":[],"class_list":{"0":"post-5419","1":"product","2":"type-product","3":"status-publish","4":"has-post-thumbnail","6":"product_cat-silikony-a-tmely","7":"product_shipping_class-kurier-cs","8":"pa_dlugosc-100-cm-cs","9":"pa_producent-sika-cs","11":"first","12":"instock","13":"taxable","14":"shipping-taxable","15":"purchasable","16":"product-type-simple"},"acf":[],"_links":{"self":[{"href":"https:\/\/sklep.thepartners.pl\/cs\/wp-json\/wp\/v2\/product\/5419","targetHints":{"allow":["GET"]}}],"collection":[{"href":"https:\/\/sklep.thepartners.pl\/cs\/wp-json\/wp\/v2\/product"}],"about":[{"href":"https:\/\/sklep.thepartners.pl\/cs\/wp-json\/wp\/v2\/types\/product"}],"replies":[{"embeddable":true,"href":"https:\/\/sklep.thepartners.pl\/cs\/wp-json\/wp\/v2\/comments?post=5419"}],"wp:featuredmedia":[{"embeddable":true,"href":"https:\/\/sklep.thepartners.pl\/cs\/wp-json\/wp\/v2\/media\/6206"}],"wp:attachment":[{"href":"https:\/\/sklep.thepartners.pl\/cs\/wp-json\/wp\/v2\/media?parent=5419"}],"wp:term":[{"taxonomy":"product_brand","embeddable":true,"href":"https:\/\/sklep.thepartners.pl\/cs\/wp-json\/wp\/v2\/product_brand?post=5419"},{"taxonomy":"product_cat","embeddable":true,"href":"https:\/\/sklep.thepartners.pl\/cs\/wp-json\/wp\/v2\/product_cat?post=5419"},{"taxonomy":"product_tag","embeddable":true,"href":"https:\/\/sklep.thepartners.pl\/cs\/wp-json\/wp\/v2\/product_tag?post=5419"}],"curies":[{"name":"wp","href":"https:\/\/api.w.org\/{rel}","templated":true}]}}