{"id":5422,"date":"2024-09-20T09:02:28","date_gmt":"2024-09-20T07:02:28","guid":{"rendered":"https:\/\/sklep.thepartners.pl\/produkt\/tasma-sealtape-f-pl-3-pp-sika-10mb\/"},"modified":"2024-10-02T14:33:59","modified_gmt":"2024-10-02T12:33:59","slug":"tasma-sealtape-f-pl-3-pp-sika-10mb","status":"publish","type":"product","link":"https:\/\/sklep.thepartners.pl\/cs\/produkt\/tasma-sealtape-f-pl-3-pp-sika-10mb\/","title":{"rendered":"P\u00e1ska SealTape F PL 3 PP Sika 10mb"},"content":{"rendered":"<p>Sika\u00ae SealTape F je flexibiln\u00ed t\u011bsn\u00edc\u00ed p\u00e1ska ur\u010den\u00e1 pro zpevn\u011bn\u00ed m\u00edst vystaven\u00fdch net\u011bsnostem a zaji\u0161t\u011bn\u00ed vodot\u011bsn\u00fdch z\u00f3n v kombinaci s hydroizola\u010dn\u00edmi syst\u00e9my. P\u00e1ska je ide\u00e1ln\u00ed pro pou\u017eit\u00ed v &#8222;mokr\u00fdch&#8220; m\u00edstnostech, jako jsou koupelny, kuchyn\u011b, pr\u00e1delny, ale i na terasy, balkony a baz\u00e9ny.<\/p>\n<p>D\u00edky sv\u00e9 vysok\u00e9 pru\u017enosti \u00fa\u010dinn\u011b p\u0159eklenuje trhliny a vyrovn\u00e1v\u00e1 pohyby podkladu a poskytuje dlouhodobou ochranu proti vod\u011b. P\u00e1ska se doporu\u010duje zejm\u00e9na pro ut\u011bsn\u011bn\u00ed kritick\u00fdch m\u00edst, jako jsou sp\u00e1ry st\u011bn a podlah, rohy, dilata\u010dn\u00ed sp\u00e1ry a prostupy potrub\u00ed.<\/p>\n","protected":false},"excerpt":{"rendered":"<ul>\n<li><strong>Vysok\u00e1 odolnost proti vod\u011b a vlhkosti,<\/strong><\/li>\n<li><strong>Vynikaj\u00edc\u00ed flexibilita umo\u017e\u0148uj\u00edc\u00ed kompenzaci pohyb\u016f zem\u011b,<\/strong><\/li>\n<li><strong>Odolnost v\u016f\u010di chemik\u00e1li\u00edm a pov\u011btrnostn\u00edm vliv\u016fm,<\/strong><\/li>\n<li><strong>Kompatibilita s hydroizola\u010dn\u00edmi syst\u00e9my, jako jsou membr\u00e1ny a t\u011bsn\u00edc\u00ed malty.<\/strong><\/li>\n<\/ul>\n","protected":false},"featured_media":6208,"comment_status":"open","ping_status":"closed","template":"","meta":{"_acf_changed":false},"product_brand":[],"product_cat":[583],"product_tag":[],"class_list":{"0":"post-5422","1":"product","2":"type-product","3":"status-publish","4":"has-post-thumbnail","6":"product_cat-hydroizolace","7":"product_shipping_class-transport-gratis-cs","8":"pa_darmowa-dostawa-ano","9":"pa_producent-sika-cs","11":"first","12":"instock","13":"taxable","14":"shipping-taxable","15":"purchasable","16":"product-type-simple"},"acf":[],"_links":{"self":[{"href":"https:\/\/sklep.thepartners.pl\/cs\/wp-json\/wp\/v2\/product\/5422","targetHints":{"allow":["GET"]}}],"collection":[{"href":"https:\/\/sklep.thepartners.pl\/cs\/wp-json\/wp\/v2\/product"}],"about":[{"href":"https:\/\/sklep.thepartners.pl\/cs\/wp-json\/wp\/v2\/types\/product"}],"replies":[{"embeddable":true,"href":"https:\/\/sklep.thepartners.pl\/cs\/wp-json\/wp\/v2\/comments?post=5422"}],"wp:featuredmedia":[{"embeddable":true,"href":"https:\/\/sklep.thepartners.pl\/cs\/wp-json\/wp\/v2\/media\/6208"}],"wp:attachment":[{"href":"https:\/\/sklep.thepartners.pl\/cs\/wp-json\/wp\/v2\/media?parent=5422"}],"wp:term":[{"taxonomy":"product_brand","embeddable":true,"href":"https:\/\/sklep.thepartners.pl\/cs\/wp-json\/wp\/v2\/product_brand?post=5422"},{"taxonomy":"product_cat","embeddable":true,"href":"https:\/\/sklep.thepartners.pl\/cs\/wp-json\/wp\/v2\/product_cat?post=5422"},{"taxonomy":"product_tag","embeddable":true,"href":"https:\/\/sklep.thepartners.pl\/cs\/wp-json\/wp\/v2\/product_tag?post=5422"}],"curies":[{"name":"wp","href":"https:\/\/api.w.org\/{rel}","templated":true}]}}