{"id":5424,"date":"2024-09-20T09:08:33","date_gmt":"2024-09-20T07:08:33","guid":{"rendered":"https:\/\/sklep.thepartners.pl\/produkt\/tasma-sealtape-s-sika-10mb\/"},"modified":"2024-10-02T14:34:48","modified_gmt":"2024-10-02T12:34:48","slug":"tasma-sealtape-s-sika-10mb","status":"publish","type":"product","link":"https:\/\/sklep.thepartners.pl\/cs\/produkt\/tasma-sealtape-s-sika-10mb\/","title":{"rendered":"P\u00e1ska SealTape S Sika 10mb"},"content":{"rendered":"<p><strong>SealTape S<\/strong> je flexibiln\u00ed t\u011bsn\u00edc\u00ed p\u00e1ska, speci\u00e1ln\u011b navr\u017een\u00e1 pro zpevn\u011bn\u00ed z\u00f3n vystaven\u00fdch vlhkosti a vod\u011b. P\u00e1ska se pou\u017e\u00edv\u00e1 ve spojen\u00ed s hydroizola\u010dn\u00edmi syst\u00e9my pro zaji\u0161t\u011bn\u00ed spolehliv\u00e9 hydroizolace v kritick\u00fdch oblastech, jako jsou spoje st\u011bn a podlah, rohy, jako\u017e i prostupy potrub\u00ed a dilata\u010dn\u00ed sp\u00e1ry.<\/p>\n<p>&nbsp;<\/p>\n","protected":false},"excerpt":{"rendered":"<ul>\n<li><strong>Vysok\u00e1 flexibilita umo\u017e\u0148uj\u00edc\u00ed kompenzovat pohyby zem\u011b,<\/strong><\/li>\n<li><strong>Odolnost proti vlhkosti, vod\u011b a chemik\u00e1li\u00edm,<\/strong><\/li>\n<li><strong>Snadno se instaluje a je kompatibiln\u00ed s r\u016fzn\u00fdmi hydroizola\u010dn\u00edmi syst\u00e9my.<\/strong><\/li>\n<\/ul>\n","protected":false},"featured_media":6211,"comment_status":"open","ping_status":"closed","template":"","meta":{"_acf_changed":false},"product_brand":[],"product_cat":[583],"product_tag":[],"class_list":{"0":"post-5424","1":"product","2":"type-product","3":"status-publish","4":"has-post-thumbnail","6":"product_cat-hydroizolace","7":"product_shipping_class-kurier-cs","8":"pa_dlugosc-10mb-cs","9":"pa_producent-sika-cs","11":"first","12":"instock","13":"taxable","14":"shipping-taxable","15":"purchasable","16":"product-type-simple"},"acf":[],"_links":{"self":[{"href":"https:\/\/sklep.thepartners.pl\/cs\/wp-json\/wp\/v2\/product\/5424","targetHints":{"allow":["GET"]}}],"collection":[{"href":"https:\/\/sklep.thepartners.pl\/cs\/wp-json\/wp\/v2\/product"}],"about":[{"href":"https:\/\/sklep.thepartners.pl\/cs\/wp-json\/wp\/v2\/types\/product"}],"replies":[{"embeddable":true,"href":"https:\/\/sklep.thepartners.pl\/cs\/wp-json\/wp\/v2\/comments?post=5424"}],"wp:featuredmedia":[{"embeddable":true,"href":"https:\/\/sklep.thepartners.pl\/cs\/wp-json\/wp\/v2\/media\/6211"}],"wp:attachment":[{"href":"https:\/\/sklep.thepartners.pl\/cs\/wp-json\/wp\/v2\/media?parent=5424"}],"wp:term":[{"taxonomy":"product_brand","embeddable":true,"href":"https:\/\/sklep.thepartners.pl\/cs\/wp-json\/wp\/v2\/product_brand?post=5424"},{"taxonomy":"product_cat","embeddable":true,"href":"https:\/\/sklep.thepartners.pl\/cs\/wp-json\/wp\/v2\/product_cat?post=5424"},{"taxonomy":"product_tag","embeddable":true,"href":"https:\/\/sklep.thepartners.pl\/cs\/wp-json\/wp\/v2\/product_tag?post=5424"}],"curies":[{"name":"wp","href":"https:\/\/api.w.org\/{rel}","templated":true}]}}