{"id":5425,"date":"2024-09-20T12:46:10","date_gmt":"2024-09-20T10:46:10","guid":{"rendered":"https:\/\/sklep.thepartners.pl\/produkt\/klejdo-glazury-sikabond-t8\/"},"modified":"2024-10-02T14:34:37","modified_gmt":"2024-10-02T12:34:37","slug":"klejdo-glazury-sikabond-t8","status":"publish","type":"product","link":"https:\/\/sklep.thepartners.pl\/cs\/produkt\/klejdo-glazury-sikabond-t8\/","title":{"rendered":"Lepidlo na dla\u017edice SikaBond\u00ae-T8 10L"},"content":{"rendered":"<p><strong>SikaBond\u00ae-T8<\/strong> je flexibiln\u00ed, jednoslo\u017ekov\u00e9 polyuretanov\u00e9 lepidlo s hydroizola\u010dn\u00edmi vlastnostmi, ur\u010den\u00e9 k sou\u010dasn\u00e9mu lepen\u00ed a tmelen\u00ed povrch\u016f. Jedn\u00e1 se o produkt, kter\u00fd m\u00e1 dvoj\u00ed funkci \u2013 p\u016fsob\u00ed jako lepidlo na obklady i hydroizolaci, co\u017e z n\u011bj d\u011bl\u00e1 ide\u00e1ln\u00ed \u0159e\u0161en\u00ed pro pou\u017eit\u00ed na m\u00edstech vystaven\u00fdch vod\u011b a vlhkosti, jako jsou terasy, balkony a dal\u0161\u00ed venkovn\u00ed povrchy.<\/p>\n<h3><\/h3>\n","protected":false},"excerpt":{"rendered":"<ul>\n<li><strong>Dvoufunk\u010dn\u00ed lepidlo a hydroizolace<\/strong><\/li>\n<li><strong>Flexibilita: kompenzuje pohyby podkladu, co\u017e zabra\u0148uje prasklin\u00e1m v dla\u017edic\u00edch.<\/strong><\/li>\n<li><strong>Odolnost v\u016f\u010di pov\u011btrnostn\u00edm vliv\u016fm: odoln\u00e1 v\u016f\u010di vod\u011b, vlhkosti a m\u011bn\u00edc\u00edm se pov\u011btrnostn\u00edm podm\u00ednk\u00e1m<\/strong><\/li>\n<li><strong>Snadn\u00e1 aplikace<\/strong><\/li>\n<\/ul>\n","protected":false},"featured_media":6213,"comment_status":"open","ping_status":"closed","template":"","meta":{"_acf_changed":false},"product_brand":[],"product_cat":[318],"product_tag":[],"class_list":{"0":"post-5425","1":"product","2":"type-product","3":"status-publish","4":"has-post-thumbnail","6":"product_cat-lepidlo-na-dlazdice","7":"product_shipping_class-kurier-dhl-cs","8":"pa_pojemnosc-10l-cs","9":"pa_pojemnosc-5l-cs","10":"pa_producent-sika-cs","12":"first","13":"instock","14":"taxable","15":"shipping-taxable","16":"purchasable","17":"product-type-variable"},"acf":[],"_links":{"self":[{"href":"https:\/\/sklep.thepartners.pl\/cs\/wp-json\/wp\/v2\/product\/5425","targetHints":{"allow":["GET"]}}],"collection":[{"href":"https:\/\/sklep.thepartners.pl\/cs\/wp-json\/wp\/v2\/product"}],"about":[{"href":"https:\/\/sklep.thepartners.pl\/cs\/wp-json\/wp\/v2\/types\/product"}],"replies":[{"embeddable":true,"href":"https:\/\/sklep.thepartners.pl\/cs\/wp-json\/wp\/v2\/comments?post=5425"}],"wp:featuredmedia":[{"embeddable":true,"href":"https:\/\/sklep.thepartners.pl\/cs\/wp-json\/wp\/v2\/media\/6213"}],"wp:attachment":[{"href":"https:\/\/sklep.thepartners.pl\/cs\/wp-json\/wp\/v2\/media?parent=5425"}],"wp:term":[{"taxonomy":"product_brand","embeddable":true,"href":"https:\/\/sklep.thepartners.pl\/cs\/wp-json\/wp\/v2\/product_brand?post=5425"},{"taxonomy":"product_cat","embeddable":true,"href":"https:\/\/sklep.thepartners.pl\/cs\/wp-json\/wp\/v2\/product_cat?post=5425"},{"taxonomy":"product_tag","embeddable":true,"href":"https:\/\/sklep.thepartners.pl\/cs\/wp-json\/wp\/v2\/product_tag?post=5425"}],"curies":[{"name":"wp","href":"https:\/\/api.w.org\/{rel}","templated":true}]}}