{"id":5431,"date":"2024-09-20T15:45:23","date_gmt":"2024-09-20T13:45:23","guid":{"rendered":"https:\/\/sklep.thepartners.pl\/produkt\/grunt-sikaceram-935-primer\/"},"modified":"2024-10-02T14:36:42","modified_gmt":"2024-10-02T12:36:42","slug":"grunt-sikaceram-935-primer","status":"publish","type":"product","link":"https:\/\/sklep.thepartners.pl\/cs\/produkt\/grunt-sikaceram-935-primer\/","title":{"rendered":"Zem\u011b SikaCeram\u00ae-935 Primer"},"content":{"rendered":"<p>Jedn\u00e1 se o jednoslo\u017ekov\u00fd z\u00e1kladn\u00ed n\u00e1t\u011br na b\u00e1zi akryl\u00e1tov\u00e9 disperze p\u0159ipraven\u00fd k pou\u017eit\u00ed, ur\u010den\u00fd k p\u0159\u00edprav\u011b podklad\u016f p\u0159ed pokl\u00e1dkou keramick\u00fdch obklad\u016f a jin\u00fdch dokon\u010dovac\u00edch materi\u00e1l\u016f. Z\u00e1kladn\u00ed n\u00e1t\u011br zlep\u0161uje p\u0159ilnavost lepic\u00edch malt na obt\u00ed\u017en\u00e9 a sav\u00e9 podklady a zaji\u0161\u0165uje spr\u00e1vnou p\u0159\u00edpravu povrchu uvnit\u0159 i vn\u011b budov. Je zvl\u00e1\u0161t\u011b \u00fa\u010dinn\u00fd v m\u00edstech, kde je pot\u0159eba sn\u00ed\u017eit nas\u00e1kavost podkladu a zpevnit jeho strukturu.<\/p>\n","protected":false},"excerpt":{"rendered":"<ul>\n<li><strong>P\u0159\u00edprava podklad\u016f<\/strong><\/li>\n<li><strong>Mokr\u00e9 m\u00edstnosti<\/strong><\/li>\n<li><strong>Obt\u00ed\u017en\u00e1 p\u016fda<\/strong><\/li>\n<li><strong>Renovace<\/strong><\/li>\n<\/ul>\n","protected":false},"featured_media":6218,"comment_status":"open","ping_status":"closed","template":"","meta":{"_acf_changed":false},"product_brand":[],"product_cat":[1407,140],"product_tag":[],"class_list":{"0":"post-5431","1":"product","2":"type-product","3":"status-publish","4":"has-post-thumbnail","6":"product_cat-zvlastni-nabidka","7":"product_cat-plastifikatory-a-zakladni-natery","8":"product_shipping_class-kurier-cs","9":"pa_darmowa-dostawa-ano","10":"pa_producent-sika-cs","12":"first","13":"instock","14":"taxable","15":"shipping-taxable","16":"purchasable","17":"product-type-simple"},"acf":[],"_links":{"self":[{"href":"https:\/\/sklep.thepartners.pl\/cs\/wp-json\/wp\/v2\/product\/5431","targetHints":{"allow":["GET"]}}],"collection":[{"href":"https:\/\/sklep.thepartners.pl\/cs\/wp-json\/wp\/v2\/product"}],"about":[{"href":"https:\/\/sklep.thepartners.pl\/cs\/wp-json\/wp\/v2\/types\/product"}],"replies":[{"embeddable":true,"href":"https:\/\/sklep.thepartners.pl\/cs\/wp-json\/wp\/v2\/comments?post=5431"}],"wp:featuredmedia":[{"embeddable":true,"href":"https:\/\/sklep.thepartners.pl\/cs\/wp-json\/wp\/v2\/media\/6218"}],"wp:attachment":[{"href":"https:\/\/sklep.thepartners.pl\/cs\/wp-json\/wp\/v2\/media?parent=5431"}],"wp:term":[{"taxonomy":"product_brand","embeddable":true,"href":"https:\/\/sklep.thepartners.pl\/cs\/wp-json\/wp\/v2\/product_brand?post=5431"},{"taxonomy":"product_cat","embeddable":true,"href":"https:\/\/sklep.thepartners.pl\/cs\/wp-json\/wp\/v2\/product_cat?post=5431"},{"taxonomy":"product_tag","embeddable":true,"href":"https:\/\/sklep.thepartners.pl\/cs\/wp-json\/wp\/v2\/product_tag?post=5431"}],"curies":[{"name":"wp","href":"https:\/\/api.w.org\/{rel}","templated":true}]}}