{"id":5438,"date":"2024-09-23T08:48:15","date_gmt":"2024-09-23T06:48:15","guid":{"rendered":"https:\/\/sklep.thepartners.pl\/produkt\/klej-montazowy-sikaflex-118-extreme-grab\/"},"modified":"2024-10-02T14:38:06","modified_gmt":"2024-10-02T12:38:06","slug":"klej-montazowy-sikaflex-118-extreme-grab","status":"publish","type":"product","link":"https:\/\/sklep.thepartners.pl\/cs\/produkt\/klej-montazowy-sikaflex-118-extreme-grab\/","title":{"rendered":"Mont\u00e1\u017en\u00ed lepidlo Sikaflex\u00ae-118 Extreme Grab b\u00edl\u00fd"},"content":{"rendered":"<p>Jednoslo\u017ekov\u00e9 mont\u00e1\u017en\u00ed lepidlo na b\u00e1zi polyuretanu s vysokou pevnost\u00ed, vyzna\u010duj\u00edc\u00ed se extr\u00e9mn\u011b vysokou po\u010d\u00e1te\u010dn\u00ed pevnost\u00ed lepen\u00ed. D\u00edky tomu je ide\u00e1ln\u00ed pro t\u011b\u017ek\u00e9 materi\u00e1ly a prvky, kter\u00e9 je t\u0159eba okam\u017eit\u011b p\u0159ipevnit bez pot\u0159eby dal\u0161\u00ed podpory. V\u00fdrobek je ur\u010den pro pou\u017eit\u00ed na mnoha r\u016fzn\u00fdch povr\u0161\u00edch, a to jak uvnit\u0159, tak venku.<\/p>\n","protected":false},"excerpt":{"rendered":"<ul>\n<li><strong>Mont\u00e1\u017e t\u011b\u017ek\u00fdch prvk\u016f<\/strong><\/li>\n<li><strong>Lepen\u00ed na r\u016fzn\u00e9 podklady<\/strong><\/li>\n<li><strong>Stavebn\u00ed a renova\u010dn\u00ed pr\u00e1ce<\/strong><\/li>\n<li><strong>Venkovn\u00ed i vnit\u0159n\u00ed pou\u017eit\u00ed<\/strong><\/li>\n<\/ul>\n","protected":false},"featured_media":6225,"comment_status":"open","ping_status":"closed","template":"","meta":{"_acf_changed":false},"product_brand":[],"product_cat":[141],"product_tag":[],"class_list":{"0":"post-5438","1":"product","2":"type-product","3":"status-publish","4":"has-post-thumbnail","6":"product_cat-silikony-a-tmely","7":"product_shipping_class-kurier-cs","8":"pa_pojemnosc-290ml-cs","9":"pa_producent-sika-cs","11":"first","12":"instock","13":"taxable","14":"shipping-taxable","15":"purchasable","16":"product-type-simple"},"acf":[],"_links":{"self":[{"href":"https:\/\/sklep.thepartners.pl\/cs\/wp-json\/wp\/v2\/product\/5438","targetHints":{"allow":["GET"]}}],"collection":[{"href":"https:\/\/sklep.thepartners.pl\/cs\/wp-json\/wp\/v2\/product"}],"about":[{"href":"https:\/\/sklep.thepartners.pl\/cs\/wp-json\/wp\/v2\/types\/product"}],"replies":[{"embeddable":true,"href":"https:\/\/sklep.thepartners.pl\/cs\/wp-json\/wp\/v2\/comments?post=5438"}],"wp:featuredmedia":[{"embeddable":true,"href":"https:\/\/sklep.thepartners.pl\/cs\/wp-json\/wp\/v2\/media\/6225"}],"wp:attachment":[{"href":"https:\/\/sklep.thepartners.pl\/cs\/wp-json\/wp\/v2\/media?parent=5438"}],"wp:term":[{"taxonomy":"product_brand","embeddable":true,"href":"https:\/\/sklep.thepartners.pl\/cs\/wp-json\/wp\/v2\/product_brand?post=5438"},{"taxonomy":"product_cat","embeddable":true,"href":"https:\/\/sklep.thepartners.pl\/cs\/wp-json\/wp\/v2\/product_cat?post=5438"},{"taxonomy":"product_tag","embeddable":true,"href":"https:\/\/sklep.thepartners.pl\/cs\/wp-json\/wp\/v2\/product_tag?post=5438"}],"curies":[{"name":"wp","href":"https:\/\/api.w.org\/{rel}","templated":true}]}}