{"id":5440,"date":"2024-09-23T10:25:43","date_gmt":"2024-09-23T08:25:43","guid":{"rendered":"https:\/\/sklep.thepartners.pl\/produkt\/5230\/"},"modified":"2024-10-02T14:38:34","modified_gmt":"2024-10-02T12:38:34","slug":"5230","status":"publish","type":"product","link":"https:\/\/sklep.thepartners.pl\/cs\/produkt\/5230\/","title":{"rendered":"Transparentn\u00ed lepidlo a tmel Sikaflex\u00ae-112 Crystal Clear"},"content":{"rendered":"<p>Jednoslo\u017ekov\u00e9, transparentn\u00ed lepidlo a tmel se \u0161irok\u00fdm spektrem pou\u017eit\u00ed, ide\u00e1ln\u00ed pro lepen\u00ed a tmelen\u00ed r\u016fzn\u00fdch stavebn\u00edch materi\u00e1l\u016f. V\u00fdrobek je pln\u011b transparentn\u00ed, tak\u017ee je vhodn\u00fd pro estetick\u00e9 aplikace, kde by nem\u011blo b\u00fdt vid\u011bt lepidlo nebo tmel. Lze jej pou\u017e\u00edt v interi\u00e9ru i exteri\u00e9ru a jeho slo\u017een\u00ed poskytuje vynikaj\u00edc\u00ed p\u0159ilnavost, ani\u017e by bylo nutn\u00e9 v\u011bt\u0161inu povrch\u016f nejprve napenetrovat.<\/p>\n","protected":false},"excerpt":{"rendered":"<ul>\n<li><strong>Pln\u00e1 pr\u016fhlednost<\/strong><\/li>\n<li><strong>V\u0161estrannost<\/strong><\/li>\n<li><strong>Snadn\u00e1 aplikace<\/strong><\/li>\n<li><strong>Odolnost v\u016f\u010di pov\u011btrnostn\u00edm vliv\u016fm<\/strong><\/li>\n<li><strong>V\u00fdborn\u00e1 p\u0159ilnavost bez primeru<\/strong><\/li>\n<\/ul>\n","protected":false},"featured_media":6229,"comment_status":"open","ping_status":"closed","template":"","meta":{"_acf_changed":false},"product_brand":[],"product_cat":[141],"product_tag":[],"class_list":{"0":"post-5440","1":"product","2":"type-product","3":"status-publish","4":"has-post-thumbnail","6":"product_cat-silikony-a-tmely","7":"product_shipping_class-kurier-cs","8":"pa_pojemnosc-290ml-cs","9":"pa_producent-sika-cs","11":"first","12":"instock","13":"taxable","14":"shipping-taxable","15":"purchasable","16":"product-type-simple"},"acf":[],"_links":{"self":[{"href":"https:\/\/sklep.thepartners.pl\/cs\/wp-json\/wp\/v2\/product\/5440","targetHints":{"allow":["GET"]}}],"collection":[{"href":"https:\/\/sklep.thepartners.pl\/cs\/wp-json\/wp\/v2\/product"}],"about":[{"href":"https:\/\/sklep.thepartners.pl\/cs\/wp-json\/wp\/v2\/types\/product"}],"replies":[{"embeddable":true,"href":"https:\/\/sklep.thepartners.pl\/cs\/wp-json\/wp\/v2\/comments?post=5440"}],"wp:featuredmedia":[{"embeddable":true,"href":"https:\/\/sklep.thepartners.pl\/cs\/wp-json\/wp\/v2\/media\/6229"}],"wp:attachment":[{"href":"https:\/\/sklep.thepartners.pl\/cs\/wp-json\/wp\/v2\/media?parent=5440"}],"wp:term":[{"taxonomy":"product_brand","embeddable":true,"href":"https:\/\/sklep.thepartners.pl\/cs\/wp-json\/wp\/v2\/product_brand?post=5440"},{"taxonomy":"product_cat","embeddable":true,"href":"https:\/\/sklep.thepartners.pl\/cs\/wp-json\/wp\/v2\/product_cat?post=5440"},{"taxonomy":"product_tag","embeddable":true,"href":"https:\/\/sklep.thepartners.pl\/cs\/wp-json\/wp\/v2\/product_tag?post=5440"}],"curies":[{"name":"wp","href":"https:\/\/api.w.org\/{rel}","templated":true}]}}