{"id":5577,"date":"2024-09-23T10:55:46","date_gmt":"2024-09-23T08:55:46","guid":{"rendered":"https:\/\/sklep.thepartners.pl\/produkt\/klej-i-uszczelniacz-sikaflex-11-fc-purform-betonowo-szary\/"},"modified":"2024-10-02T14:40:52","modified_gmt":"2024-10-02T12:40:52","slug":"klej-i-uszczelniacz-sikaflex-11-fc-purform-betonowo-szary","status":"publish","type":"product","link":"https:\/\/sklep.thepartners.pl\/cs\/produkt\/klej-i-uszczelniacz-sikaflex-11-fc-purform-betonowo-szary\/","title":{"rendered":"Lepidlo a tmel  Sikaflex\u00ae-11 FC Purform b\u00edl\u00fd"},"content":{"rendered":"<p>Jednoslo\u017ekov\u00e9 flexibiln\u00ed lepidlo a tmel na b\u00e1zi nejnov\u011bj\u0161\u00ed polyuretanov\u00e9 technologie Purform\u00ae. V\u00fdrobek je ur\u010den k pou\u017eit\u00ed jako vysoce v\u00fdkonn\u00fd sp\u00e1rovac\u00ed tmel a siln\u00e9 mont\u00e1\u017en\u00ed lepidlo na r\u016fzn\u00e9 stavebn\u00ed materi\u00e1ly. Sikaflex\u00ae-11 FC Purform\u00ae poskytuje vynikaj\u00edc\u00ed odolnost proti pov\u011btrnostn\u00edm vliv\u016fm a vysokou pevnost, d\u00edky \u010demu\u017e je vhodn\u00fd pro vnit\u0159n\u00ed i venkovn\u00ed aplikace.<\/p>\n","protected":false},"excerpt":{"rendered":"<ul>\n<li><strong>T\u011bsn\u011bn\u00ed sp\u00e1r<\/strong><\/li>\n<li><strong>Lepen\u00ed stavebn\u00edch materi\u00e1l\u016f<\/strong><\/li>\n<li><strong>Aplikace ve stavebnictv\u00ed<\/strong><\/li>\n<li><strong>Aplikace v pr\u016fmyslu a logistice<\/strong><\/li>\n<\/ul>\n","protected":false},"featured_media":6232,"comment_status":"open","ping_status":"closed","template":"","meta":{"_acf_changed":false},"product_brand":[],"product_cat":[1407,141],"product_tag":[],"class_list":{"0":"post-5577","1":"product","2":"type-product","3":"status-publish","4":"has-post-thumbnail","6":"product_cat-zvlastni-nabidka","7":"product_cat-silikony-a-tmely","8":"product_shipping_class-kurier-cs","9":"pa_pojemnosc-300ml-cs","10":"pa_producent-sika-cs","12":"first","13":"instock","14":"sale","15":"taxable","16":"shipping-taxable","17":"purchasable","18":"product-type-simple"},"acf":[],"_links":{"self":[{"href":"https:\/\/sklep.thepartners.pl\/cs\/wp-json\/wp\/v2\/product\/5577","targetHints":{"allow":["GET"]}}],"collection":[{"href":"https:\/\/sklep.thepartners.pl\/cs\/wp-json\/wp\/v2\/product"}],"about":[{"href":"https:\/\/sklep.thepartners.pl\/cs\/wp-json\/wp\/v2\/types\/product"}],"replies":[{"embeddable":true,"href":"https:\/\/sklep.thepartners.pl\/cs\/wp-json\/wp\/v2\/comments?post=5577"}],"wp:featuredmedia":[{"embeddable":true,"href":"https:\/\/sklep.thepartners.pl\/cs\/wp-json\/wp\/v2\/media\/6232"}],"wp:attachment":[{"href":"https:\/\/sklep.thepartners.pl\/cs\/wp-json\/wp\/v2\/media?parent=5577"}],"wp:term":[{"taxonomy":"product_brand","embeddable":true,"href":"https:\/\/sklep.thepartners.pl\/cs\/wp-json\/wp\/v2\/product_brand?post=5577"},{"taxonomy":"product_cat","embeddable":true,"href":"https:\/\/sklep.thepartners.pl\/cs\/wp-json\/wp\/v2\/product_cat?post=5577"},{"taxonomy":"product_tag","embeddable":true,"href":"https:\/\/sklep.thepartners.pl\/cs\/wp-json\/wp\/v2\/product_tag?post=5577"}],"curies":[{"name":"wp","href":"https:\/\/api.w.org\/{rel}","templated":true}]}}