{"id":5848,"date":"2024-09-25T15:12:56","date_gmt":"2024-09-25T13:12:56","guid":{"rendered":"https:\/\/sklep.thepartners.pl\/produkt\/asfalt-drogowy-jurga-25kg\/"},"modified":"2024-10-01T14:50:21","modified_gmt":"2024-10-01T12:50:21","slug":"asfalt-drogowy-jurga-25kg","status":"publish","type":"product","link":"https:\/\/sklep.thepartners.pl\/cs\/produkt\/asfalt-drogowy-jurga-25kg\/","title":{"rendered":"Silni\u010dn\u00ed asfalt Jurga 25KG"},"content":{"rendered":"<p><strong>Silni\u010dn\u00ed asfalt<\/strong> je spolehliv\u00fd a odoln\u00fd materi\u00e1l ur\u010den\u00fd pro v\u00fdstavbu a modernizaci povrch\u016f vozovek, parkovi\u0161\u0165, cyklostezek a man\u00e9vrovac\u00edch ploch. Tento v\u00fdrobek se vyzna\u010duje vynikaj\u00edc\u00ed p\u0159ilnavost\u00ed, odolnost\u00ed v\u016f\u010di m\u011bn\u00edc\u00edm se pov\u011btrnostn\u00edm podm\u00ednk\u00e1m a vysokou odolnost\u00ed proti mechanick\u00e9mu zat\u00ed\u017een\u00ed.<\/p>\n","protected":false},"excerpt":{"rendered":"<ul>\n<li><strong>Odolnost proti po\u0161kozen\u00ed<\/strong><\/li>\n<li><strong>V\u00fdborn\u00e1 p\u0159ilnavost<\/strong><\/li>\n<li><strong>Odolnost v\u016f\u010di pov\u011btrnostn\u00edm vliv\u016fm<\/strong><\/li>\n<li><strong>Snadn\u00e1 aplikace<\/strong><\/li>\n<\/ul>\n","protected":false},"featured_media":5829,"comment_status":"open","ping_status":"closed","template":"","meta":{"_acf_changed":false},"product_brand":[],"product_cat":[583,938],"product_tag":[1078],"class_list":{"0":"post-5848","1":"product","2":"type-product","3":"status-publish","4":"has-post-thumbnail","6":"product_cat-hydroizolace","7":"product_cat-bituminozni","8":"product_tag-asfalt-drogowy-cs","9":"product_shipping_class-kurier-cs","10":"pa_producent-jurga-cs","12":"first","13":"instock","14":"taxable","15":"shipping-taxable","16":"purchasable","17":"product-type-simple"},"acf":[],"_links":{"self":[{"href":"https:\/\/sklep.thepartners.pl\/cs\/wp-json\/wp\/v2\/product\/5848","targetHints":{"allow":["GET"]}}],"collection":[{"href":"https:\/\/sklep.thepartners.pl\/cs\/wp-json\/wp\/v2\/product"}],"about":[{"href":"https:\/\/sklep.thepartners.pl\/cs\/wp-json\/wp\/v2\/types\/product"}],"replies":[{"embeddable":true,"href":"https:\/\/sklep.thepartners.pl\/cs\/wp-json\/wp\/v2\/comments?post=5848"}],"wp:featuredmedia":[{"embeddable":true,"href":"https:\/\/sklep.thepartners.pl\/cs\/wp-json\/wp\/v2\/media\/5829"}],"wp:attachment":[{"href":"https:\/\/sklep.thepartners.pl\/cs\/wp-json\/wp\/v2\/media?parent=5848"}],"wp:term":[{"taxonomy":"product_brand","embeddable":true,"href":"https:\/\/sklep.thepartners.pl\/cs\/wp-json\/wp\/v2\/product_brand?post=5848"},{"taxonomy":"product_cat","embeddable":true,"href":"https:\/\/sklep.thepartners.pl\/cs\/wp-json\/wp\/v2\/product_cat?post=5848"},{"taxonomy":"product_tag","embeddable":true,"href":"https:\/\/sklep.thepartners.pl\/cs\/wp-json\/wp\/v2\/product_tag?post=5848"}],"curies":[{"name":"wp","href":"https:\/\/api.w.org\/{rel}","templated":true}]}}