{"id":5870,"date":"2024-09-25T15:26:51","date_gmt":"2024-09-25T13:26:51","guid":{"rendered":"https:\/\/sklep.thepartners.pl\/produkt\/plynny-plastyfikator-do-betonu-betonmix-jurga-5l\/"},"modified":"2024-10-01T14:52:09","modified_gmt":"2024-10-01T12:52:09","slug":"plynny-plastyfikator-do-betonu-betonmix-jurga-5l","status":"publish","type":"product","link":"https:\/\/sklep.thepartners.pl\/cs\/produkt\/plynny-plastyfikator-do-betonu-betonmix-jurga-5l\/","title":{"rendered":"Tekut\u00fd plastifik\u00e1tor do betonu BETONMIX JURGA 5L"},"content":{"rendered":"<p><strong>BETONMIX JURGA <\/strong>je modern\u00ed tekut\u00e9 zm\u011bk\u010dovadlo betonu, kter\u00e9 v\u00fdrazn\u011b zlep\u0161uje vlastnosti betonov\u00e9 sm\u011bsi. Zm\u011bk\u010dovadlo d\u00edky sv\u00e9 unik\u00e1tn\u00ed receptu\u0159e sni\u017euje mno\u017estv\u00ed vody ve sm\u011bsi a z\u00e1rove\u0148 zvy\u0161uje jej\u00ed plasticitu a usnad\u0148uje aplikaci. Perfektn\u00ed pro pou\u017eit\u00ed v bytov\u00e9 a pr\u016fmyslov\u00e9 v\u00fdstavb\u011b a pro vytv\u00e1\u0159en\u00ed prefabrikovan\u00fdch betonov\u00fdch prvk\u016f.<\/p>\n<p>D\u00edky tomuto produktu je beton homogenn\u011bj\u0161\u00ed, trvanliv\u011bj\u0161\u00ed a odoln\u011bj\u0161\u00ed v\u016f\u010di mechanick\u00e9mu po\u0161kozen\u00ed a m\u011bn\u00edc\u00edm se pov\u011btrnostn\u00edm podm\u00ednk\u00e1m. BETONMIX JURGA je ide\u00e1ln\u00ed pro n\u00e1ro\u010dn\u00e9 pracovn\u00ed podm\u00ednky, minimalizuje riziko prasklin a usnad\u0148uje rovnom\u011brn\u00e9 rozlo\u017een\u00ed sm\u011bsi.<\/p>\n","protected":false},"excerpt":{"rendered":"<ul>\n<li><strong>Zv\u00fd\u0161en\u00e1 plasticita<\/strong><\/li>\n<li><strong>Sn\u00ed\u017een\u00ed mno\u017estv\u00ed vody<\/strong><\/li>\n<li><strong>Ochrana proti prasknut\u00ed<\/strong><\/li>\n<li><strong>Lep\u0161\u00ed p\u0159ilnavost<\/strong><\/li>\n<li><strong>Ekonomika<\/strong><\/li>\n<\/ul>\n","protected":false},"featured_media":5872,"comment_status":"open","ping_status":"closed","template":"","meta":{"_acf_changed":false},"product_brand":[],"product_cat":[140],"product_tag":[],"class_list":{"0":"post-5870","1":"product","2":"type-product","3":"status-publish","4":"has-post-thumbnail","6":"product_cat-plastifikatory-a-zakladni-natery","7":"product_shipping_class-kurier-cs","8":"pa_producent-jurga-cs","10":"first","11":"instock","12":"taxable","13":"shipping-taxable","14":"purchasable","15":"product-type-simple"},"acf":[],"_links":{"self":[{"href":"https:\/\/sklep.thepartners.pl\/cs\/wp-json\/wp\/v2\/product\/5870","targetHints":{"allow":["GET"]}}],"collection":[{"href":"https:\/\/sklep.thepartners.pl\/cs\/wp-json\/wp\/v2\/product"}],"about":[{"href":"https:\/\/sklep.thepartners.pl\/cs\/wp-json\/wp\/v2\/types\/product"}],"replies":[{"embeddable":true,"href":"https:\/\/sklep.thepartners.pl\/cs\/wp-json\/wp\/v2\/comments?post=5870"}],"wp:featuredmedia":[{"embeddable":true,"href":"https:\/\/sklep.thepartners.pl\/cs\/wp-json\/wp\/v2\/media\/5872"}],"wp:attachment":[{"href":"https:\/\/sklep.thepartners.pl\/cs\/wp-json\/wp\/v2\/media?parent=5870"}],"wp:term":[{"taxonomy":"product_brand","embeddable":true,"href":"https:\/\/sklep.thepartners.pl\/cs\/wp-json\/wp\/v2\/product_brand?post=5870"},{"taxonomy":"product_cat","embeddable":true,"href":"https:\/\/sklep.thepartners.pl\/cs\/wp-json\/wp\/v2\/product_cat?post=5870"},{"taxonomy":"product_tag","embeddable":true,"href":"https:\/\/sklep.thepartners.pl\/cs\/wp-json\/wp\/v2\/product_tag?post=5870"}],"curies":[{"name":"wp","href":"https:\/\/api.w.org\/{rel}","templated":true}]}}