{"id":5906,"date":"2024-09-25T15:46:28","date_gmt":"2024-09-25T13:46:28","guid":{"rendered":"https:\/\/sklep.thepartners.pl\/produkt\/czysta-elewacja-jurga-5l\/"},"modified":"2024-10-01T14:52:24","modified_gmt":"2024-10-01T12:52:24","slug":"czysta-elewacja-jurga-5l","status":"publish","type":"product","link":"https:\/\/sklep.thepartners.pl\/cs\/produkt\/czysta-elewacja-jurga-5l\/","title":{"rendered":"\u010cist\u00e1 fas\u00e1da Jurga 5L"},"content":{"rendered":"<p><strong>CLEAN ELEVATION<\/strong> je specializovan\u00fd p\u0159\u00edpravek ur\u010den\u00fd k \u00fa\u010dinn\u00e9mu \u010di\u0161t\u011bn\u00ed a osv\u011b\u017een\u00ed fas\u00e1d budov. P\u0159\u00edpravek d\u00edky sv\u00e9mu pokro\u010dil\u00e9mu slo\u017een\u00ed odstra\u0148uje obt\u00ed\u017en\u00e9 ne\u010distoty, jako jsou atmosf\u00e9rick\u00e9 usazeniny, smog, pl\u00edsn\u011b, \u0159asy, ale i zbytky barev a om\u00edtek. Perfektn\u00ed pro profesion\u00e1ln\u00ed i dom\u00e1c\u00ed pou\u017eit\u00ed.<\/p>\n<p>Tento prost\u0159edek dokonale funguje na r\u016fzn\u00e9 povrchy &#8211; beton, cihly, k\u00e1men, om\u00edtnut\u00e9 nebo d\u0159ev\u011bn\u00e9, navrac\u00ed jim sv\u011b\u017e\u00ed a estetick\u00fd vzhled. \u010cIST\u00c1 FAS\u00c1DA p\u016fsob\u00ed rychle, bez po\u0161kozen\u00ed struktury materi\u00e1l\u016f a z\u00e1rove\u0148 poskytuje dlouhotrvaj\u00edc\u00ed ochranu proti tvorb\u011b nov\u00fdch ne\u010distot.<\/p>\n","protected":false},"excerpt":{"rendered":"<ul>\n<li><strong>\u00da\u010dinnost<\/strong><\/li>\n<li><strong>Zabezpe\u010den\u00ed<\/strong><\/li>\n<li><strong>Snadn\u00e9 pou\u017eit\u00ed<\/strong><\/li>\n<li><strong>Ochrann\u00fd \u00fa\u010dinek<\/strong><\/li>\n<li><strong>V\u0161estrannost<\/strong><\/li>\n<\/ul>\n","protected":false},"featured_media":5904,"comment_status":"open","ping_status":"closed","template":"","meta":{"_acf_changed":false},"product_brand":[],"product_cat":[591],"product_tag":[],"class_list":{"0":"post-5906","1":"product","2":"type-product","3":"status-publish","4":"has-post-thumbnail","6":"product_cat-chemikalie","7":"product_shipping_class-kurier-cs","8":"pa_pojemnosc-1l-cs","9":"pa_pojemnosc-5l-cs","10":"pa_producent-jurga-cs","12":"first","13":"instock","14":"sale","15":"taxable","16":"shipping-taxable","17":"purchasable","18":"product-type-variable"},"acf":[],"_links":{"self":[{"href":"https:\/\/sklep.thepartners.pl\/cs\/wp-json\/wp\/v2\/product\/5906","targetHints":{"allow":["GET"]}}],"collection":[{"href":"https:\/\/sklep.thepartners.pl\/cs\/wp-json\/wp\/v2\/product"}],"about":[{"href":"https:\/\/sklep.thepartners.pl\/cs\/wp-json\/wp\/v2\/types\/product"}],"replies":[{"embeddable":true,"href":"https:\/\/sklep.thepartners.pl\/cs\/wp-json\/wp\/v2\/comments?post=5906"}],"wp:featuredmedia":[{"embeddable":true,"href":"https:\/\/sklep.thepartners.pl\/cs\/wp-json\/wp\/v2\/media\/5904"}],"wp:attachment":[{"href":"https:\/\/sklep.thepartners.pl\/cs\/wp-json\/wp\/v2\/media?parent=5906"}],"wp:term":[{"taxonomy":"product_brand","embeddable":true,"href":"https:\/\/sklep.thepartners.pl\/cs\/wp-json\/wp\/v2\/product_brand?post=5906"},{"taxonomy":"product_cat","embeddable":true,"href":"https:\/\/sklep.thepartners.pl\/cs\/wp-json\/wp\/v2\/product_cat?post=5906"},{"taxonomy":"product_tag","embeddable":true,"href":"https:\/\/sklep.thepartners.pl\/cs\/wp-json\/wp\/v2\/product_tag?post=5906"}],"curies":[{"name":"wp","href":"https:\/\/api.w.org\/{rel}","templated":true}]}}