{"id":6024,"date":"2024-09-26T10:14:17","date_gmt":"2024-09-26T08:14:17","guid":{"rendered":"https:\/\/sklep.thepartners.pl\/produkt\/clean-odtluszczacz-uniwersalny-jurga-05l\/"},"modified":"2024-10-01T14:52:57","modified_gmt":"2024-10-01T12:52:57","slug":"clean-odtluszczacz-uniwersalny-jurga-05l","status":"publish","type":"product","link":"https:\/\/sklep.thepartners.pl\/cs\/produkt\/clean-odtluszczacz-uniwersalny-jurga-05l\/","title":{"rendered":"CLEAN Univerz\u00e1ln\u00ed odma\u0161\u0165ova\u010d Jurga 0,5L"},"content":{"rendered":"<p><strong>CLEAN Univerz\u00e1ln\u00ed odma\u0161\u0165ova\u010d <\/strong>je v\u0161estrann\u00fd p\u0159\u00edpravek ur\u010den\u00fd pro rychl\u00e9 a \u00fa\u010dinn\u00e9 odstran\u011bn\u00ed mastnoty, oleje a odoln\u00fdch ne\u010distot z r\u016fzn\u00fdch povrch\u016f. Perfektn\u00ed pro kuchyn\u011b, d\u00edlny, gar\u00e1\u017ee a dal\u0161\u00ed m\u00edsta, kde jsou probl\u00e9mem mastn\u00e9 skvrny. Funguje perfektn\u011b na kovov\u00e9, keramick\u00e9, sklen\u011bn\u00e9 a plastov\u00e9 povrchy a zaji\u0161\u0165uje hygienickou \u010distotu bez \u0161mouh.<\/p>\n","protected":false},"excerpt":{"rendered":"<ul>\n<li><strong>\u00da\u010dinnost<\/strong><\/li>\n<li><strong>V\u0161estrannost<\/strong><\/li>\n<li><strong>Bezpe\u010dn\u00e9 pro povrchy<\/strong><\/li>\n<li><strong>Snadn\u00e9 pou\u017eit\u00ed<\/strong><\/li>\n<li><strong>V\u0161estrann\u00e9 pou\u017eit\u00ed<\/strong><\/li>\n<\/ul>\n","protected":false},"featured_media":6021,"comment_status":"open","ping_status":"closed","template":"","meta":{"_acf_changed":false},"product_brand":[],"product_cat":[591],"product_tag":[565],"class_list":{"0":"post-6024","1":"product","2":"type-product","3":"status-publish","4":"has-post-thumbnail","6":"product_cat-chemikalie","7":"product_tag-jurga-cs","8":"product_shipping_class-kurier-dhl-cs","9":"pa_pojemnosc-05l-cs","10":"pa_producent-jurga-cs","12":"first","13":"instock","14":"taxable","15":"shipping-taxable","16":"purchasable","17":"product-type-simple"},"acf":[],"_links":{"self":[{"href":"https:\/\/sklep.thepartners.pl\/cs\/wp-json\/wp\/v2\/product\/6024","targetHints":{"allow":["GET"]}}],"collection":[{"href":"https:\/\/sklep.thepartners.pl\/cs\/wp-json\/wp\/v2\/product"}],"about":[{"href":"https:\/\/sklep.thepartners.pl\/cs\/wp-json\/wp\/v2\/types\/product"}],"replies":[{"embeddable":true,"href":"https:\/\/sklep.thepartners.pl\/cs\/wp-json\/wp\/v2\/comments?post=6024"}],"wp:featuredmedia":[{"embeddable":true,"href":"https:\/\/sklep.thepartners.pl\/cs\/wp-json\/wp\/v2\/media\/6021"}],"wp:attachment":[{"href":"https:\/\/sklep.thepartners.pl\/cs\/wp-json\/wp\/v2\/media?parent=6024"}],"wp:term":[{"taxonomy":"product_brand","embeddable":true,"href":"https:\/\/sklep.thepartners.pl\/cs\/wp-json\/wp\/v2\/product_brand?post=6024"},{"taxonomy":"product_cat","embeddable":true,"href":"https:\/\/sklep.thepartners.pl\/cs\/wp-json\/wp\/v2\/product_cat?post=6024"},{"taxonomy":"product_tag","embeddable":true,"href":"https:\/\/sklep.thepartners.pl\/cs\/wp-json\/wp\/v2\/product_tag?post=6024"}],"curies":[{"name":"wp","href":"https:\/\/api.w.org\/{rel}","templated":true}]}}