{"id":6196,"date":"2024-09-26T14:00:23","date_gmt":"2024-09-26T12:00:23","guid":{"rendered":"https:\/\/sklep.thepartners.pl\/produkt\/srodek-do-usuwania-plesni-i-grzybow-clean-plesn-i-grzyb-jurga\/"},"modified":"2024-10-01T14:55:02","modified_gmt":"2024-10-01T12:55:02","slug":"srodek-do-usuwania-plesni-i-grzybow-clean-plesn-i-grzyb-jurga","status":"publish","type":"product","link":"https:\/\/sklep.thepartners.pl\/cs\/produkt\/srodek-do-usuwania-plesni-i-grzybow-clean-plesn-i-grzyb-jurga\/","title":{"rendered":"Odstra\u0148ova\u010d pl\u00edsn\u00ed a hub &#8211; CLEAN PLE\u015a\u0143 I GRZYB JURGA"},"content":{"rendered":"<p><strong>CLEAN Pl\u00edsn\u011b a houby<\/strong> jsou spolehliv\u00fdm p\u0159\u00edpravkem pro boj s pl\u00edsn\u011bmi, houbami a dal\u0161\u00edmi mikroorganismy, kter\u00e9 mohou ohro\u017eovat zdrav\u00ed a estetiku va\u0161eho domova. P\u0159\u00edpravek p\u016fsob\u00ed okam\u017eit\u011b, \u00fa\u010dinn\u011b odstra\u0148uje pl\u00edsn\u011b z povrch\u016f st\u011bn, sp\u00e1r, obklad\u016f a dal\u0161\u00edch m\u00edst vystaven\u00fdch vlhkosti, jako jsou koupelny, kuchyn\u011b, sklepy a gar\u00e1\u017ee.<\/p>\n<p>Receptura p\u0159\u00edpravku nejen odstra\u0148uje viditeln\u00e9 stopy pl\u00edsn\u00ed a hub, ale tak\u00e9 zabra\u0148uje jejich op\u011btovn\u00e9mu v\u00fdskytu. CLEAN Pl\u00edsn\u011b a houby jsou bezpe\u010dn\u00e9 pro pou\u017eit\u00ed na r\u016fzn\u00e9 povrchy, v\u010detn\u011b om\u00edtky, keramiky, betonu a d\u0159eva, poskytuj\u00edc\u00ed dlouhodobou ochranu proti rozvoji \u0161kodliv\u00fdch mikroorganism\u016f.<\/p>\n","protected":false},"excerpt":{"rendered":"<ul>\n<li><strong>\u00da\u010dinnost<\/strong><\/li>\n<li><strong>Prevence<\/strong><\/li>\n<li><strong>Bezpe\u010dn\u00e9 pro povrchy<\/strong><\/li>\n<li><strong>Snadn\u00e9 pou\u017eit\u00ed<\/strong><\/li>\n<li><strong>Dlouhotrvaj\u00edc\u00ed ochrana<\/strong><\/li>\n<\/ul>\n","protected":false},"featured_media":6195,"comment_status":"open","ping_status":"closed","template":"","meta":{"_acf_changed":false},"product_brand":[],"product_cat":[591],"product_tag":[565,1084],"class_list":{"0":"post-6196","1":"product","2":"type-product","3":"status-publish","4":"has-post-thumbnail","6":"product_cat-chemikalie","7":"product_tag-jurga-cs","8":"product_tag-plesn-i-grzyb-cs","9":"product_shipping_class-kurier-cs","10":"pa_pojemnosc-05l-cs","11":"pa_producent-jurga-cs","13":"first","14":"instock","15":"taxable","16":"shipping-taxable","17":"purchasable","18":"product-type-simple"},"acf":[],"_links":{"self":[{"href":"https:\/\/sklep.thepartners.pl\/cs\/wp-json\/wp\/v2\/product\/6196","targetHints":{"allow":["GET"]}}],"collection":[{"href":"https:\/\/sklep.thepartners.pl\/cs\/wp-json\/wp\/v2\/product"}],"about":[{"href":"https:\/\/sklep.thepartners.pl\/cs\/wp-json\/wp\/v2\/types\/product"}],"replies":[{"embeddable":true,"href":"https:\/\/sklep.thepartners.pl\/cs\/wp-json\/wp\/v2\/comments?post=6196"}],"wp:featuredmedia":[{"embeddable":true,"href":"https:\/\/sklep.thepartners.pl\/cs\/wp-json\/wp\/v2\/media\/6195"}],"wp:attachment":[{"href":"https:\/\/sklep.thepartners.pl\/cs\/wp-json\/wp\/v2\/media?parent=6196"}],"wp:term":[{"taxonomy":"product_brand","embeddable":true,"href":"https:\/\/sklep.thepartners.pl\/cs\/wp-json\/wp\/v2\/product_brand?post=6196"},{"taxonomy":"product_cat","embeddable":true,"href":"https:\/\/sklep.thepartners.pl\/cs\/wp-json\/wp\/v2\/product_cat?post=6196"},{"taxonomy":"product_tag","embeddable":true,"href":"https:\/\/sklep.thepartners.pl\/cs\/wp-json\/wp\/v2\/product_tag?post=6196"}],"curies":[{"name":"wp","href":"https:\/\/api.w.org\/{rel}","templated":true}]}}