{"id":6289,"date":"2024-09-30T13:30:44","date_gmt":"2024-09-30T11:30:44","guid":{"rendered":"https:\/\/sklep.thepartners.pl\/produkt\/profesjonalny-srodek-do-zwalczania-plesni-i-grzybow-clean-plesn-i-grzyb-jurga\/"},"modified":"2024-10-02T07:46:47","modified_gmt":"2024-10-02T05:46:47","slug":"profesjonalny-srodek-do-zwalczania-plesni-i-grzybow-clean-plesn-i-grzyb-jurga","status":"publish","type":"product","link":"https:\/\/sklep.thepartners.pl\/cs\/produkt\/profesjonalny-srodek-do-zwalczania-plesni-i-grzybow-clean-plesn-i-grzyb-jurga\/","title":{"rendered":"Profesion\u00e1ln\u00ed prost\u0159edek pro boj s pl\u00edsn\u011bmi a houbami CLEAN Pl\u00edsn\u011b a houby JURGA"},"content":{"rendered":"<p><strong>CLEAN Pl\u00edsn\u011b a houby JURGA<\/strong><\/p>\n<p>je pokro\u010dil\u00fd p\u0159\u00edpravek ur\u010den\u00fd k \u00fa\u010dinn\u00e9mu odstra\u0148ov\u00e1n\u00ed pl\u00edsn\u00ed, hub a \u0159as z r\u016fzn\u00fdch povrch\u016f, jako jsou st\u011bny, stropy, obklady, sp\u00e1ry a dal\u0161\u00ed m\u00edsta vystaven\u00e1 vlhkosti. Tento p\u0159\u00edpravek nejen rychle odstra\u0148uje viditeln\u00e9 stopy kontaminace, ale p\u016fsob\u00ed i preventivn\u011b a zabra\u0148uje op\u011btovn\u00e9mu rozvoji mikroorganism\u016f.<\/p>\n<p><strong>CLEAN Pl\u00edsn\u011b a houby JURGA<\/strong> je d\u00edky sv\u00e9mu speci\u00e1ln\u00edmu slo\u017een\u00ed vhodn\u00fd jak pro dom\u00e1c\u00ed pou\u017eit\u00ed, tak pro m\u00edsta s vysokou vlhkost\u00ed, jako jsou koupelny, sklepy, pr\u00e1delny nebo gar\u00e1\u017ee. Je bezpe\u010dn\u00fd na v\u011bt\u0161in\u011b povrch\u016f, v\u010detn\u011b om\u00edtek, cihel, keramick\u00fdch dla\u017edic a betonu.<\/p>\n","protected":false},"excerpt":{"rendered":"<ul>\n<li><strong>Okam\u017eit\u00e1 akce<\/strong><\/li>\n<li><strong>Prevence relapsu\u00a0<\/strong><\/li>\n<li><strong>V\u0161estrannost\u00a0<\/strong><\/li>\n<li><strong>Snadn\u00e1 aplikace\u00a0<\/strong><\/li>\n<li><strong>Bezpe\u010dn\u00e9 pro materi\u00e1ly<\/strong><\/li>\n<\/ul>\n","protected":false},"featured_media":6421,"comment_status":"open","ping_status":"closed","template":"","meta":{"_acf_changed":false},"product_brand":[],"product_cat":[591],"product_tag":[],"class_list":{"0":"post-6289","1":"product","2":"type-product","3":"status-publish","4":"has-post-thumbnail","6":"product_cat-chemikalie","7":"product_shipping_class-kurier-dhl-cs","8":"pa_pojemnosc-05l-cs","9":"pa_producent-jurga-cs","11":"first","12":"instock","13":"taxable","14":"shipping-taxable","15":"purchasable","16":"product-type-simple"},"acf":[],"_links":{"self":[{"href":"https:\/\/sklep.thepartners.pl\/cs\/wp-json\/wp\/v2\/product\/6289","targetHints":{"allow":["GET"]}}],"collection":[{"href":"https:\/\/sklep.thepartners.pl\/cs\/wp-json\/wp\/v2\/product"}],"about":[{"href":"https:\/\/sklep.thepartners.pl\/cs\/wp-json\/wp\/v2\/types\/product"}],"replies":[{"embeddable":true,"href":"https:\/\/sklep.thepartners.pl\/cs\/wp-json\/wp\/v2\/comments?post=6289"}],"wp:featuredmedia":[{"embeddable":true,"href":"https:\/\/sklep.thepartners.pl\/cs\/wp-json\/wp\/v2\/media\/6421"}],"wp:attachment":[{"href":"https:\/\/sklep.thepartners.pl\/cs\/wp-json\/wp\/v2\/media?parent=6289"}],"wp:term":[{"taxonomy":"product_brand","embeddable":true,"href":"https:\/\/sklep.thepartners.pl\/cs\/wp-json\/wp\/v2\/product_brand?post=6289"},{"taxonomy":"product_cat","embeddable":true,"href":"https:\/\/sklep.thepartners.pl\/cs\/wp-json\/wp\/v2\/product_cat?post=6289"},{"taxonomy":"product_tag","embeddable":true,"href":"https:\/\/sklep.thepartners.pl\/cs\/wp-json\/wp\/v2\/product_tag?post=6289"}],"curies":[{"name":"wp","href":"https:\/\/api.w.org\/{rel}","templated":true}]}}