{"id":6301,"date":"2024-09-30T13:36:35","date_gmt":"2024-09-30T11:36:35","guid":{"rendered":"https:\/\/sklep.thepartners.pl\/produkt\/skuteczny-preparat-do-usuwania-plam-olejowych-clean-zmywacz-plam-olejowych-jurga\/"},"modified":"2025-07-01T00:01:51","modified_gmt":"2025-06-30T22:01:51","slug":"skuteczny-preparat-do-usuwania-plam-olejowych-clean-zmywacz-plam-olejowych-jurga","status":"publish","type":"product","link":"https:\/\/sklep.thepartners.pl\/cs\/produkt\/skuteczny-preparat-do-usuwania-plam-olejowych-clean-zmywacz-plam-olejowych-jurga\/","title":{"rendered":"Jurga Clean Odstra\u0148ova\u010d Olejov\u00fdch Skvrn \u2013 Efektivn\u00ed \u010di\u0161t\u011bn\u00ed mastn\u00fdch ne\u010distot"},"content":{"rendered":"<p data-start=\"1046\" data-end=\"1294\">Jurga Clean Odstra\u0148ova\u010d Olejov\u00fdch Skvrn je \u00fa\u010dinn\u00fd \u010distic\u00ed prost\u0159edek pro odstran\u011bn\u00ed olej\u016f, tuk\u016f, maziv a paliv z povrch\u016f jako beton, dla\u017eba, keramika nebo pr\u016fmyslov\u00e9 podlahy. Ide\u00e1ln\u00ed pro dom\u00e1cnosti, d\u00edlny a pr\u016fmyslov\u00e9 provozy.<\/p>\n<p data-start=\"1296\" data-end=\"1310\"><strong data-start=\"1296\" data-end=\"1308\">Pou\u017eit\u00ed:<\/strong><\/p>\n<ul data-start=\"1311\" data-end=\"1443\">\n<li data-start=\"1311\" data-end=\"1351\">\n<p data-start=\"1313\" data-end=\"1351\">Odstra\u0148ov\u00e1n\u00ed skvrn z dla\u017eby a betonu<\/p>\n<\/li>\n<li data-start=\"1352\" data-end=\"1378\">\n<p data-start=\"1354\" data-end=\"1378\">\u010ci\u0161t\u011bn\u00ed gar\u00e1\u017e\u00ed a d\u00edlen<\/p>\n<\/li>\n<li data-start=\"1379\" data-end=\"1412\">\n<p data-start=\"1381\" data-end=\"1412\">Pr\u016fmyslov\u00e9 a servisn\u00ed podlahy<\/p>\n<\/li>\n<li data-start=\"1413\" data-end=\"1443\">\n<p data-start=\"1415\" data-end=\"1443\">\u010ci\u0161t\u011bn\u00ed n\u00e1\u0159ad\u00ed od mastnoty<\/p>\n<\/li>\n<\/ul>\n<p data-start=\"1445\" data-end=\"1458\"><strong data-start=\"1445\" data-end=\"1456\">V\u00fdhody:<\/strong><\/p>\n<ul data-start=\"1459\" data-end=\"1565\">\n<li data-start=\"1459\" data-end=\"1484\">\n<p data-start=\"1461\" data-end=\"1484\">Rychl\u00fd a siln\u00fd \u00fa\u010dinek<\/p>\n<\/li>\n<li data-start=\"1485\" data-end=\"1509\">\n<p data-start=\"1487\" data-end=\"1509\">P\u0159ipraven\u00fd k pou\u017eit\u00ed<\/p>\n<\/li>\n<li data-start=\"1510\" data-end=\"1542\">\n<p data-start=\"1512\" data-end=\"1542\">Bezpe\u010dn\u00fd pro v\u011bt\u0161inu povrch\u016f<\/p>\n<\/li>\n<li data-start=\"1543\" data-end=\"1565\">\n<p data-start=\"1545\" data-end=\"1565\">\u0160et\u0159\u00ed \u010das i n\u00e1mahu<\/p>\n<\/li>\n<\/ul>\n","protected":false},"excerpt":{"rendered":"<ul>\n<li><strong>\u00da\u010dinnost<\/strong><\/li>\n<li><strong>Bezpe\u010dn\u00e9 pro povrchy<\/strong><\/li>\n<li><strong>V\u0161estrannost<\/strong><\/li>\n<li><strong>Snadn\u00e9 pou\u017eit\u00ed<\/strong><\/li>\n<li><strong>Povrchov\u00e1 ochrana<\/strong><\/li>\n<\/ul>\n","protected":false},"featured_media":6423,"comment_status":"open","ping_status":"closed","template":"","meta":{"_acf_changed":false},"product_brand":[],"product_cat":[591],"product_tag":[1093],"class_list":{"0":"post-6301","1":"product","2":"type-product","3":"status-publish","4":"has-post-thumbnail","6":"product_cat-chemikalie","7":"product_tag-clean-jurga-olej-do-plam-cs","8":"product_shipping_class-kurier-cs","9":"pa_pojemnosc-05l-cs","10":"pa_producent-jurga-cs","12":"first","13":"instock","14":"taxable","15":"shipping-taxable","16":"purchasable","17":"product-type-simple"},"acf":[],"_links":{"self":[{"href":"https:\/\/sklep.thepartners.pl\/cs\/wp-json\/wp\/v2\/product\/6301","targetHints":{"allow":["GET"]}}],"collection":[{"href":"https:\/\/sklep.thepartners.pl\/cs\/wp-json\/wp\/v2\/product"}],"about":[{"href":"https:\/\/sklep.thepartners.pl\/cs\/wp-json\/wp\/v2\/types\/product"}],"replies":[{"embeddable":true,"href":"https:\/\/sklep.thepartners.pl\/cs\/wp-json\/wp\/v2\/comments?post=6301"}],"wp:featuredmedia":[{"embeddable":true,"href":"https:\/\/sklep.thepartners.pl\/cs\/wp-json\/wp\/v2\/media\/6423"}],"wp:attachment":[{"href":"https:\/\/sklep.thepartners.pl\/cs\/wp-json\/wp\/v2\/media?parent=6301"}],"wp:term":[{"taxonomy":"product_brand","embeddable":true,"href":"https:\/\/sklep.thepartners.pl\/cs\/wp-json\/wp\/v2\/product_brand?post=6301"},{"taxonomy":"product_cat","embeddable":true,"href":"https:\/\/sklep.thepartners.pl\/cs\/wp-json\/wp\/v2\/product_cat?post=6301"},{"taxonomy":"product_tag","embeddable":true,"href":"https:\/\/sklep.thepartners.pl\/cs\/wp-json\/wp\/v2\/product_tag?post=6301"}],"curies":[{"name":"wp","href":"https:\/\/api.w.org\/{rel}","templated":true}]}}