{"id":6307,"date":"2024-09-30T13:43:16","date_gmt":"2024-09-30T11:43:16","guid":{"rendered":"https:\/\/sklep.thepartners.pl\/produkt\/profesjonalny-srodek-do-czyszczenia-klinkieru-cleaner-br-czysty-klinkier-jurga\/"},"modified":"2024-09-30T14:15:21","modified_gmt":"2024-09-30T12:15:21","slug":"profesjonalny-srodek-do-czyszczenia-klinkieru-cleaner-br-czysty-klinkier-jurga","status":"publish","type":"product","link":"https:\/\/sklep.thepartners.pl\/cs\/produkt\/profesjonalny-srodek-do-czyszczenia-klinkieru-cleaner-br-czysty-klinkier-jurga\/","title":{"rendered":"Profesion\u00e1ln\u00ed \u010disti\u010d sl\u00ednku Cleaner BR (\u010cist\u00fd klinker) JURGA"},"content":{"rendered":"<p><strong>Cleaner BR (\u010cist\u00fd klinker) <\/strong>je specializovan\u00fd p\u0159\u00edpravek vytvo\u0159en\u00fd pro \u010di\u0161t\u011bn\u00ed klinkeru, cihel, p\u0159\u00edrodn\u00edho kamene a dal\u0161\u00edch miner\u00e1ln\u00edch povrch\u016f. Dokonale odstra\u0148uje obt\u00ed\u017en\u00e9 ne\u010distoty, jako jsou cementov\u00e9 n\u00e1t\u011bry, v\u00e1penn\u00e9 v\u00fdkv\u011bty, zbytky malty, ale i mastn\u00e9 skvrny a atmosf\u00e9rick\u00e9 ne\u010distoty. Prost\u0159edek je \u00fa\u010dinn\u00fd jak na \u010derstv\u011b zhotoven\u00e9 fas\u00e1dy, tak na star\u0161\u00ed povrchy, navrac\u00ed jim estetick\u00fd vzhled.<\/p>\n<p>Cleaner BR d\u00edky sv\u00e9mu siln\u00e9mu slo\u017een\u00ed funguje rychle, ale z\u00e1rove\u0148 je bezpe\u010dn\u00fd pro \u010di\u0161t\u011bn\u00e9 povrchy, ani\u017e by zp\u016fsobil po\u0161kozen\u00ed nebo zm\u011bnu barvy. Ide\u00e1ln\u00ed pro pou\u017eit\u00ed na fas\u00e1dy, fas\u00e1dy, ploty a v zahrad\u011b na architektonick\u00e9 prvky z klinkeru a p\u0159\u00edrodn\u00edho kamene.<\/p>\n","protected":false},"excerpt":{"rendered":"<ul>\n<li><strong>Skuteczne dzia\u0142anie<\/strong><\/li>\n<li><strong>Bezpiecze\u0144stwo<\/strong><\/li>\n<li><strong>Szybki efekt<\/strong><\/li>\n<li><strong>Wszechstronno\u015b\u0107<\/strong><\/li>\n<li><strong>\u0141atwo\u015b\u0107 aplikacji<\/strong><\/li>\n<\/ul>\n","protected":false},"featured_media":6425,"comment_status":"open","ping_status":"closed","template":"","meta":{"_acf_changed":false},"product_brand":[],"product_cat":[591],"product_tag":[],"class_list":{"0":"post-6307","1":"product","2":"type-product","3":"status-publish","4":"has-post-thumbnail","6":"product_cat-chemikalie","7":"product_shipping_class-kurier-cs","8":"pa_pojemnosc-05l-cs","9":"pa_pojemnosc-1l-cs","10":"pa_producent-jurga-cs","12":"first","13":"instock","14":"taxable","15":"shipping-taxable","16":"purchasable","17":"product-type-variable"},"acf":[],"_links":{"self":[{"href":"https:\/\/sklep.thepartners.pl\/cs\/wp-json\/wp\/v2\/product\/6307","targetHints":{"allow":["GET"]}}],"collection":[{"href":"https:\/\/sklep.thepartners.pl\/cs\/wp-json\/wp\/v2\/product"}],"about":[{"href":"https:\/\/sklep.thepartners.pl\/cs\/wp-json\/wp\/v2\/types\/product"}],"replies":[{"embeddable":true,"href":"https:\/\/sklep.thepartners.pl\/cs\/wp-json\/wp\/v2\/comments?post=6307"}],"wp:featuredmedia":[{"embeddable":true,"href":"https:\/\/sklep.thepartners.pl\/cs\/wp-json\/wp\/v2\/media\/6425"}],"wp:attachment":[{"href":"https:\/\/sklep.thepartners.pl\/cs\/wp-json\/wp\/v2\/media?parent=6307"}],"wp:term":[{"taxonomy":"product_brand","embeddable":true,"href":"https:\/\/sklep.thepartners.pl\/cs\/wp-json\/wp\/v2\/product_brand?post=6307"},{"taxonomy":"product_cat","embeddable":true,"href":"https:\/\/sklep.thepartners.pl\/cs\/wp-json\/wp\/v2\/product_cat?post=6307"},{"taxonomy":"product_tag","embeddable":true,"href":"https:\/\/sklep.thepartners.pl\/cs\/wp-json\/wp\/v2\/product_tag?post=6307"}],"curies":[{"name":"wp","href":"https:\/\/api.w.org\/{rel}","templated":true}]}}