{"id":6417,"date":"2024-10-01T13:54:27","date_gmt":"2024-10-01T11:54:27","guid":{"rendered":"https:\/\/sklep.thepartners.pl\/produkt\/srodek-gruntujacy-do-form-i-szalunkow-izoform-jurga\/"},"modified":"2024-10-02T13:45:56","modified_gmt":"2024-10-02T11:45:56","slug":"srodek-gruntujacy-do-form-i-szalunkow-izoform-jurga","status":"publish","type":"product","link":"https:\/\/sklep.thepartners.pl\/cs\/produkt\/srodek-gruntujacy-do-form-i-szalunkow-izoform-jurga\/","title":{"rendered":"Z\u00e1kladn\u00ed n\u00e1t\u011br na formy a bedn\u011bn\u00ed IZOFORM JURGA 5L"},"content":{"rendered":"<p><strong>IZOFORM JURGA <\/strong>je specializovan\u00fd z\u00e1kladn\u00ed n\u00e1t\u011br ur\u010den\u00fd pro zpevn\u011bn\u00ed a p\u0159\u00edpravu r\u016fzn\u00fdch stavebn\u00edch povrch\u016f pro dal\u0161\u00ed dokon\u010dovac\u00ed pr\u00e1ce. V\u00fdrobek je ide\u00e1ln\u00ed pro miner\u00e1ln\u00ed podklady jako je beton, v\u00e1penocementov\u00e9 om\u00edtky, s\u00e1dra, p\u00f3robetonov\u00e9 tv\u00e1rnice, cihly a dal\u0161\u00ed stavebn\u00ed materi\u00e1ly. Jeho \u00fakolem je stabilizovat podklad, zlep\u0161it p\u0159ilnavost n\u00e1sledn\u00fdch vrstev a sn\u00ed\u017eit nas\u00e1kavost povrchu.<\/p>\n<p>Z\u00e1kladn\u00ed n\u00e1t\u011br IZOFORM JURGA vyrovn\u00e1v\u00e1 sav\u00e9 vlastnosti podklad\u016f, a proto je nenahraditeln\u00fd p\u0159i p\u0159\u00edprav\u011b povrch\u016f pro barvy, om\u00edtky, obklady, panely a dal\u0161\u00ed dokon\u010dovac\u00ed materi\u00e1ly. D\u00edky \u00fa\u010dinn\u00e9 receptu\u0159e v\u00e1m produkt umo\u017e\u0148uje efektivn\u011b pokr\u00fdt velk\u00e9 plochy, co\u017e z n\u011bj d\u011bl\u00e1 ide\u00e1ln\u00ed \u0159e\u0161en\u00ed jak pro profesion\u00e1ly, tak pro kutily.<\/p>\n","protected":false},"excerpt":{"rendered":"<ul>\n<li><strong>Stabilizace zem\u011b<\/strong><\/li>\n<li><strong>Vylep\u0161en\u00e1 p\u0159ilnavost<\/strong><\/li>\n<li><strong>Sn\u00ed\u017een\u00e1 nas\u00e1kavost<\/strong><\/li>\n<li><strong>\u0160irok\u00e1 aplikace<\/strong><\/li>\n<li><strong>\u00da\u010dinnost<\/strong><\/li>\n<\/ul>\n","protected":false},"featured_media":6416,"comment_status":"open","ping_status":"closed","template":"","meta":{"_acf_changed":false},"product_brand":[],"product_cat":[591],"product_tag":[1096],"class_list":{"0":"post-6417","1":"product","2":"type-product","3":"status-publish","4":"has-post-thumbnail","6":"product_cat-chemikalie","7":"product_tag-izoform-jurga-cs","8":"product_shipping_class-kurier-cs","9":"pa_pojemnosc-5l-cs","10":"pa_producent-jurga-cs","12":"first","13":"instock","14":"taxable","15":"shipping-taxable","16":"purchasable","17":"product-type-simple"},"acf":[],"_links":{"self":[{"href":"https:\/\/sklep.thepartners.pl\/cs\/wp-json\/wp\/v2\/product\/6417","targetHints":{"allow":["GET"]}}],"collection":[{"href":"https:\/\/sklep.thepartners.pl\/cs\/wp-json\/wp\/v2\/product"}],"about":[{"href":"https:\/\/sklep.thepartners.pl\/cs\/wp-json\/wp\/v2\/types\/product"}],"replies":[{"embeddable":true,"href":"https:\/\/sklep.thepartners.pl\/cs\/wp-json\/wp\/v2\/comments?post=6417"}],"wp:featuredmedia":[{"embeddable":true,"href":"https:\/\/sklep.thepartners.pl\/cs\/wp-json\/wp\/v2\/media\/6416"}],"wp:attachment":[{"href":"https:\/\/sklep.thepartners.pl\/cs\/wp-json\/wp\/v2\/media?parent=6417"}],"wp:term":[{"taxonomy":"product_brand","embeddable":true,"href":"https:\/\/sklep.thepartners.pl\/cs\/wp-json\/wp\/v2\/product_brand?post=6417"},{"taxonomy":"product_cat","embeddable":true,"href":"https:\/\/sklep.thepartners.pl\/cs\/wp-json\/wp\/v2\/product_cat?post=6417"},{"taxonomy":"product_tag","embeddable":true,"href":"https:\/\/sklep.thepartners.pl\/cs\/wp-json\/wp\/v2\/product_tag?post=6417"}],"curies":[{"name":"wp","href":"https:\/\/api.w.org\/{rel}","templated":true}]}}