{"id":6426,"date":"2024-10-01T09:37:09","date_gmt":"2024-10-01T07:37:09","guid":{"rendered":"https:\/\/sklep.thepartners.pl\/produkt\/silny-srodek-do-usuwania-zabrudzen-z-powierzchni-twardych-cleaner-hd-jurga\/"},"modified":"2024-10-02T13:51:47","modified_gmt":"2024-10-02T11:51:47","slug":"silny-srodek-do-usuwania-zabrudzen-z-powierzchni-twardych-cleaner-hd-jurga","status":"publish","type":"product","link":"https:\/\/sklep.thepartners.pl\/cs\/produkt\/silny-srodek-do-usuwania-zabrudzen-z-powierzchni-twardych-cleaner-hd-jurga\/","title":{"rendered":"Siln\u00fd prost\u0159edek pro odstra\u0148ov\u00e1n\u00ed ne\u010distot z tvrd\u00fdch povrch\u016f CLEANER HD JURGA"},"content":{"rendered":"<p><strong>CLEANER HD JURGA <\/strong>je profesion\u00e1ln\u00ed vysoce koncentrovan\u00fd \u010distic\u00ed p\u0159\u00edpravek ur\u010den\u00fd k odstran\u011bn\u00ed odoln\u00fdch ne\u010distot z r\u016fzn\u00fdch tvrd\u00fdch povrch\u016f. Je ide\u00e1ln\u00ed pro \u010di\u0161t\u011bn\u00ed podlah, dla\u017edic, betonu, dla\u017eebn\u00edch kostek, fas\u00e1d a dal\u0161\u00edch povrch\u016f vystaven\u00fdch intenzivn\u00edmu zne\u010di\u0161t\u011bn\u00ed. \u00da\u010dinn\u011b odstra\u0148uje mastn\u00e9 skvrny, oleje, tuky, \u0161p\u00ednu a dal\u0161\u00ed obt\u00ed\u017en\u011b \u010distiteln\u00e9 ne\u010distoty.<\/p>\n<p>D\u00edky sv\u00e9mu speci\u00e1ln\u00edmu slo\u017een\u00ed,<\/p>\n<p><strong>CLEANER HD<\/strong> rychle rozpou\u0161t\u00ed ne\u010distoty bez po\u0161kozen\u00ed struktury \u010di\u0161t\u011bn\u00fdch materi\u00e1l\u016f. Je ide\u00e1ln\u00ed pro dom\u00e1c\u00ed i pr\u016fmyslov\u00e9 aplikace a zaru\u010duje dlouhotrvaj\u00edc\u00ed \u010dist\u00fd efekt.<\/p>\n","protected":false},"excerpt":{"rendered":"<ul>\n<li><strong>Siln\u00fd \u00fa\u010dinek<\/strong><\/li>\n<li><strong>Bezpe\u010dn\u00e9 pro povrchy<\/strong><\/li>\n<li><strong>V\u0161estrannost<\/strong><\/li>\n<li><strong>Vysok\u00e1 \u00fa\u010dinnost<\/strong><\/li>\n<li><strong>Snadn\u00e9 pou\u017eit\u00ed<\/strong><\/li>\n<\/ul>\n","protected":false},"featured_media":6380,"comment_status":"open","ping_status":"closed","template":"","meta":{"_acf_changed":false},"product_brand":[],"product_cat":[591],"product_tag":[],"class_list":{"0":"post-6426","1":"product","2":"type-product","3":"status-publish","4":"has-post-thumbnail","6":"product_cat-chemikalie","7":"product_shipping_class-kurier-cs","8":"pa_pojemnosc-5l-cs","9":"pa_producent-jurga-cs","11":"first","12":"instock","13":"sale","14":"taxable","15":"shipping-taxable","16":"purchasable","17":"product-type-simple"},"acf":[],"_links":{"self":[{"href":"https:\/\/sklep.thepartners.pl\/cs\/wp-json\/wp\/v2\/product\/6426","targetHints":{"allow":["GET"]}}],"collection":[{"href":"https:\/\/sklep.thepartners.pl\/cs\/wp-json\/wp\/v2\/product"}],"about":[{"href":"https:\/\/sklep.thepartners.pl\/cs\/wp-json\/wp\/v2\/types\/product"}],"replies":[{"embeddable":true,"href":"https:\/\/sklep.thepartners.pl\/cs\/wp-json\/wp\/v2\/comments?post=6426"}],"wp:featuredmedia":[{"embeddable":true,"href":"https:\/\/sklep.thepartners.pl\/cs\/wp-json\/wp\/v2\/media\/6380"}],"wp:attachment":[{"href":"https:\/\/sklep.thepartners.pl\/cs\/wp-json\/wp\/v2\/media?parent=6426"}],"wp:term":[{"taxonomy":"product_brand","embeddable":true,"href":"https:\/\/sklep.thepartners.pl\/cs\/wp-json\/wp\/v2\/product_brand?post=6426"},{"taxonomy":"product_cat","embeddable":true,"href":"https:\/\/sklep.thepartners.pl\/cs\/wp-json\/wp\/v2\/product_cat?post=6426"},{"taxonomy":"product_tag","embeddable":true,"href":"https:\/\/sklep.thepartners.pl\/cs\/wp-json\/wp\/v2\/product_tag?post=6426"}],"curies":[{"name":"wp","href":"https:\/\/api.w.org\/{rel}","templated":true}]}}