{"id":6433,"date":"2024-10-02T08:49:04","date_gmt":"2024-10-02T06:49:04","guid":{"rendered":"https:\/\/sklep.thepartners.pl\/?post_type=product&#038;p=6433"},"modified":"2024-10-02T13:43:40","modified_gmt":"2024-10-02T11:43:40","slug":"profesjonalna-hydroizolacja-basenow-oczek-wodnych-i-fontann-izomass-2k-f-jurga","status":"publish","type":"product","link":"https:\/\/sklep.thepartners.pl\/cs\/produkt\/profesjonalna-hydroizolacja-basenow-oczek-wodnych-i-fontann-izomass-2k-f-jurga\/","title":{"rendered":"Profesion\u00e1ln\u00ed hydroizolace baz\u00e9n\u016f, jez\u00edrek a font\u00e1n IZOMASS 2K F JURGA"},"content":{"rendered":"<p><strong>IZOMASS 2K F JURGA <\/strong>je dvouslo\u017ekov\u00e1, flexibiln\u00ed hydroizola\u010dn\u00ed hmota, ide\u00e1ln\u00ed pro t\u011bsn\u011bn\u00ed konstrukc\u00ed vystaven\u00fdch st\u00e1l\u00e9mu kontaktu s vodou, jako jsou baz\u00e9ny, jez\u00edrka, font\u00e1ny a vodn\u00ed n\u00e1dr\u017ee. D\u00edky sv\u00e9 inovativn\u00ed receptu\u0159e, kter\u00e1 kombinuje cementov\u00fd pr\u00e1\u0161ek s tekut\u00fdm polymerem, vytv\u00e1\u0159\u00ed produkt trvanlivou, t\u011bsnou vrstvu odolnou vod\u011b, vlhkosti a m\u011bn\u00edc\u00edm se pov\u011btrnostn\u00edm podm\u00ednk\u00e1m.<\/p>\n<p><strong>IZOMASS 2K F<\/strong> dokonale p\u0159ilne k r\u016fzn\u00fdm podklad\u016fm, jako je beton, om\u00edtka, k\u00e1men nebo cihla, vytv\u00e1\u0159\u00ed pru\u017en\u00fd n\u00e1t\u011br, kter\u00fd chr\u00e1n\u00ed p\u0159ed zat\u00e9k\u00e1n\u00edm a mechanick\u00fdm po\u0161kozen\u00edm. Tento produkt je ide\u00e1ln\u00ed jak pro novostavby, tak pro renovaci star\u00fdch vod\u00e1ren.<\/p>\n","protected":false},"excerpt":{"rendered":"<ul>\n<li><strong>\u00da\u010dinn\u00e1 hydroizolace<\/strong><\/li>\n<li><strong>Flexibilita<\/strong><\/li>\n<li><strong>Odolnost proti dlouhodob\u00e9mu pono\u0159en\u00ed<\/strong><\/li>\n<li><strong>Vysok\u00e1 p\u0159ilnavost<\/strong><\/li>\n<li><strong>Odolnost v\u016f\u010di pov\u011btrnostn\u00edm vliv\u016fm a chemik\u00e1li\u00edm<\/strong><\/li>\n<\/ul>\n","protected":false},"featured_media":6432,"comment_status":"open","ping_status":"closed","template":"","meta":{"_acf_changed":false},"product_brand":[],"product_cat":[583],"product_tag":[1102],"class_list":{"0":"post-6433","1":"product","2":"type-product","3":"status-publish","4":"has-post-thumbnail","6":"product_cat-hydroizolace","7":"product_tag-izommas-2kf-cs","8":"product_shipping_class-kurier-dhl-cs","9":"pa_pojemnosc-95kg-cs","10":"pa_pojemnosc-19kg-cs","11":"pa_producent-jurga-cs","13":"first","14":"instock","15":"taxable","16":"shipping-taxable","17":"purchasable","18":"product-type-variable"},"acf":[],"_links":{"self":[{"href":"https:\/\/sklep.thepartners.pl\/cs\/wp-json\/wp\/v2\/product\/6433","targetHints":{"allow":["GET"]}}],"collection":[{"href":"https:\/\/sklep.thepartners.pl\/cs\/wp-json\/wp\/v2\/product"}],"about":[{"href":"https:\/\/sklep.thepartners.pl\/cs\/wp-json\/wp\/v2\/types\/product"}],"replies":[{"embeddable":true,"href":"https:\/\/sklep.thepartners.pl\/cs\/wp-json\/wp\/v2\/comments?post=6433"}],"wp:featuredmedia":[{"embeddable":true,"href":"https:\/\/sklep.thepartners.pl\/cs\/wp-json\/wp\/v2\/media\/6432"}],"wp:attachment":[{"href":"https:\/\/sklep.thepartners.pl\/cs\/wp-json\/wp\/v2\/media?parent=6433"}],"wp:term":[{"taxonomy":"product_brand","embeddable":true,"href":"https:\/\/sklep.thepartners.pl\/cs\/wp-json\/wp\/v2\/product_brand?post=6433"},{"taxonomy":"product_cat","embeddable":true,"href":"https:\/\/sklep.thepartners.pl\/cs\/wp-json\/wp\/v2\/product_cat?post=6433"},{"taxonomy":"product_tag","embeddable":true,"href":"https:\/\/sklep.thepartners.pl\/cs\/wp-json\/wp\/v2\/product_tag?post=6433"}],"curies":[{"name":"wp","href":"https:\/\/api.w.org\/{rel}","templated":true}]}}