{"id":6448,"date":"2024-10-02T09:43:27","date_gmt":"2024-10-02T07:43:27","guid":{"rendered":"https:\/\/sklep.thepartners.pl\/produkt\/preparat-do-usuwania-mchu-porostow-i-glonow-mossproof-jurga\/"},"modified":"2024-10-02T13:40:16","modified_gmt":"2024-10-02T11:40:16","slug":"preparat-do-usuwania-mchu-porostow-i-glonow-mossproof-jurga","status":"publish","type":"product","link":"https:\/\/sklep.thepartners.pl\/cs\/produkt\/preparat-do-usuwania-mchu-porostow-i-glonow-mossproof-jurga\/","title":{"rendered":"P\u0159\u00edpravek na odstran\u011bn\u00ed mechu, li\u0161ejn\u00edk\u016f a \u0159as MOSSPROOF JURGA"},"content":{"rendered":"<p><strong>MOSSPROOF JURGA<\/strong>je \u00fa\u010dinn\u00fd p\u0159\u00edpravek ur\u010den\u00fd k odstra\u0148ov\u00e1n\u00ed mech\u016f, li\u0161ejn\u00edk\u016f, \u0159as a dal\u0161\u00edch organick\u00fdch ne\u010distot z r\u016fzn\u00fdch vn\u011bj\u0161\u00edch povrch\u016f. Produkt je ide\u00e1ln\u00ed pro pou\u017eit\u00ed na dla\u017eebn\u00ed kostky, st\u0159e\u0161n\u00ed ta\u0161ky, fas\u00e1dy, st\u011bny a dal\u0161\u00ed stavebn\u00ed materi\u00e1ly vystaven\u00e9 vlhkosti a rozvoji ne\u017e\u00e1douc\u00edch mikroorganism\u016f.<\/p>\n<p>D\u00edky sv\u00e9mu siln\u00e9mu slo\u017een\u00ed <strong>MOSSPROOF<\/strong> \u00fa\u010dinn\u011b bojuje proti mechu a li\u0161ejn\u00edk\u016fm a z\u00e1rove\u0148 zabra\u0148uje jejich op\u011btovn\u00e9mu v\u00fdskytu. V\u00fdrobek se snadno aplikuje a poskytuje dlouhotrvaj\u00edc\u00ed \u00fa\u010dinek, chr\u00e1n\u00ed povrchy p\u0159ed dal\u0161\u00ed biologickou kontaminac\u00ed.<\/p>\n","protected":false},"excerpt":{"rendered":"<ul>\n<li><strong>\u00da\u010dinn\u00e9 odstran\u011bn\u00ed mechu a \u0159as<\/strong><\/li>\n<li><strong>Prevence op\u011btovn\u00e9ho r\u016fstu<\/strong><\/li>\n<li><strong>\u0160irok\u00e1 aplikace<\/strong><\/li>\n<li><strong>Snadn\u00e1 aplikace<\/strong><\/li>\n<li><strong>Zabezpe\u010den\u00ed<\/strong><\/li>\n<\/ul>\n","protected":false},"featured_media":6447,"comment_status":"open","ping_status":"closed","template":"","meta":{"_acf_changed":false},"product_brand":[],"product_cat":[591],"product_tag":[1121],"class_list":{"0":"post-6448","1":"product","2":"type-product","3":"status-publish","4":"has-post-thumbnail","6":"product_cat-chemikalie","7":"product_tag-moossproof","8":"product_shipping_class-kurier-dhl-cs","9":"pa_pojemnosc-1l-cs","10":"pa_pojemnosc-5l-cs","11":"pa_producent-jurga-cs","13":"first","14":"instock","15":"taxable","16":"shipping-taxable","17":"purchasable","18":"product-type-variable"},"acf":[],"_links":{"self":[{"href":"https:\/\/sklep.thepartners.pl\/cs\/wp-json\/wp\/v2\/product\/6448","targetHints":{"allow":["GET"]}}],"collection":[{"href":"https:\/\/sklep.thepartners.pl\/cs\/wp-json\/wp\/v2\/product"}],"about":[{"href":"https:\/\/sklep.thepartners.pl\/cs\/wp-json\/wp\/v2\/types\/product"}],"replies":[{"embeddable":true,"href":"https:\/\/sklep.thepartners.pl\/cs\/wp-json\/wp\/v2\/comments?post=6448"}],"wp:featuredmedia":[{"embeddable":true,"href":"https:\/\/sklep.thepartners.pl\/cs\/wp-json\/wp\/v2\/media\/6447"}],"wp:attachment":[{"href":"https:\/\/sklep.thepartners.pl\/cs\/wp-json\/wp\/v2\/media?parent=6448"}],"wp:term":[{"taxonomy":"product_brand","embeddable":true,"href":"https:\/\/sklep.thepartners.pl\/cs\/wp-json\/wp\/v2\/product_brand?post=6448"},{"taxonomy":"product_cat","embeddable":true,"href":"https:\/\/sklep.thepartners.pl\/cs\/wp-json\/wp\/v2\/product_cat?post=6448"},{"taxonomy":"product_tag","embeddable":true,"href":"https:\/\/sklep.thepartners.pl\/cs\/wp-json\/wp\/v2\/product_tag?post=6448"}],"curies":[{"name":"wp","href":"https:\/\/api.w.org\/{rel}","templated":true}]}}