{"id":6453,"date":"2024-10-02T09:58:15","date_gmt":"2024-10-02T07:58:15","guid":{"rendered":"https:\/\/sklep.thepartners.pl\/produkt\/pustak-szalunkowy-25x25x49cm\/"},"modified":"2024-10-02T10:09:57","modified_gmt":"2024-10-02T08:09:57","slug":"pustak-szalunkowy-25x25x49cm","status":"publish","type":"product","link":"https:\/\/sklep.thepartners.pl\/cs\/produkt\/pustak-szalunkowy-25x25x49cm\/","title":{"rendered":"Bednic\u00ed tv\u00e1rnice 25x25x49cm"},"content":{"rendered":"<p><strong>\u0160alovac\u00ed tv\u00e1rnice &#8211; ide\u00e1ln\u00ed \u0159e\u0161en\u00ed pro stabiln\u00ed konstrukce<\/strong><\/p>\n<p>\u0160alovac\u00ed tv\u00e1rnice jsou ide\u00e1ln\u00edm \u0159e\u0161en\u00edm pro v\u00fdstavbu z\u00e1kladov\u00fdch, nosn\u00fdch a op\u011brn\u00fdch zd\u00ed. D\u00edky stabiln\u00edm rozm\u011br\u016fm a profilovan\u00fdm hran\u00e1m umo\u017e\u0148uj\u00ed rychlou a p\u0159esnou mont\u00e1\u017e. Z\u00e1\u0159ezy v tv\u00e1rnic\u00edch umo\u017e\u0148uj\u00ed snadn\u00e9 pou\u017eit\u00ed horizont\u00e1ln\u00ed a vertik\u00e1ln\u00ed v\u00fdztu\u017ee, co\u017e d\u00e1le zvy\u0161uje pevnost konstrukce. Vysok\u00e1 odolnost proti ohni poskytuje dodate\u010dnou ochranu v obytn\u00fdch i hospod\u00e1\u0159sk\u00fdch budov\u00e1ch.<br \/>\nP\u0159i stavb\u011b se tv\u00e1rnice kladou do t\u0159\u00ed a\u017e \u010dty\u0159 vrstev a n\u00e1sledn\u011b se vypln\u00ed betonem a zhutn\u00ed. U zd\u00ed vy\u0161\u0161\u00edch ne\u017e 1 metr lze po po\u010d\u00e1te\u010dn\u00edm zatuhnut\u00ed betonu p\u0159istoupit k pokl\u00e1d\u00e1n\u00ed dal\u0161\u00edch vrstev.<\/p>\n<p><strong>Vlastnosti produktu:<\/strong><\/p>\n<ul>\n<li>P\u0159esn\u00e9 a stabiln\u00ed rozm\u011bry zaru\u010duj\u00edc\u00ed precizn\u00ed osazen\u00ed;<\/li>\n<li>Profilovan\u00e9 hrany pro snadnou a rychlou mont\u00e1\u017e;<\/li>\n<li>Speci\u00e1ln\u00ed z\u00e1\u0159ezy umo\u017e\u0148uj\u00edc\u00ed pou\u017eit\u00ed horizont\u00e1ln\u00ed a vertik\u00e1ln\u00ed v\u00fdztu\u017ee;<\/li>\n<li>V\u00fdjime\u010dn\u00e1 odolnost proti ohni pro vysokou bezpe\u010dnost.<\/li>\n<\/ul>\n","protected":false},"excerpt":{"rendered":"<blockquote><p>V\u00fdstavba z\u00e1kladov\u00fdch zd\u00ed a sklep\u016f<\/p>\n<p>V\u00fdstavba nosn\u00fdch st\u011bn v obytn\u00fdch a hospod\u00e1\u0159sk\u00fdch budov\u00e1ch<\/p>\n<p>Stavba op\u011brn\u00fdch zd\u00ed<\/p>\n<p>Stavba plot\u016f<\/p><\/blockquote>\n","protected":false},"featured_media":6452,"comment_status":"open","ping_status":"closed","template":"","meta":{"_acf_changed":false},"product_brand":[],"product_cat":[156,1006],"product_tag":[1108],"class_list":{"0":"post-6453","1":"product","2":"type-product","3":"status-publish","4":"has-post-thumbnail","6":"product_cat-stavebni-materialy","7":"product_cat-bedneni-ztracene","8":"product_tag-pustak-szalunkowy-cs","9":"product_shipping_class-transport-the-partners-cs","10":"pa_pakowanie-40szt-paleta-cs","11":"pa_producent-olbet","12":"pa_zuzycie-8szt-m2-cs","14":"first","15":"instock","16":"taxable","17":"shipping-taxable","18":"purchasable","19":"product-type-simple"},"acf":[],"_links":{"self":[{"href":"https:\/\/sklep.thepartners.pl\/cs\/wp-json\/wp\/v2\/product\/6453","targetHints":{"allow":["GET"]}}],"collection":[{"href":"https:\/\/sklep.thepartners.pl\/cs\/wp-json\/wp\/v2\/product"}],"about":[{"href":"https:\/\/sklep.thepartners.pl\/cs\/wp-json\/wp\/v2\/types\/product"}],"replies":[{"embeddable":true,"href":"https:\/\/sklep.thepartners.pl\/cs\/wp-json\/wp\/v2\/comments?post=6453"}],"wp:featuredmedia":[{"embeddable":true,"href":"https:\/\/sklep.thepartners.pl\/cs\/wp-json\/wp\/v2\/media\/6452"}],"wp:attachment":[{"href":"https:\/\/sklep.thepartners.pl\/cs\/wp-json\/wp\/v2\/media?parent=6453"}],"wp:term":[{"taxonomy":"product_brand","embeddable":true,"href":"https:\/\/sklep.thepartners.pl\/cs\/wp-json\/wp\/v2\/product_brand?post=6453"},{"taxonomy":"product_cat","embeddable":true,"href":"https:\/\/sklep.thepartners.pl\/cs\/wp-json\/wp\/v2\/product_cat?post=6453"},{"taxonomy":"product_tag","embeddable":true,"href":"https:\/\/sklep.thepartners.pl\/cs\/wp-json\/wp\/v2\/product_tag?post=6453"}],"curies":[{"name":"wp","href":"https:\/\/api.w.org\/{rel}","templated":true}]}}