{"id":6469,"date":"2024-10-02T10:58:03","date_gmt":"2024-10-02T08:58:03","guid":{"rendered":"https:\/\/sklep.thepartners.pl\/?post_type=product&#038;p=6469"},"modified":"2024-10-02T13:28:07","modified_gmt":"2024-10-02T11:28:07","slug":"bednici-sloupkove-tvarnice-25x25x27-kopia","status":"publish","type":"product","link":"https:\/\/sklep.thepartners.pl\/cs\/produkt\/bednici-sloupkove-tvarnice-25x25x27-kopia\/","title":{"rendered":"Bednici sloupkov\u00e9 tv\u00e1rnice 30x30x27cm"},"content":{"rendered":"<p><strong>\u0160alovac\u00ed sloupkov\u00e9 tv\u00e1rnice &#8211; odoln\u00e9 a pevn\u00e9 \u0159e\u0161en\u00ed pro stavbu sloup\u016f<\/strong><br \/>\n\u0160alovac\u00ed sloupkov\u00e9 tv\u00e1rnice jsou spolehliv\u00fdm stavebn\u00edm materi\u00e1lem, kter\u00fd nach\u00e1z\u00ed \u0161irok\u00e9 uplatn\u011bn\u00ed p\u0159i v\u00fdstavb\u011b nosn\u00fdch a op\u011brn\u00fdch sloup\u016f. Vyrobeny z odoln\u00e9ho betonu, vynikaj\u00ed vysokou odolnost\u00ed v\u016f\u010di mechanick\u00e9mu po\u0161kozen\u00ed a pov\u011btrnostn\u00edm vliv\u016fm. D\u00edky speci\u00e1ln\u00edm z\u00e1\u0159ez\u016fm umo\u017e\u0148uj\u00ed snadn\u00e9 um\u00edst\u011bn\u00ed v\u00fdztu\u017ee, co\u017e zaji\u0161\u0165uje dodate\u010dnou stabilitu a pevnost konstrukce.<br \/>\nSloupkov\u00e9 \u0161alovac\u00ed tv\u00e1rnice jsou ide\u00e1ln\u00ed pro stavbu z\u00e1klad\u016f, nosn\u00fdch zd\u00ed, oplocen\u00ed i op\u011brn\u00fdch konstrukc\u00ed. Jejich snadn\u00e1 mont\u00e1\u017e umo\u017e\u0148uje rychlou a p\u0159esnou realizaci stavebn\u00edch prac\u00ed a mo\u017enost pln\u011bn\u00ed libovolnou t\u0159\u00eddou betonu zvy\u0161uje jejich univerz\u00e1lnost.<\/p>\n<p><strong>Vlastnosti produktu:<\/strong><\/p>\n<ul>\n<li>Pevn\u00e1 konstrukce z betonu;<\/li>\n<li>Z\u00e1\u0159ezy na v\u00fdztu\u017e pro dodate\u010dnou stabilitu;<\/li>\n<li>Vysok\u00e1 odolnost proti pov\u011btrnostn\u00edm vliv\u016fm;<\/li>\n<li>Snadn\u00e1 mont\u00e1\u017e a \u0161irok\u00e9 pou\u017eit\u00ed.<\/li>\n<\/ul>\n","protected":false},"excerpt":{"rendered":"<blockquote><p>Stavba nosn\u00fdch a op\u011brn\u00fdch sloup\u016f;<\/p>\n<p>Z\u00e1kladov\u00e9 a nosn\u00e9 zdi;<\/p>\n<p>Oplocen\u00ed a ploty.<\/p><\/blockquote>\n","protected":false},"featured_media":6464,"comment_status":"open","ping_status":"closed","template":"","meta":{"_acf_changed":false},"product_brand":[],"product_cat":[156,1006],"product_tag":[1115],"class_list":{"0":"post-6469","1":"product","2":"type-product","3":"status-publish","4":"has-post-thumbnail","6":"product_cat-stavebni-materialy","7":"product_cat-bedneni-ztracene","8":"product_tag-pustaki-szalunkowe-cs","9":"product_shipping_class-transport-the-partners-cs","11":"first","12":"instock","13":"taxable","14":"shipping-taxable","15":"purchasable","16":"product-type-simple"},"acf":[],"_links":{"self":[{"href":"https:\/\/sklep.thepartners.pl\/cs\/wp-json\/wp\/v2\/product\/6469","targetHints":{"allow":["GET"]}}],"collection":[{"href":"https:\/\/sklep.thepartners.pl\/cs\/wp-json\/wp\/v2\/product"}],"about":[{"href":"https:\/\/sklep.thepartners.pl\/cs\/wp-json\/wp\/v2\/types\/product"}],"replies":[{"embeddable":true,"href":"https:\/\/sklep.thepartners.pl\/cs\/wp-json\/wp\/v2\/comments?post=6469"}],"wp:featuredmedia":[{"embeddable":true,"href":"https:\/\/sklep.thepartners.pl\/cs\/wp-json\/wp\/v2\/media\/6464"}],"wp:attachment":[{"href":"https:\/\/sklep.thepartners.pl\/cs\/wp-json\/wp\/v2\/media?parent=6469"}],"wp:term":[{"taxonomy":"product_brand","embeddable":true,"href":"https:\/\/sklep.thepartners.pl\/cs\/wp-json\/wp\/v2\/product_brand?post=6469"},{"taxonomy":"product_cat","embeddable":true,"href":"https:\/\/sklep.thepartners.pl\/cs\/wp-json\/wp\/v2\/product_cat?post=6469"},{"taxonomy":"product_tag","embeddable":true,"href":"https:\/\/sklep.thepartners.pl\/cs\/wp-json\/wp\/v2\/product_tag?post=6469"}],"curies":[{"name":"wp","href":"https:\/\/api.w.org\/{rel}","templated":true}]}}