{"id":6474,"date":"2024-10-02T11:19:37","date_gmt":"2024-10-02T09:19:37","guid":{"rendered":"https:\/\/sklep.thepartners.pl\/produkt\/pustak-szalunkowy-pf3-30x24x50\/"},"modified":"2024-10-02T13:28:02","modified_gmt":"2024-10-02T11:28:02","slug":"pustak-szalunkowy-pf3-30x24x50","status":"publish","type":"product","link":"https:\/\/sklep.thepartners.pl\/cs\/produkt\/pustak-szalunkowy-pf3-30x24x50\/","title":{"rendered":"Bednici sloupkov\u00e9 tv\u00e1rnice PF3 30x24x50cm"},"content":{"rendered":"<p><strong>\u0160alovac\u00ed tv\u00e1rnice PF 3 30x24x50 &#8211; pevn\u00fd z\u00e1klad pro va\u0161i stavbu<\/strong><br \/>\n\u0160alovac\u00ed tv\u00e1rnice PF 3 o rozm\u011brech 30x24x50 cm je ide\u00e1ln\u00ed volbou pro v\u00fdstavbu pevn\u00fdch a odoln\u00fdch konstrukc\u00ed. D\u00edky sv\u00e9 robustn\u00ed konstrukci je vhodn\u00e1 pro v\u00fdstavbu z\u00e1kladov\u00fdch, sklepn\u00edch, op\u011brn\u00fdch a nosn\u00fdch zd\u00ed. Tv\u00e1rnice je navr\u017eena tak, aby umo\u017enila vypln\u011bn\u00ed betonem a vlo\u017een\u00ed horizont\u00e1ln\u00ed i vertik\u00e1ln\u00ed v\u00fdztu\u017ee, co\u017e v\u00fdrazn\u011b zvy\u0161uje stabilitu a nosnost stavby.<br \/>\nTv\u00e1rnice PF 3 je vysoce odoln\u00e1 v\u016f\u010di pov\u011btrnostn\u00edm vliv\u016fm i ohni, co\u017e z n\u00ed \u010din\u00ed spolehliv\u00fd stavebn\u00ed materi\u00e1l pro obytn\u00e9 i hospod\u00e1\u0159sk\u00e9 budovy.<\/p>\n<p><strong>Vlastnosti produktu:<\/strong><\/p>\n<ul>\n<li>Rozm\u011bry 30x24x50 cm, vhodn\u00e9 pro r\u016fzn\u00e9 konstrukce;<\/li>\n<li>Mo\u017enost pou\u017eit\u00ed v\u00fdztu\u017ee pro zv\u00fd\u0161enou pevnost;<\/li>\n<li>Vysok\u00e1 odolnost v\u016f\u010di pov\u011btrnostn\u00edm vliv\u016fm a ohni;<\/li>\n<li>Snadn\u00e1 mont\u00e1\u017e a kompatibilita s betonem jak\u00e9koliv t\u0159\u00eddy.<\/li>\n<\/ul>\n","protected":false},"excerpt":{"rendered":"<blockquote><p>Z\u00e1kladov\u00e9 a sklepn\u00ed zdi;<\/p>\n<p>Nosn\u00e9 zdi obytn\u00fdch a hospod\u00e1\u0159sk\u00fdch budov;<\/p>\n<p>Op\u011brn\u00e9 zdi;<\/p>\n<p>Ploty a oplocen\u00ed.<\/p><\/blockquote>\n","protected":false},"featured_media":6472,"comment_status":"open","ping_status":"closed","template":"","meta":{"_acf_changed":false},"product_brand":[],"product_cat":[156,1006],"product_tag":[1108],"class_list":{"0":"post-6474","1":"product","2":"type-product","3":"status-publish","4":"has-post-thumbnail","6":"product_cat-stavebni-materialy","7":"product_cat-bedneni-ztracene","8":"product_tag-pustak-szalunkowy-cs","9":"product_shipping_class-transport-the-partners-cs","11":"first","12":"instock","13":"taxable","14":"shipping-taxable","15":"purchasable","16":"product-type-simple"},"acf":[],"_links":{"self":[{"href":"https:\/\/sklep.thepartners.pl\/cs\/wp-json\/wp\/v2\/product\/6474","targetHints":{"allow":["GET"]}}],"collection":[{"href":"https:\/\/sklep.thepartners.pl\/cs\/wp-json\/wp\/v2\/product"}],"about":[{"href":"https:\/\/sklep.thepartners.pl\/cs\/wp-json\/wp\/v2\/types\/product"}],"replies":[{"embeddable":true,"href":"https:\/\/sklep.thepartners.pl\/cs\/wp-json\/wp\/v2\/comments?post=6474"}],"wp:featuredmedia":[{"embeddable":true,"href":"https:\/\/sklep.thepartners.pl\/cs\/wp-json\/wp\/v2\/media\/6472"}],"wp:attachment":[{"href":"https:\/\/sklep.thepartners.pl\/cs\/wp-json\/wp\/v2\/media?parent=6474"}],"wp:term":[{"taxonomy":"product_brand","embeddable":true,"href":"https:\/\/sklep.thepartners.pl\/cs\/wp-json\/wp\/v2\/product_brand?post=6474"},{"taxonomy":"product_cat","embeddable":true,"href":"https:\/\/sklep.thepartners.pl\/cs\/wp-json\/wp\/v2\/product_cat?post=6474"},{"taxonomy":"product_tag","embeddable":true,"href":"https:\/\/sklep.thepartners.pl\/cs\/wp-json\/wp\/v2\/product_tag?post=6474"}],"curies":[{"name":"wp","href":"https:\/\/api.w.org\/{rel}","templated":true}]}}