{"id":6489,"date":"2024-10-02T13:21:43","date_gmt":"2024-10-02T11:21:43","guid":{"rendered":"https:\/\/sklep.thepartners.pl\/?post_type=product&#038;p=6489"},"modified":"2024-10-02T13:25:03","modified_gmt":"2024-10-02T11:25:03","slug":"2-komorovy-vetraci-blok-36x24x24-kopia","status":"publish","type":"product","link":"https:\/\/sklep.thepartners.pl\/cs\/produkt\/2-komorovy-vetraci-blok-36x24x24-kopia\/","title":{"rendered":"4-KOMOROV\u00dd V\u011aTRAC\u00cd BLOK 68X24X24cm"},"content":{"rendered":"<p><strong>V\u011btrac\u00ed tv\u00e1rnice 4 komorovy &#8211; spolehliv\u00e9 \u0159e\u0161en\u00ed pro gravita\u010dn\u00ed v\u011btr\u00e1n\u00ed<\/strong><br \/>\nV\u011btrac\u00ed tv\u00e1rnice 4 komorovy, vyroben\u00e9 ze struskobetonov\u00e9 sm\u011bsi, jsou ide\u00e1ln\u00ed volbou pro vytv\u00e1\u0159en\u00ed efektivn\u00edch gravita\u010dn\u00edch v\u011btrac\u00edch \u0161achet. D\u00edky sv\u00fdm vlastnostem zaji\u0161\u0165uj\u00ed nejen \u00fa\u010dinn\u00e9 v\u011btr\u00e1n\u00ed, ale tak\u00e9 vysokou tepelnou a akustickou izolaci. Tyto produkty jsou odoln\u00e9 v\u016f\u010di mrazu, vlhkosti i ohni, co\u017e je \u010din\u00ed mimo\u0159\u00e1dn\u011b trvanliv\u00fdmi a bezpe\u010dn\u00fdmi. Krom\u011b toho jejich biologick\u00e1 odolnost br\u00e1n\u00ed r\u016fstu pl\u00edsn\u00ed a hub, co\u017e pozitivn\u011b ovliv\u0148uje hygienu a zdrav\u00ed obytn\u00fdch prostor.<br \/>\nV\u011btrac\u00ed tv\u00e1rnice jsou \u0161etrn\u00e9 k \u017eivotn\u00edmu prost\u0159ed\u00ed a snadno se opracov\u00e1vaj\u00ed jak mechanicky, tak ru\u010dn\u011b, co\u017e usnad\u0148uje jejich instalaci.<\/p>\n<p><strong>Vlastnosti produktu:<\/strong><\/p>\n<ul>\n<li>Vynikaj\u00edc\u00ed tepeln\u011b izola\u010dn\u00ed vlastnosti;<\/li>\n<li>Vysok\u00e1 akustick\u00e1 izolace;<\/li>\n<li>Stabiln\u00ed rozm\u011bry;<\/li>\n<li>Odolnost v\u016f\u010di mrazu a vlhkosti;<\/li>\n<li>Vysok\u00e1 odolnost proti ohni;<\/li>\n<li>Biologick\u00e1 odolnost \u2013 zabr\u00e1n\u011bn\u00ed r\u016fstu pl\u00edsn\u00ed a hub;<\/li>\n<li>Snadn\u00e1 opracovatelnost a mont\u00e1\u017e;<\/li>\n<li>\u0160etrn\u00e9 k \u017eivotn\u00edmu prost\u0159ed\u00ed.<\/li>\n<\/ul>\n<p><strong>UPOZORN\u011aN\u00cd:<\/strong><br \/>\nV\u011btrac\u00ed tv\u00e1rnice jsou ur\u010deny v\u00fdhradn\u011b pro gravita\u010dn\u00ed v\u011btr\u00e1n\u00ed. Nesm\u00ed b\u00fdt pou\u017e\u00edv\u00e1ny jako kou\u0159ovody nebo odvod spalin. Tak\u00e9 by se nem\u011bly pou\u017e\u00edvat v prostorech, kde mohou vznikat \u0161kodliv\u00e9 plyny, v\u00fdpary nebo jin\u00e9 nebezpe\u010dn\u00e9 l\u00e1tky.<\/p>\n","protected":false},"excerpt":{"rendered":"<blockquote><p>Tvorba gravita\u010dn\u00edch v\u011btrac\u00edch \u0161achet ve zdech;<\/p>\n<p>Instalace v\u011btrac\u00edch \u0161achet p\u0159il\u00e9haj\u00edc\u00edch ke zdem v rodinn\u00e9 a bytov\u00e9 v\u00fdstavb\u011b;<\/p>\n<p>Ve\u0159ejn\u00e9 budovy.<\/p><\/blockquote>\n","protected":false},"featured_media":6491,"comment_status":"open","ping_status":"closed","template":"","meta":{"_acf_changed":false},"product_brand":[],"product_cat":[156,1007],"product_tag":[1119],"class_list":{"0":"post-6489","1":"product","2":"type-product","3":"status-publish","4":"has-post-thumbnail","6":"product_cat-stavebni-materialy","7":"product_cat-ventilacni-bloky","8":"product_tag-pustak-wentylacyjny-cs","9":"product_shipping_class-transport-the-partners-cs","10":"pa_producent-olbet","12":"first","13":"instock","14":"taxable","15":"shipping-taxable","16":"purchasable","17":"product-type-simple"},"acf":[],"_links":{"self":[{"href":"https:\/\/sklep.thepartners.pl\/cs\/wp-json\/wp\/v2\/product\/6489","targetHints":{"allow":["GET"]}}],"collection":[{"href":"https:\/\/sklep.thepartners.pl\/cs\/wp-json\/wp\/v2\/product"}],"about":[{"href":"https:\/\/sklep.thepartners.pl\/cs\/wp-json\/wp\/v2\/types\/product"}],"replies":[{"embeddable":true,"href":"https:\/\/sklep.thepartners.pl\/cs\/wp-json\/wp\/v2\/comments?post=6489"}],"wp:featuredmedia":[{"embeddable":true,"href":"https:\/\/sklep.thepartners.pl\/cs\/wp-json\/wp\/v2\/media\/6491"}],"wp:attachment":[{"href":"https:\/\/sklep.thepartners.pl\/cs\/wp-json\/wp\/v2\/media?parent=6489"}],"wp:term":[{"taxonomy":"product_brand","embeddable":true,"href":"https:\/\/sklep.thepartners.pl\/cs\/wp-json\/wp\/v2\/product_brand?post=6489"},{"taxonomy":"product_cat","embeddable":true,"href":"https:\/\/sklep.thepartners.pl\/cs\/wp-json\/wp\/v2\/product_cat?post=6489"},{"taxonomy":"product_tag","embeddable":true,"href":"https:\/\/sklep.thepartners.pl\/cs\/wp-json\/wp\/v2\/product_tag?post=6489"}],"curies":[{"name":"wp","href":"https:\/\/api.w.org\/{rel}","templated":true}]}}