{"id":6504,"date":"2024-10-02T13:50:59","date_gmt":"2024-10-02T11:50:59","guid":{"rendered":"https:\/\/sklep.thepartners.pl\/produkt\/membrana-dachowa-vaxo-xxl-75m2\/"},"modified":"2024-10-02T14:06:15","modified_gmt":"2024-10-02T12:06:15","slug":"membrana-dachowa-vaxo-xxl-75m2","status":"publish","type":"product","link":"https:\/\/sklep.thepartners.pl\/cs\/produkt\/membrana-dachowa-vaxo-xxl-75m2\/","title":{"rendered":"ST\u0158E\u0160N\u00cd MEMBR\u00c1N VAXO XXL 75m2"},"content":{"rendered":"<p>St\u0159e\u0161n\u00ed membr\u00e1na <strong>VAXO XXL<\/strong> \u00a0je vysoce kvalitn\u00ed produkt navr\u017een\u00fd pro maxim\u00e1ln\u00ed ochranu va\u0161\u00ed st\u0159echy. D\u00edky t\u0159\u00edvrstv\u00e9 konstrukci se membr\u00e1na vyzna\u010duje v\u00fdjime\u010dnou odolnost\u00ed proti pov\u011btrnostn\u00edm vliv\u016fm a zaji\u0161\u0165uje vynikaj\u00edc\u00ed vodot\u011bsnost a paropropustnost.<br \/>\nJej\u00ed vynikaj\u00edc\u00ed pevnost a pru\u017enost z n\u00ed \u010din\u00ed ide\u00e1ln\u00ed \u0159e\u0161en\u00ed jak pro nov\u00e9 konstrukce, tak pro renovace st\u0159ech. Membr\u00e1na <strong>VAXO XXL<\/strong> minimalizuje riziko kondenzace vodn\u00ed p\u00e1ry, co\u017e zaji\u0161\u0165uje del\u0161\u00ed \u017eivotnost st\u0159echy a \u00fa\u010dinnou ochranu p\u0159ed vlhkost\u00ed.<br \/>\n<strong>VAXO XXL<\/strong> je perfektn\u00ed volbou pro profesion\u00e1ly i n\u00e1ro\u010dn\u00e9 u\u017eivatele, kte\u0159\u00ed si cen\u00ed kvalitu, odolnost a \u00fa\u010dinnost ochrany.<\/p>\n<p><strong>V\u00fdhody:<\/strong><\/p>\n<ul>\n<li>Vysok\u00e1 paropropustnost<\/li>\n<li>Odolnost proti UV z\u00e1\u0159en\u00ed<\/li>\n<li>Snadn\u00e1 a rychl\u00e1 instalace<\/li>\n<li>Vynikaj\u00edc\u00ed trvanlivost a pru\u017enost<\/li>\n<\/ul>\n<p>Vyberte si st\u0159e\u0161n\u00ed membr\u00e1nu <strong>VAXO XXL<\/strong>\u00a0a zajist\u011bte sv\u00e9 st\u0159e\u0161e maxim\u00e1ln\u00ed ochranu proti pov\u011btrnostn\u00edm vliv\u016fm!<\/p>\n","protected":false},"excerpt":{"rendered":"<blockquote><p>Role 75m2 &#8211; 50m x 1,5m<\/p>\n<p>Gram\u00e1\u017e: cca 160 g\/m\u00b2<\/p>\n<p>Tlou\u0161\u0165ka: 0,65 mm<\/p>\n<p>Pr\u016fnik vodn\u00ed p\u00e1ry: Sd=0,03 m<\/p>\n<p>Lze pou\u017e\u00edt na st\u0159echy s pln\u00fdm bedn\u011bn\u00edm<\/p>\n<p>Odolnost v\u016f\u010di UV z\u00e1\u0159en\u00ed \u2013 a\u017e 7 t\u00fddn\u016f expozice<\/p><\/blockquote>\n","protected":false},"featured_media":6503,"comment_status":"open","ping_status":"closed","template":"","meta":{"_acf_changed":false},"product_brand":[],"product_cat":[156,919],"product_tag":[],"class_list":{"0":"post-6504","1":"product","2":"type-product","3":"status-publish","4":"has-post-thumbnail","6":"product_cat-stavebni-materialy","7":"product_cat-stresni-membrany","8":"product_shipping_class-kurier-cs","9":"pa_darmowa-dostawa-ano","10":"pa_producent-mdm-cs","12":"first","13":"instock","14":"taxable","15":"shipping-taxable","16":"purchasable","17":"product-type-simple"},"acf":[],"_links":{"self":[{"href":"https:\/\/sklep.thepartners.pl\/cs\/wp-json\/wp\/v2\/product\/6504","targetHints":{"allow":["GET"]}}],"collection":[{"href":"https:\/\/sklep.thepartners.pl\/cs\/wp-json\/wp\/v2\/product"}],"about":[{"href":"https:\/\/sklep.thepartners.pl\/cs\/wp-json\/wp\/v2\/types\/product"}],"replies":[{"embeddable":true,"href":"https:\/\/sklep.thepartners.pl\/cs\/wp-json\/wp\/v2\/comments?post=6504"}],"wp:featuredmedia":[{"embeddable":true,"href":"https:\/\/sklep.thepartners.pl\/cs\/wp-json\/wp\/v2\/media\/6503"}],"wp:attachment":[{"href":"https:\/\/sklep.thepartners.pl\/cs\/wp-json\/wp\/v2\/media?parent=6504"}],"wp:term":[{"taxonomy":"product_brand","embeddable":true,"href":"https:\/\/sklep.thepartners.pl\/cs\/wp-json\/wp\/v2\/product_brand?post=6504"},{"taxonomy":"product_cat","embeddable":true,"href":"https:\/\/sklep.thepartners.pl\/cs\/wp-json\/wp\/v2\/product_cat?post=6504"},{"taxonomy":"product_tag","embeddable":true,"href":"https:\/\/sklep.thepartners.pl\/cs\/wp-json\/wp\/v2\/product_tag?post=6504"}],"curies":[{"name":"wp","href":"https:\/\/api.w.org\/{rel}","templated":true}]}}