{"id":6517,"date":"2024-10-03T08:40:12","date_gmt":"2024-10-03T06:40:12","guid":{"rendered":"https:\/\/sklep.thepartners.pl\/produkt\/folia-paroizolacyjna-verso-reflex-75m2\/"},"modified":"2024-10-03T08:46:27","modified_gmt":"2024-10-03T06:46:27","slug":"folia-paroizolacyjna-verso-reflex-75m2","status":"publish","type":"product","link":"https:\/\/sklep.thepartners.pl\/cs\/produkt\/folia-paroizolacyjna-verso-reflex-75m2\/","title":{"rendered":"Parot\u011bsn\u00e1 f\u00f3lie VERSO REFLEX 75m2"},"content":{"rendered":"<p>Paroz\u00e1brana MDM\u00ae Verso Reflex je 2-vrstv\u00e1 f\u00f3lie s metalizovan\u00fdm povrchem, kter\u00e1 zaji\u0161\u0165uje \u00fa\u010dinnou ochranu proti tepeln\u00fdm ztr\u00e1t\u00e1m. D\u00edky vrstv\u011b odr\u00e1\u017eej\u00edc\u00ed infra\u010derven\u00e9 z\u00e1\u0159en\u00ed f\u00f3lie \u00fa\u010dinn\u011b podporuje \u00fasporu energie v budov\u011b. Mont\u00e1\u017e f\u00f3lie by m\u011bla b\u00fdt prov\u00e1d\u011bna s metalizovanou vrstvou sm\u011brem do interi\u00e9ru, co\u017e zvy\u0161uje jej\u00ed tepeln\u011b izola\u010dn\u00ed vlastnosti. MDM\u00ae Verso Reflex je spolehliv\u00fdm \u0159e\u0161en\u00edm pro ochranu proti vlhkosti a optimalizaci teploty v m\u00edstnostech.<\/p>\n","protected":false},"excerpt":{"rendered":"<blockquote><p>Role 75 m2<\/p>\n<p>V\u00fd\u0161ka 150 cm<\/p>\n<p>D\u00e9lka 50m<\/p>\n<p>Gram\u00e1\u017e: 77 g\/m2<\/p>\n<p>Reakce na ohe\u0148: T\u0159\u00edda F<\/p><\/blockquote>\n","protected":false},"featured_media":6516,"comment_status":"open","ping_status":"closed","template":"","meta":{"_acf_changed":false},"product_brand":[],"product_cat":[156,919],"product_tag":[],"class_list":{"0":"post-6517","1":"product","2":"type-product","3":"status-publish","4":"has-post-thumbnail","6":"product_cat-stavebni-materialy","7":"product_cat-stresni-membrany","8":"pa_producent-mdm-cs","10":"first","11":"instock","12":"taxable","13":"shipping-taxable","14":"purchasable","15":"product-type-simple"},"acf":[],"_links":{"self":[{"href":"https:\/\/sklep.thepartners.pl\/cs\/wp-json\/wp\/v2\/product\/6517","targetHints":{"allow":["GET"]}}],"collection":[{"href":"https:\/\/sklep.thepartners.pl\/cs\/wp-json\/wp\/v2\/product"}],"about":[{"href":"https:\/\/sklep.thepartners.pl\/cs\/wp-json\/wp\/v2\/types\/product"}],"replies":[{"embeddable":true,"href":"https:\/\/sklep.thepartners.pl\/cs\/wp-json\/wp\/v2\/comments?post=6517"}],"wp:featuredmedia":[{"embeddable":true,"href":"https:\/\/sklep.thepartners.pl\/cs\/wp-json\/wp\/v2\/media\/6516"}],"wp:attachment":[{"href":"https:\/\/sklep.thepartners.pl\/cs\/wp-json\/wp\/v2\/media?parent=6517"}],"wp:term":[{"taxonomy":"product_brand","embeddable":true,"href":"https:\/\/sklep.thepartners.pl\/cs\/wp-json\/wp\/v2\/product_brand?post=6517"},{"taxonomy":"product_cat","embeddable":true,"href":"https:\/\/sklep.thepartners.pl\/cs\/wp-json\/wp\/v2\/product_cat?post=6517"},{"taxonomy":"product_tag","embeddable":true,"href":"https:\/\/sklep.thepartners.pl\/cs\/wp-json\/wp\/v2\/product_tag?post=6517"}],"curies":[{"name":"wp","href":"https:\/\/api.w.org\/{rel}","templated":true}]}}