{"id":6533,"date":"2024-10-03T10:49:21","date_gmt":"2024-10-03T08:49:21","guid":{"rendered":"https:\/\/sklep.thepartners.pl\/?post_type=product&#038;p=6533"},"modified":"2025-03-01T00:02:18","modified_gmt":"2025-02-28T23:02:18","slug":"osb-deska-18mm-x-125cm-x-250cm-kopia-2","status":"publish","type":"product","link":"https:\/\/sklep.thepartners.pl\/cs\/produkt\/osb-deska-18mm-x-125cm-x-250cm-kopia-2\/","title":{"rendered":"OSB Deska 25mm x 125cm x 250cm"},"content":{"rendered":"<p><strong>Deska OSB<\/strong>\u00a0je vysoce kvalitn\u00ed deska s orientovan\u00fdmi plo\u0161n\u00fdmi t\u0159\u00edskami, navr\u017een\u00e1 speci\u00e1ln\u011b pro stavebnictv\u00ed. Tento d\u0159ev\u011bn\u00fd produkt je t\u0159\u00edvrstv\u00e1 deska lisovan\u00e1 naplocho, skl\u00e1daj\u00edc\u00ed se z obd\u00e9ln\u00edkov\u00fdch plo\u0161n\u00fdch t\u0159\u00edsek, kter\u00e9 jsou lisov\u00e1ny za vysok\u00e9ho tlaku a teploty za pou\u017eit\u00ed syntetick\u00fdch prysky\u0159ic jako pojiva.<\/p>\n<h4>Pou\u017eit\u00ed<\/h4>\n<ul>\n<li><strong>St\u0159e\u0161n\u00ed krytiny<\/strong>: ide\u00e1ln\u00ed pod bitumenov\u00e9 \u0161indele a jin\u00e9 st\u0159e\u0161n\u00ed krytiny, jako alternativa k tradi\u010dn\u00edm desk\u00e1m<\/li>\n<li><strong>Rekonstrukce a adaptace<\/strong>: univerz\u00e1ln\u00ed materi\u00e1l pro v\u0161echny stavebn\u00ed pr\u00e1ce<\/li>\n<li><strong>V\u00fdstavba st\u011bn, strop\u016f, podlah, schodi\u0161\u0165, podest, v\u00fdb\u011bh\u016f<\/strong><\/li>\n<li><strong>Bedn\u011bn\u00ed<\/strong>: skv\u011ble se hod\u00ed jako bednic\u00ed materi\u00e1l<\/li>\n<li><strong>Do\u010dasn\u00e9 oplocen\u00ed staveni\u0161\u0165<\/strong><\/li>\n<li><strong>Zabezpe\u010den\u00ed stavebn\u00edch otvor\u016f (dve\u0159e, okna)<\/strong><\/li>\n<li><strong>V\u00fdroba p\u0159epravn\u00edch beden a palet<\/strong><\/li>\n<\/ul>\n<h4>Vlastnosti Produktu<\/h4>\n<ul>\n<li><strong>Vynikaj\u00edc\u00ed pevnostn\u00ed vlastnosti<\/strong><\/li>\n<li><strong>Odolnost proti n\u00e1raz\u016fm<\/strong><\/li>\n<li><strong>Dobr\u00e1 tepeln\u00e1 a zvukov\u00e1 izolace<\/strong><\/li>\n<li><strong>Stabilita tvaru a rozm\u011br\u016f<\/strong><\/li>\n<li><strong>Snadn\u00e1 mechanick\u00e1 opracovatelnost<\/strong>: \u0159ez\u00e1n\u00ed, vrt\u00e1n\u00ed, brou\u0161en\u00ed<\/li>\n<\/ul>\n","protected":false},"excerpt":{"rendered":"<blockquote><p><strong>\u0160iroce pou\u017e\u00edvan\u00e9 ve stavebnictv\u00ed<\/strong><\/p>\n<p><strong>Dobr\u00e9 pevnostn\u00ed parametry<\/strong><\/p>\n<p><strong>Vysoce ekologick\u00e9<\/strong><\/p>\n<p><strong>Odoln\u00e9 proti n\u00e1raz\u016fm, vysok\u00e1 tepeln\u00e1 a akustick\u00e1 izolace<\/strong><\/p>\n<p><strong>Stabilita tvaru a rozm\u011br\u016f<\/strong><\/p><\/blockquote>\n","protected":false},"featured_media":519,"comment_status":"open","ping_status":"closed","template":"","meta":{"_acf_changed":false},"product_brand":[],"product_cat":[1407,156,160],"product_tag":[],"class_list":{"0":"post-6533","1":"product","2":"type-product","3":"status-publish","4":"has-post-thumbnail","6":"product_cat-zvlastni-nabidka","7":"product_cat-stavebni-materialy","8":"product_cat-osb-desky","9":"product_shipping_class-transport-the-partners-cs","10":"pa_material-wykonania-drevotriska","11":"pa_producent-swiss-krono","12":"pa_szerokosc-125-cm-cs","13":"pa_wysokosc-250-cm-cs","15":"first","16":"onbackorder","17":"sale","18":"taxable","19":"shipping-taxable","20":"purchasable","21":"product-type-simple"},"acf":[],"_links":{"self":[{"href":"https:\/\/sklep.thepartners.pl\/cs\/wp-json\/wp\/v2\/product\/6533","targetHints":{"allow":["GET"]}}],"collection":[{"href":"https:\/\/sklep.thepartners.pl\/cs\/wp-json\/wp\/v2\/product"}],"about":[{"href":"https:\/\/sklep.thepartners.pl\/cs\/wp-json\/wp\/v2\/types\/product"}],"replies":[{"embeddable":true,"href":"https:\/\/sklep.thepartners.pl\/cs\/wp-json\/wp\/v2\/comments?post=6533"}],"wp:featuredmedia":[{"embeddable":true,"href":"https:\/\/sklep.thepartners.pl\/cs\/wp-json\/wp\/v2\/media\/519"}],"wp:attachment":[{"href":"https:\/\/sklep.thepartners.pl\/cs\/wp-json\/wp\/v2\/media?parent=6533"}],"wp:term":[{"taxonomy":"product_brand","embeddable":true,"href":"https:\/\/sklep.thepartners.pl\/cs\/wp-json\/wp\/v2\/product_brand?post=6533"},{"taxonomy":"product_cat","embeddable":true,"href":"https:\/\/sklep.thepartners.pl\/cs\/wp-json\/wp\/v2\/product_cat?post=6533"},{"taxonomy":"product_tag","embeddable":true,"href":"https:\/\/sklep.thepartners.pl\/cs\/wp-json\/wp\/v2\/product_tag?post=6533"}],"curies":[{"name":"wp","href":"https:\/\/api.w.org\/{rel}","templated":true}]}}