{"id":6701,"date":"2024-10-07T13:54:41","date_gmt":"2024-10-07T11:54:41","guid":{"rendered":"https:\/\/sklep.thepartners.pl\/?post_type=product&#038;p=6701"},"modified":"2024-10-07T14:02:00","modified_gmt":"2024-10-07T12:02:00","slug":"polyuretanove-lepidlo-na-polystyren-to-kps-xxl-850ml-kopia","status":"publish","type":"product","link":"https:\/\/sklep.thepartners.pl\/cs\/produkt\/polyuretanove-lepidlo-na-polystyren-to-kps-xxl-850ml-kopia\/","title":{"rendered":"Polyuretanov\u00e9 lepidlo na polystyren TO-KPS XXL 850ml 12ks"},"content":{"rendered":"<p>Poliuretanov\u00fd lepidlo na polystyren TO-KPS XXL o objemu 850 ml je nezbytnou sou\u010d\u00e1st\u00ed izola\u010dn\u00edch syst\u00e9m\u016f Termo Organika\u00ae. Nab\u00edz\u00ed rychlou, snadnou a pohodlnou aplikaci, a vynikaj\u00edc\u00ed p\u0159ilnavost k miner\u00e1ln\u00edm podklad\u016fm styropianu (EPS) a XPS. Lepidlo je charakterizov\u00e1no vysokou trvanlivost\u00ed a tepelnou izolac\u00ed, eliminuje tepeln\u00e9 mosty a je \u010dist\u00e9 p\u0159i pou\u017eit\u00ed, neobsahuje rozpou\u0161t\u011bdla ani freony.<\/p>\n<p><strong>Pou\u017eit\u00ed a vlastnosti:<\/strong><\/p>\n<ul>\n<li>V\u00fdkon a\u017e 17 m\u00b2.<\/li>\n<li>Mo\u017enost kotven\u00ed ji\u017e po 2 hodin\u00e1ch od aplikace.<\/li>\n<li>P\u0159\u00edprava podkladu: ka\u017ed\u00fd podklad mus\u00ed b\u00fdt hutn\u00fd, rovn\u00fd, pevn\u00fd, such\u00fd, \u010dist\u00fd a bez vrstev sni\u017euj\u00edc\u00edch p\u0159ilnavost (tuk, prach, apod.). Star\u00e9 voln\u00e9 om\u00edtky a odlupuj\u00edc\u00ed se barvy je t\u0159eba odstranit, a men\u0161\u00ed nerovnosti a d\u00edry opravit.<\/li>\n<li>Mont\u00e1\u017en\u00ed pokyny: p\u0159ed pou\u017eit\u00edm intenzivn\u011b prot\u0159epat asi 30 sekund. Lepidlo nan\u00e1\u0161et na polystyrenovou desku pruhem \u0161\u00ed\u0159ky cca 3 cm, kter\u00fdm se obepne okraj a st\u0159ed desky. Po nanesen\u00ed lepidla po\u010dkejte asi 5 minut (p\u0159i teplot\u011b 20\u00b0C) nebo 7-8 minut (p\u0159i teplot\u011b -5\u00b0C) p\u0159ed p\u0159ilo\u017een\u00edm k zateplen\u00e9 st\u011bn\u011b.<\/li>\n<\/ul>\n","protected":false},"excerpt":{"rendered":"<blockquote><p><strong>Spot\u0159eba:<\/strong><\/p>\n<ul>\n<li><strong>Zalo\u017een\u00ed: do 14 m2<\/strong><\/li>\n<li><strong>Syst\u00e9m ETICS: do 10m2<\/strong><\/li>\n<li><strong>Lepen\u00ed s\u00e1drokartonov\u00fdch desek v z\u00e1vislosti na rovinnosti podkladu: do 17 m2<\/strong><\/li>\n<\/ul>\n<p><strong>Su\u0161en\u00ed:<\/strong><\/p>\n<ul>\n<li><strong>Doba korekce: do 10 minut<\/strong><\/li>\n<li><strong>Doba zap\u00edn\u00e1n\u00ed: cca 2 hodiny<\/strong><\/li>\n<\/ul>\n<p><strong>\u010ci\u0161t\u011bn\u00ed n\u00e1\u0159ad\u00ed \u010cisti\u010d, aceton &#8211; ihned po pou\u017eit\u00ed.<\/strong><\/p>\n<p><strong>Pozn\u00e1mka &#8211; \u010disti\u010d PUR p\u011bny nesm\u00ed p\u0159ij\u00edt do styku s polystyrenem, velmi rychle jej rozpou\u0161t\u00ed.<\/strong><\/p><\/blockquote>\n","protected":false},"featured_media":6703,"comment_status":"open","ping_status":"closed","template":"","meta":{"_acf_changed":false},"product_brand":[],"product_cat":[143,145],"product_tag":[915],"class_list":{"0":"post-6701","1":"product","2":"type-product","3":"status-publish","4":"has-post-thumbnail","6":"product_cat-tepelne-izolace","7":"product_cat-lepidla-pro-tepelnou-izolaci","8":"product_tag-klej-cs","9":"product_shipping_class-transport-gratis-cs","10":"pa_darmowa-dostawa-ano","11":"pa_pojemnosc-750ml-cs","12":"pa_producent-termo-organika-cs","14":"first","15":"instock","16":"taxable","17":"shipping-taxable","18":"purchasable","19":"product-type-simple"},"acf":[],"_links":{"self":[{"href":"https:\/\/sklep.thepartners.pl\/cs\/wp-json\/wp\/v2\/product\/6701","targetHints":{"allow":["GET"]}}],"collection":[{"href":"https:\/\/sklep.thepartners.pl\/cs\/wp-json\/wp\/v2\/product"}],"about":[{"href":"https:\/\/sklep.thepartners.pl\/cs\/wp-json\/wp\/v2\/types\/product"}],"replies":[{"embeddable":true,"href":"https:\/\/sklep.thepartners.pl\/cs\/wp-json\/wp\/v2\/comments?post=6701"}],"wp:featuredmedia":[{"embeddable":true,"href":"https:\/\/sklep.thepartners.pl\/cs\/wp-json\/wp\/v2\/media\/6703"}],"wp:attachment":[{"href":"https:\/\/sklep.thepartners.pl\/cs\/wp-json\/wp\/v2\/media?parent=6701"}],"wp:term":[{"taxonomy":"product_brand","embeddable":true,"href":"https:\/\/sklep.thepartners.pl\/cs\/wp-json\/wp\/v2\/product_brand?post=6701"},{"taxonomy":"product_cat","embeddable":true,"href":"https:\/\/sklep.thepartners.pl\/cs\/wp-json\/wp\/v2\/product_cat?post=6701"},{"taxonomy":"product_tag","embeddable":true,"href":"https:\/\/sklep.thepartners.pl\/cs\/wp-json\/wp\/v2\/product_tag?post=6701"}],"curies":[{"name":"wp","href":"https:\/\/api.w.org\/{rel}","templated":true}]}}