{"id":6829,"date":"2024-10-10T08:53:20","date_gmt":"2024-10-10T06:53:20","guid":{"rendered":"https:\/\/sklep.thepartners.pl\/produkt\/poziomnica-pro900-heavy-duty-dwustronnie-frezowana-80cm\/"},"modified":"2024-10-10T13:28:30","modified_gmt":"2024-10-10T11:28:30","slug":"poziomnica-pro900-heavy-duty-dwustronnie-frezowana-80cm","status":"publish","type":"product","link":"https:\/\/sklep.thepartners.pl\/cs\/produkt\/poziomnica-pro900-heavy-duty-dwustronnie-frezowana-80cm\/","title":{"rendered":"\u00darove\u0148 PRO900 HEAVY DUTY oboustrann\u011b fr\u00e9zovan\u00e9 80cm"},"content":{"rendered":"<p><strong>\u00darove\u0148 PRO900 HEAVY DUTY <\/strong>je profesion\u00e1ln\u00ed m\u011b\u0159ic\u00ed n\u00e1stroj vytvo\u0159en\u00fd pro nejn\u00e1ro\u010dn\u011bj\u0161\u00ed u\u017eivatele, kte\u0159\u00ed oce\u0148uj\u00ed p\u0159esnost, odolnost a pohodl\u00ed. Tento model vodov\u00e1hy se vyzna\u010duje pevnou, \u010dern\u011b lakovanou konstrukc\u00ed a oboustrann\u011b fr\u00e9zovan\u00fdm povrchem, kter\u00fd zaji\u0161\u0165uje mimo\u0159\u00e1dnou p\u0159esnost m\u011b\u0159en\u00ed i v t\u011bch nejt\u011b\u017e\u0161\u00edch pracovn\u00edch podm\u00ednk\u00e1ch.<\/p>\n<p>Integrovan\u00e1 madla usnad\u0148uj\u00ed bezpe\u010dn\u00e9 a pohodln\u00e9 pou\u017e\u00edv\u00e1n\u00ed a p\u0159en\u00e1\u0161en\u00ed n\u00e1\u0159ad\u00ed p\u0159i stavebn\u00edch prac\u00edch. <strong>PRO900 HEAVY DUTY<\/strong> byl navr\u017een pro intenzivn\u00ed pou\u017eit\u00ed na stavb\u00e1ch, co\u017e zaru\u010duje jeho \u017eivotnost a odolnost proti mechanick\u00e9mu po\u0161kozen\u00ed.<\/p>\n","protected":false},"excerpt":{"rendered":"<ul>\n<li><strong>P\u0159esnost m\u011b\u0159en\u00ed<\/strong><\/li>\n<li><strong>Pevn\u00e1 konstrukce<\/strong><\/li>\n<li><strong>Kliky<\/strong><\/li>\n<li><strong>Vysok\u00e1 odolnost<\/strong><\/li>\n<li><strong>Estetick\u00fd vzhled<\/strong><\/li>\n<\/ul>\n","protected":false},"featured_media":6827,"comment_status":"open","ping_status":"closed","template":"","meta":{"_acf_changed":false},"product_brand":[],"product_cat":[1029],"product_tag":[1129],"class_list":{"0":"post-6829","1":"product","2":"type-product","3":"status-publish","4":"has-post-thumbnail","6":"product_cat-vodovahy-a-tyce","7":"product_tag-poziomica-cs","8":"product_shipping_class-kurier-cs","10":"first","11":"instock","12":"taxable","13":"shipping-taxable","14":"purchasable","15":"product-type-simple"},"acf":[],"_links":{"self":[{"href":"https:\/\/sklep.thepartners.pl\/cs\/wp-json\/wp\/v2\/product\/6829","targetHints":{"allow":["GET"]}}],"collection":[{"href":"https:\/\/sklep.thepartners.pl\/cs\/wp-json\/wp\/v2\/product"}],"about":[{"href":"https:\/\/sklep.thepartners.pl\/cs\/wp-json\/wp\/v2\/types\/product"}],"replies":[{"embeddable":true,"href":"https:\/\/sklep.thepartners.pl\/cs\/wp-json\/wp\/v2\/comments?post=6829"}],"wp:featuredmedia":[{"embeddable":true,"href":"https:\/\/sklep.thepartners.pl\/cs\/wp-json\/wp\/v2\/media\/6827"}],"wp:attachment":[{"href":"https:\/\/sklep.thepartners.pl\/cs\/wp-json\/wp\/v2\/media?parent=6829"}],"wp:term":[{"taxonomy":"product_brand","embeddable":true,"href":"https:\/\/sklep.thepartners.pl\/cs\/wp-json\/wp\/v2\/product_brand?post=6829"},{"taxonomy":"product_cat","embeddable":true,"href":"https:\/\/sklep.thepartners.pl\/cs\/wp-json\/wp\/v2\/product_cat?post=6829"},{"taxonomy":"product_tag","embeddable":true,"href":"https:\/\/sklep.thepartners.pl\/cs\/wp-json\/wp\/v2\/product_tag?post=6829"}],"curies":[{"name":"wp","href":"https:\/\/api.w.org\/{rel}","templated":true}]}}