{"id":6851,"date":"2024-10-11T08:01:08","date_gmt":"2024-10-11T06:01:08","guid":{"rendered":"https:\/\/sklep.thepartners.pl\/?post_type=product&#038;p=6851"},"modified":"2025-03-05T14:52:17","modified_gmt":"2025-03-05T13:52:17","slug":"poziomnica-pro800-czerwona-z-uchwytami-80cm-prom","status":"publish","type":"product","link":"https:\/\/sklep.thepartners.pl\/cs\/produkt\/poziomnica-pro800-czerwona-z-uchwytami-80cm-prom\/","title":{"rendered":"Vodov\u00e1ha PRO800 \u010derven\u00e1 s rukojet\u00ed 80cm PROM"},"content":{"rendered":"<p><strong>Vodov\u00e1ha PRO800 <\/strong>je profesion\u00e1ln\u00ed m\u011b\u0159ic\u00ed p\u0159\u00edstroj ur\u010den\u00fd pro p\u0159esn\u00e9 stavebn\u00ed a renova\u010dn\u00ed pr\u00e1ce. Vyzna\u010duje se pevnou konstrukc\u00ed, lakovanou \u010dervenou barvou, kter\u00e1 zaji\u0161\u0165uje \u017eivotnost a odolnost proti po\u0161kozen\u00ed. Vodov\u00e1ha PRO800 vybaven\u00e1 pohodln\u00fdmi rukoje\u0165mi je nejen p\u0159esn\u00e1, ale tak\u00e9 pohodln\u00e1 na pou\u017e\u00edv\u00e1n\u00ed, co\u017e usnad\u0148uje pr\u00e1ci na stavb\u011b i v d\u00edln\u011b.<\/p>\n<p>Vodov\u00e1ha d\u00edky pou\u017eit\u00ed vysoce kvalitn\u00edch materi\u00e1l\u016f a precizn\u00edmu zpracov\u00e1n\u00ed zaru\u010duje vynikaj\u00edc\u00ed p\u0159esnost m\u011b\u0159en\u00ed. Jedn\u00e1 se o nenahraditeln\u00fd n\u00e1stroj pro profesion\u00e1ly i n\u00e1ro\u010dn\u00e9 kutily.<\/p>\n","protected":false},"excerpt":{"rendered":"<ul>\n<li>P\u0159esn\u00e1 m\u011b\u0159en\u00ed<\/li>\n<li>Odoln\u00e9 bydlen\u00ed<\/li>\n<li>Ergonomick\u00e9 rukojeti<\/li>\n<li>Lehk\u00fd a p\u0159itom pevn\u00fd<\/li>\n<\/ul>\n","protected":false},"featured_media":6846,"comment_status":"open","ping_status":"closed","template":"","meta":{"_acf_changed":false},"product_brand":[],"product_cat":[1029],"product_tag":[1129],"class_list":{"0":"post-6851","1":"product","2":"type-product","3":"status-publish","4":"has-post-thumbnail","6":"product_cat-vodovahy-a-tyce","7":"product_tag-poziomica-cs","8":"product_shipping_class-kurier-cs","9":"pa_dlugosc-80cm-cs","11":"first","12":"instock","13":"taxable","14":"shipping-taxable","15":"purchasable","16":"product-type-simple"},"acf":[],"_links":{"self":[{"href":"https:\/\/sklep.thepartners.pl\/cs\/wp-json\/wp\/v2\/product\/6851","targetHints":{"allow":["GET"]}}],"collection":[{"href":"https:\/\/sklep.thepartners.pl\/cs\/wp-json\/wp\/v2\/product"}],"about":[{"href":"https:\/\/sklep.thepartners.pl\/cs\/wp-json\/wp\/v2\/types\/product"}],"replies":[{"embeddable":true,"href":"https:\/\/sklep.thepartners.pl\/cs\/wp-json\/wp\/v2\/comments?post=6851"}],"wp:featuredmedia":[{"embeddable":true,"href":"https:\/\/sklep.thepartners.pl\/cs\/wp-json\/wp\/v2\/media\/6846"}],"wp:attachment":[{"href":"https:\/\/sklep.thepartners.pl\/cs\/wp-json\/wp\/v2\/media?parent=6851"}],"wp:term":[{"taxonomy":"product_brand","embeddable":true,"href":"https:\/\/sklep.thepartners.pl\/cs\/wp-json\/wp\/v2\/product_brand?post=6851"},{"taxonomy":"product_cat","embeddable":true,"href":"https:\/\/sklep.thepartners.pl\/cs\/wp-json\/wp\/v2\/product_cat?post=6851"},{"taxonomy":"product_tag","embeddable":true,"href":"https:\/\/sklep.thepartners.pl\/cs\/wp-json\/wp\/v2\/product_tag?post=6851"}],"curies":[{"name":"wp","href":"https:\/\/api.w.org\/{rel}","templated":true}]}}