{"id":6859,"date":"2024-10-11T08:01:24","date_gmt":"2024-10-11T06:01:24","guid":{"rendered":"https:\/\/sklep.thepartners.pl\/?post_type=product&#038;p=6859"},"modified":"2025-07-21T12:38:59","modified_gmt":"2025-07-21T10:38:59","slug":"poziomnica-pro800-czerwona-z-uchwytami-180cm","status":"publish","type":"product","link":"https:\/\/sklep.thepartners.pl\/cs\/produkt\/poziomnica-pro800-czerwona-z-uchwytami-180cm\/","title":{"rendered":"Poziomica PRO800 czerwona z uchwytami 180cm"},"content":{"rendered":"<p><strong>Poziomnica PRO800<\/strong> to profesjonalne narz\u0119dzie pomiarowe przeznaczone do dok\u0142adnych prac budowlanych i remontowych. Charakteryzuje si\u0119 solidn\u0105 konstrukcj\u0105, malowan\u0105 na czerwono, kt\u00f3ra zapewnia trwa\u0142o\u015b\u0107 i odporno\u015b\u0107 na uszkodzenia. Wyposa\u017cona w wygodne uchwyty, poziomnica <strong>PRO800<\/strong> jest nie tylko precyzyjna, ale tak\u017ce wygodna w u\u017cyciu, co u\u0142atwia prac\u0119 na placu budowy i w warsztacie.<\/p>\n<p>Dzi\u0119ki zastosowaniu wysokiej jako\u015bci materia\u0142\u00f3w oraz dok\u0142adnemu wykonaniu, poziomnica gwarantuje doskona\u0142\u0105 precyzj\u0119 pomiar\u00f3w. To niezast\u0105pione narz\u0119dzie zar\u00f3wno dla profesjonalist\u00f3w, jak i wymagaj\u0105cych majsterkowicz\u00f3w.<\/p>\n","protected":false},"excerpt":{"rendered":"<ul>\n<li><strong>Precyzyjne pomiary<\/strong><\/li>\n<li><strong>Wytrzyma\u0142a obudowa<\/strong><\/li>\n<li><strong>Ergonomiczne uchwyty<\/strong><\/li>\n<li><strong>Lekka, a jednocze\u015bnie solidna<\/strong><\/li>\n<\/ul>\n","protected":false},"featured_media":6846,"comment_status":"open","ping_status":"closed","template":"","meta":{"_acf_changed":false},"product_brand":[],"product_cat":[1029],"product_tag":[1129],"class_list":{"0":"post-6859","1":"product","2":"type-product","3":"status-publish","4":"has-post-thumbnail","6":"product_cat-vodovahy-a-tyce","7":"product_tag-poziomica-cs","8":"product_shipping_class-kurier-cs","9":"pa_dlugosc-180cm-cs","11":"first","12":"instock","13":"taxable","14":"shipping-taxable","15":"purchasable","16":"product-type-simple"},"acf":[],"_links":{"self":[{"href":"https:\/\/sklep.thepartners.pl\/cs\/wp-json\/wp\/v2\/product\/6859","targetHints":{"allow":["GET"]}}],"collection":[{"href":"https:\/\/sklep.thepartners.pl\/cs\/wp-json\/wp\/v2\/product"}],"about":[{"href":"https:\/\/sklep.thepartners.pl\/cs\/wp-json\/wp\/v2\/types\/product"}],"replies":[{"embeddable":true,"href":"https:\/\/sklep.thepartners.pl\/cs\/wp-json\/wp\/v2\/comments?post=6859"}],"wp:featuredmedia":[{"embeddable":true,"href":"https:\/\/sklep.thepartners.pl\/cs\/wp-json\/wp\/v2\/media\/6846"}],"wp:attachment":[{"href":"https:\/\/sklep.thepartners.pl\/cs\/wp-json\/wp\/v2\/media?parent=6859"}],"wp:term":[{"taxonomy":"product_brand","embeddable":true,"href":"https:\/\/sklep.thepartners.pl\/cs\/wp-json\/wp\/v2\/product_brand?post=6859"},{"taxonomy":"product_cat","embeddable":true,"href":"https:\/\/sklep.thepartners.pl\/cs\/wp-json\/wp\/v2\/product_cat?post=6859"},{"taxonomy":"product_tag","embeddable":true,"href":"https:\/\/sklep.thepartners.pl\/cs\/wp-json\/wp\/v2\/product_tag?post=6859"}],"curies":[{"name":"wp","href":"https:\/\/api.w.org\/{rel}","templated":true}]}}