{"id":6885,"date":"2024-10-14T11:10:16","date_gmt":"2024-10-14T09:10:16","guid":{"rendered":"https:\/\/sklep.thepartners.pl\/?post_type=product&#038;p=6885"},"modified":"2024-10-14T11:11:50","modified_gmt":"2024-10-14T09:11:50","slug":"okapova-spojka-75-tmave-hneda-gamrat-kopia-2","status":"publish","type":"product","link":"https:\/\/sklep.thepartners.pl\/cs\/produkt\/okapova-spojka-75-tmave-hneda-gamrat-kopia-2\/","title":{"rendered":"Okapov\u00e1 Spojka 100 Tmav\u011b hn\u011bd\u00e1 Gamrat"},"content":{"rendered":"<p>Okapov\u00e9 syst\u00e9my Gamrat z PVC jsou spolehliv\u00fdm \u0159e\u0161en\u00edm pro odv\u00e1d\u011bn\u00ed vody z jak\u00e9koliv st\u0159echy, kter\u00e9 obst\u00e1ly i v t\u011bch nejn\u00e1ro\u010dn\u011bj\u0161\u00edch klimatick\u00fdch podm\u00ednk\u00e1ch. Ji\u017e v\u00edce ne\u017e 25 let firma GAMRAT SA zdokonaluje sv\u00e9 v\u00fdrobky, \u010d\u00edm\u017e zaji\u0161\u0165uje jejich trvanlivost, t\u011bsnost a mechanickou odolnost. Tyto okapy se vyzna\u010duj\u00ed hlubok\u00fdm, parabolick\u00fdm tvarem, kter\u00fd spole\u010dn\u011b s hladk\u00fdm povrchem zaji\u0161\u0165uje vynikaj\u00edc\u00ed pr\u016ftok vody i p\u0159i siln\u00fdch de\u0161t\u00edch. D\u00edky vysok\u00e9 odolnosti v\u016f\u010di zm\u011bn\u00e1m teplot, pr\u016fmyslov\u00fdm ne\u010distot\u00e1m a kysel\u00fdm de\u0161\u0165\u016fm se syst\u00e9my Gamrat skv\u011ble hod\u00ed do jak\u00e9hokoliv prost\u0159ed\u00ed. Mont\u00e1\u017e je rychl\u00e1 a jednoduch\u00e1, co\u017e p\u0159edstavuje ekonomick\u00e9 \u0159e\u0161en\u00ed pro investory i realiza\u010dn\u00ed firmy. Okapy jsou nab\u00edzeny v trvanliv\u00fdch barv\u00e1ch a nevy\u017eaduj\u00ed malov\u00e1n\u00ed, co\u017e zaru\u010duje dlouhodobou estetiku. D\u00edky zes\u00edlen\u00fdm dr\u017e\u00e1k\u016fm maj\u00ed vysokou nosnost, chr\u00e1n\u00ed p\u0159ed po\u0161kozen\u00edm nap\u0159. sn\u011bhem. V\u00fdrobek m\u00e1 10letou z\u00e1ruku.<\/p>\n","protected":false},"excerpt":{"rendered":"<p>Okapov\u00e9 syst\u00e9my Gamrat z PVC jsou spolehliv\u00fdm \u0159e\u0161en\u00edm pro odv\u00e1d\u011bn\u00ed vody z jak\u00e9koliv st\u0159echy, kter\u00e9 obst\u00e1ly i v t\u011bch nejn\u00e1ro\u010dn\u011bj\u0161\u00edch<\/p>\n","protected":false},"featured_media":6879,"comment_status":"open","ping_status":"closed","template":"","meta":{"_acf_changed":false},"product_brand":[],"product_cat":[156,985,1001],"product_tag":[1127],"class_list":{"0":"post-6885","1":"product","2":"type-product","3":"status-publish","4":"has-post-thumbnail","6":"product_cat-stavebni-materialy","7":"product_cat-okapy-a-svody","8":"product_cat-prislusenstvi-2","9":"product_tag-gamrat-cs","10":"product_shipping_class-kurier-cs","11":"pa_producent-gamrat-cs","13":"first","14":"instock","15":"taxable","16":"shipping-taxable","17":"purchasable","18":"product-type-simple"},"acf":[],"_links":{"self":[{"href":"https:\/\/sklep.thepartners.pl\/cs\/wp-json\/wp\/v2\/product\/6885","targetHints":{"allow":["GET"]}}],"collection":[{"href":"https:\/\/sklep.thepartners.pl\/cs\/wp-json\/wp\/v2\/product"}],"about":[{"href":"https:\/\/sklep.thepartners.pl\/cs\/wp-json\/wp\/v2\/types\/product"}],"replies":[{"embeddable":true,"href":"https:\/\/sklep.thepartners.pl\/cs\/wp-json\/wp\/v2\/comments?post=6885"}],"wp:featuredmedia":[{"embeddable":true,"href":"https:\/\/sklep.thepartners.pl\/cs\/wp-json\/wp\/v2\/media\/6879"}],"wp:attachment":[{"href":"https:\/\/sklep.thepartners.pl\/cs\/wp-json\/wp\/v2\/media?parent=6885"}],"wp:term":[{"taxonomy":"product_brand","embeddable":true,"href":"https:\/\/sklep.thepartners.pl\/cs\/wp-json\/wp\/v2\/product_brand?post=6885"},{"taxonomy":"product_cat","embeddable":true,"href":"https:\/\/sklep.thepartners.pl\/cs\/wp-json\/wp\/v2\/product_cat?post=6885"},{"taxonomy":"product_tag","embeddable":true,"href":"https:\/\/sklep.thepartners.pl\/cs\/wp-json\/wp\/v2\/product_tag?post=6885"}],"curies":[{"name":"wp","href":"https:\/\/api.w.org\/{rel}","templated":true}]}}