{"id":6917,"date":"2024-10-15T13:51:36","date_gmt":"2024-10-15T11:51:36","guid":{"rendered":"https:\/\/sklep.thepartners.pl\/produkt\/renowator-520-tynk-renowacyjny-podkladowy\/"},"modified":"2024-10-15T14:09:06","modified_gmt":"2024-10-15T12:09:06","slug":"renowator-520-tynk-renowacyjny-podkladowy","status":"publish","type":"product","link":"https:\/\/sklep.thepartners.pl\/cs\/produkt\/renowator-520-tynk-renowacyjny-podkladowy\/","title":{"rendered":"RENOWATOR 520 \u2013 Z\u00e1kladn\u00ed Sana\u010dn\u00ed Om\u00edtka"},"content":{"rendered":"<p>Renov\u00e1tor 520 je speci\u00e1ln\u00ed om\u00edtkov\u00e1 sm\u011bs ur\u010den\u00e1 pro nan\u00e1\u0161en\u00ed podkladov\u00e9 a vyrovn\u00e1vac\u00ed vrstvy na vlhk\u00e9 a zasolen\u00e9 zdivo. Pou\u017e\u00edv\u00e1 se p\u0159ed aplikac\u00ed renova\u010dn\u00ed om\u00edtky Renov\u00e1tor 540 nebo jako vyrovn\u00e1vac\u00ed sm\u011bs na podkladech se zv\u00fd\u0161enou vlhkost\u00ed a\/nebo zasolen\u00edm. Vhodn\u00fd pro pou\u017eit\u00ed uvnit\u0159 i vn\u011b budov. Po vytvrzen\u00ed je schopn\u00fd dlouhodob\u011b akumulovat miner\u00e1ln\u00ed soli, \u010d\u00edm\u017e chr\u00e1n\u00ed strukturu st\u011bn. Renov\u00e1tor 520 je sou\u010d\u00e1st\u00ed syst\u00e9mu renova\u010dn\u00edch om\u00edtek SEMPRE RENOVATOR a je ide\u00e1ln\u00edm \u0159e\u0161en\u00edm pro renovaci historick\u00fdch objekt\u016f. Ur\u010deno pro ru\u010dn\u00ed aplikaci.<\/p>\n<p><strong>Podlo\u017e\u00ed:<\/strong><br \/>\nPodklad by m\u011bl b\u00fdt nosn\u00fd a zbaven\u00fd prachu, ne\u010distot a mastnoty. Star\u00e9 om\u00edtky a n\u00e1t\u011bry je nutn\u00e9 odstranit. Po\u0161kozen\u00e9 klouby<br \/>\n\u0159ez do hloubky 2 cm. M\u00edsta obsahuj\u00edc\u00ed mech a \u0159asy vy\u010dist\u011bte ocelov\u00fdmi kart\u00e1\u010di a pot\u00e9 dezinfikujte<br \/>\nALGHESIL odstra\u0148ova\u010d \u0159as a pl\u00edsn\u00ed. P\u0159ed aplikac\u00ed podklad navlh\u010dete post\u0159ikem vodou. Aby se zlep\u0161il<br \/>\npro p\u0159ilnavost naneste n\u00e1t\u011br RENOWATOR 500 na 50 % povrchu st\u011bny.<\/p>\n<p><strong>P\u0159\u00edprava produktu:<\/strong><br \/>\nObsah balen\u00ed RENOWATOR 520 postupn\u011b nalijte do 6,0\u20136,5 l vody, prom\u00edchejte mechanick\u00fdm m\u00edchadlem,<br \/>\ndokud se nez\u00edsk\u00e1 homogenn\u00ed hmota bez hrudek, ale ne m\u00e9n\u011b ne\u017e 3 minuty. Doba pou\u017eitelnosti po sm\u00edch\u00e1n\u00ed s vodou<br \/>\nmalta je cca 2 hod. Zatvrdlou maltu neo\u0161et\u0159ujte vodou ani nem\u00edchejte s \u010derstvou maltou &#8211; dojde k jej\u00ed ztr\u00e1t\u011b<br \/>\nv\u00fdkonnostn\u00ed vlastnosti.<\/p>\n<p><strong>Aplikace:<\/strong><br \/>\nNan\u00e1\u0161ejte pomoc\u00ed zednick\u00e9 l\u017e\u00edce a hlad\u00edtka (1-2 cm v jednom pr\u016fchodu). Pro v\u011bt\u0161\u00ed tlou\u0161\u0165ky nan\u00e1\u0161ejte postupn\u011b. Ka\u017ed\u00fd jeden<br \/>\np\u0159edchoz\u00ed vrstvu je t\u0159eba vodorovn\u011b se\u0161kr\u00e1bat a nechat zaschnout. Doporu\u010den\u00e1 tlou\u0161\u0165ka vrstvy: viz tabulka.<br \/>\nAplika\u010dn\u00ed teplota: 5 a\u017e 25\u00b0C (vzduch a podklad). Vyhn\u011bte se pr\u00e1ci na slunn\u00e9m povrchu nebo za de\u0161t\u011b<br \/>\na p\u0159i siln\u00e9m v\u011btru.<\/p>\n","protected":false},"excerpt":{"rendered":"<blockquote><p><strong>Vhodn\u00e9 pro ru\u010dn\u00ed i strojn\u00ed aplikaci<\/strong><\/p>\n<p><strong>Snadno se s n\u00edm pracuje<\/strong><\/p>\n<p><strong>Vyrovn\u00e1v\u00e1 povrch<\/strong><\/p>\n<p><strong>Akumuluje miner\u00e1ln\u00ed soli<\/strong><\/p>\n<p><strong>Vysok\u00e1 p\u00f3rovitost<\/strong><\/p>\n<p><strong>Dobr\u00e1 propustnost vodn\u00ed p\u00e1ry<\/strong><\/p><\/blockquote>\n","protected":false},"featured_media":6914,"comment_status":"open","ping_status":"closed","template":"","meta":{"_acf_changed":false},"product_brand":[],"product_cat":[1138,137],"product_tag":[1141],"class_list":{"0":"post-6917","1":"product","2":"type-product","3":"status-publish","4":"has-post-thumbnail","6":"product_cat-renovacni-system","7":"product_cat-stavebni-chemie","8":"product_tag-renowator-sempre-cs","9":"product_shipping_class-osobna-paczka","10":"pa_bazowy-srodek-wiazacy-cement-cs","11":"pa_producent-sempre-cs","12":"pa_zuzycie-85-kg-m2-cm-cs","14":"first","15":"onbackorder","16":"taxable","17":"shipping-taxable","18":"purchasable","19":"product-type-simple"},"acf":[],"_links":{"self":[{"href":"https:\/\/sklep.thepartners.pl\/cs\/wp-json\/wp\/v2\/product\/6917","targetHints":{"allow":["GET"]}}],"collection":[{"href":"https:\/\/sklep.thepartners.pl\/cs\/wp-json\/wp\/v2\/product"}],"about":[{"href":"https:\/\/sklep.thepartners.pl\/cs\/wp-json\/wp\/v2\/types\/product"}],"replies":[{"embeddable":true,"href":"https:\/\/sklep.thepartners.pl\/cs\/wp-json\/wp\/v2\/comments?post=6917"}],"wp:featuredmedia":[{"embeddable":true,"href":"https:\/\/sklep.thepartners.pl\/cs\/wp-json\/wp\/v2\/media\/6914"}],"wp:attachment":[{"href":"https:\/\/sklep.thepartners.pl\/cs\/wp-json\/wp\/v2\/media?parent=6917"}],"wp:term":[{"taxonomy":"product_brand","embeddable":true,"href":"https:\/\/sklep.thepartners.pl\/cs\/wp-json\/wp\/v2\/product_brand?post=6917"},{"taxonomy":"product_cat","embeddable":true,"href":"https:\/\/sklep.thepartners.pl\/cs\/wp-json\/wp\/v2\/product_cat?post=6917"},{"taxonomy":"product_tag","embeddable":true,"href":"https:\/\/sklep.thepartners.pl\/cs\/wp-json\/wp\/v2\/product_tag?post=6917"}],"curies":[{"name":"wp","href":"https:\/\/api.w.org\/{rel}","templated":true}]}}